{"id":3,"date":"2022-05-13T00:27:43","date_gmt":"2022-05-13T03:27:43","guid":{"rendered":"https:\/\/flexvet.ind.br\/?page_id=3"},"modified":"2022-07-10T16:30:27","modified_gmt":"2022-07-10T19:30:27","slug":"politica-de-privacidade-2","status":"publish","type":"page","link":"https:\/\/flexvet.ind.br\/en\/politica-de-privacidade-2\/","title":{"rendered":"Pol\u00edtica de privacidade"},"content":{"rendered":"<div data-elementor-type=\"wp-page\" data-elementor-id=\"3\" class=\"elementor elementor-3\" data-elementor-post-type=\"page\">\n\t\t\t\t\t\t<section data-particle_enable=\"false\" data-particle-mobile-disabled=\"false\" class=\"elementor-section elementor-top-section elementor-element elementor-element-d4fc8f9 elementor-section-full_width elementor-section-height-default elementor-section-height-default wd-section-disabled\" data-id=\"d4fc8f9\" data-element_type=\"section\">\n\t\t\t\t\t\t<div class=\"elementor-container elementor-column-gap-default\">\n\t\t\t\t\t<div class=\"elementor-column elementor-col-100 elementor-top-column elementor-element elementor-element-696a72a\" data-id=\"696a72a\" data-element_type=\"column\">\n\t\t\t<div class=\"elementor-widget-wrap elementor-element-populated\">\n\t\t\t\t\t\t<div class=\"elementor-element elementor-element-ef917aa color-scheme-inherit text-left elementor-widget elementor-widget-text-editor\" data-id=\"ef917aa\" data-element_type=\"widget\" data-widget_type=\"text-editor.default\">\n\t\t\t\t<div class=\"elementor-widget-container\">\n\t\t\t<style>\/*! elementor - v3.23.0 - 05-08-2024 *\/\n.elementor-widget-text-editor.elementor-drop-cap-view-stacked .elementor-drop-cap{background-color:#69727d;color:#fff}.elementor-widget-text-editor.elementor-drop-cap-view-framed .elementor-drop-cap{color:#69727d;border:3px solid;background-color:transparent}.elementor-widget-text-editor:not(.elementor-drop-cap-view-default) .elementor-drop-cap{margin-top:8px}.elementor-widget-text-editor:not(.elementor-drop-cap-view-default) .elementor-drop-cap-letter{width:1em;height:1em}.elementor-widget-text-editor .elementor-drop-cap{float:left;text-align:center;line-height:1;font-size:50px}.elementor-widget-text-editor .elementor-drop-cap-letter{display:inline-block}<\/style>\t\t\t\t<h1 id=\"pol\u00edtica-de-privacidade\">POL\u00cdTICA DE PRIVACIDADE<\/h1><div class=\"help-content-text\"><p>Sabemos que voc\u00ea se preocupa com a forma como suas informa\u00e7\u00f5es s\u00e3o usadas e compartilhadas e agradecemos sua confian\u00e7a de que cuidaremos delas com cuidado e sensatez. Esta Pol\u00edtica de Dados e de Privacidade descreve como coletamos e tratamos suas informa\u00e7\u00f5es pessoais obtidas em web sites, dispositivos, produtos, servi\u00e7os, lojas e aplicativos da <strong>FLEXVET.IND.BR<\/strong><\/p><h3 id=\"uso-das-informa\u00e7\u00f5es\">1. CONTROLADORES DE INFORMA\u00c7\u00d5ES PESSOAIS<\/h3><p><strong>FLEXVET.IND.BR<\/strong><strong>\u00a0<\/strong>COM\u00c9RCIO ELETR\u00d4NICO, com endere\u00e7o na Rodovia PR 182, Km 320 &#8211; Condom\u00ednio Industrial 1 &#8211; Biopark Toledo &#8211; PR <strong>FLEXVET.IND.BR<\/strong>\u00a0\u00e9 controladora de dados pessoais coletados e tratados pelos servi\u00e7os do site <strong>FLEXVET.IND.BR<\/strong><\/p><h3 id=\"compartilhamento-de-informa\u00e7\u00f5es\">2. QUAIS INFORMA\u00c7\u00d5ES PESSOAIS SOBRE CLIENTES COLETAMOS?<\/h3><p>Coletamos suas informa\u00e7\u00f5es pessoais para continuamente melhorar nossos produtos e prestar os melhores servi\u00e7os. Basicamente, esses s\u00e3o os tipos de informa\u00e7\u00f5es pessoais coletadas:<\/p><p><b>Informa\u00e7\u00f5es que voc\u00ea nos fornece:<\/b> Recebemos e armazenamos as informa\u00e7\u00f5es que voc\u00ea nos fornece em rela\u00e7\u00e3o aos dados cadastrais da <strong>FLEXVET.IND.BR<\/strong><\/p><p>Voc\u00ea pode nos fornecer informa\u00e7\u00f5es como: informa\u00e7\u00f5es identific\u00e1veis tais como seu nome; endere\u00e7o e n\u00famero de telefone; informa\u00e7\u00f5es de pagamento; sua idade; suas informa\u00e7\u00f5es de localiza\u00e7\u00e3o; seu endere\u00e7o de IP; informa\u00e7\u00f5es e documentos sobre identidade e idoneidade; informa\u00e7\u00f5es societ\u00e1rias e financeiras; informa\u00e7\u00f5es de hist\u00f3rico de cr\u00e9dito; n\u00fameros referentes a tributa\u00e7\u00e3o e cadastros governamentais e configura\u00e7\u00f5es e arquivos de registro\/log em dispositivos.<\/p><p>Voc\u00ea pode optar por n\u00e3o fornecer certas informa\u00e7\u00f5es, mas, neste caso, pode n\u00e3o conseguir se beneficiar de muitos de nossos servi\u00e7os.<\/p><p><b>Informa\u00e7\u00f5es autom\u00e1ticas:<\/b> Coletamos e armazenamos automaticamente alguns tipos de informa\u00e7\u00f5es sobre o seu uso do site. Assim como muitos web sites, usamos cookies e outros identificadores \u00fanicos e coletamos certos tipos de informa\u00e7\u00f5es quando o seu navegador ou dispositivo acessa os Servi\u00e7os da <strong>FLEXVET.IND.BR<\/strong><strong>\u00a0<\/strong>e outros conte\u00fados fornecidos por ou em nome da <strong>FLEXVET.IND.BR<\/strong><strong>\u00a0<\/strong>em outros web sites. Exemplos de informa\u00e7\u00f5es que coletamos e analisamos incluem:<\/p><ul><li>o endere\u00e7o do protocolo de internet (IP) usado para conectar o seu computador \u00e0 internet;<\/li><li>login, endere\u00e7o de e-mail, e senha;<\/li><li>a localiza\u00e7\u00e3o de seu dispositivo ou computador;<\/li><li>informa\u00e7\u00f5es de intera\u00e7\u00e3o com o conte\u00fado como, por exemplo, downloads de conte\u00fado, streams, dados de reprodu\u00e7\u00e3o, incluindo dura\u00e7\u00e3o e n\u00famero de streams e downloads simult\u00e2neos, e dados de rede para qualidade de streaming e download, incluindo informa\u00e7\u00f5es sobre seu provedor de servi\u00e7o de internet;<\/li><li>m\u00e9tricas de dispositivos como quando o dispositivo est\u00e1 em uso, uso de aplicativos, dados de conectividade e quaisquer erros ou eventos de falha;<\/li><li>m\u00e9tricas de Servi\u00e7os da <strong>FLEXVET.IND.BR<\/strong>\u00a0(por exemplo, ocorr\u00eancias de erros t\u00e9cnicos, suas intera\u00e7\u00f5es com recursos e conte\u00fados de servi\u00e7os, suas prefer\u00eancias de configura\u00e7\u00e3o e informa\u00e7\u00f5es de backup, localiza\u00e7\u00e3o de um dispositivo com aplicativo aberto, informa\u00e7\u00f5es sobre imagens e arquivos carregados, tais como nome do arquivo, datas, hor\u00e1rios e localiza\u00e7\u00e3o de suas imagens);<\/li><li>configura\u00e7\u00f5es de vers\u00f5es e fusos hor\u00e1rios;<\/li><li>hist\u00f3rico de uso conte\u00fado e de compras, que algumas vezes agregamos a informa\u00e7\u00f5es similares de outros clientes para criar recursos de personaliza\u00e7\u00e3o;<\/li><li>o clickstream (fluxo de cliques) completo de URLs (Uniform Resource Locators) para, atrav\u00e9s e a partir do nosso web site incluindo data e hor\u00e1rio; produtos e conte\u00fados visualizados ou buscados por voc\u00ea; tempos de resposta de p\u00e1ginas, erros de download, tempo de visita em certas p\u00e1ginas e informa\u00e7\u00f5es de intera\u00e7\u00e3o com a p\u00e1gina (como rolagens, cliques e movimentos do mouse); e<\/li><li>n\u00fameros de telefone usados para ligar para o n\u00famero do nosso Servi\u00e7o de Atendimento ao Cliente.<\/li><\/ul><p>Tamb\u00e9m podemos usar identificadores de dispositivos, cookies e outras tecnologias em dispositivos, aplicativos e em nossas p\u00e1ginas da web para coletar informa\u00e7\u00f5es de navega\u00e7\u00e3o, uso ou outras informa\u00e7\u00f5es t\u00e9cnicas.<\/p><p><b>Informa\u00e7\u00f5es de outras fontes:<\/b>\u00a0Poderemos receber informa\u00e7\u00f5es sobre voc\u00ea de outras fontes, tais como informa\u00e7\u00f5es atualizadas de entrega e informa\u00e7\u00f5es de endere\u00e7o das nossas transportadoras, as quais usamos para corrigir nossos registros e entregar sua pr\u00f3xima entrega de forma mais f\u00e1cil. Clique aqui para ver exemplos adicionais das informa\u00e7\u00f5es que recebemos. Exemplos de informa\u00e7\u00f5es que recebemos de outras fontes incluem:<\/p><ul><li>informa\u00e7\u00f5es atualizadas de entrega e endere\u00e7o de nossas transportadoras ou terceiros, as quais usamos para corrigir nossos registros e entregar sua pr\u00f3xima compra e novas comunica\u00e7\u00f5es com mais facilidade;<\/li><li>informa\u00e7\u00f5es de conta, informa\u00e7\u00f5es de compra ou resgate e informa\u00e7\u00f5es de visualiza\u00e7\u00e3o de p\u00e1gina de alguns comerciantes com quem operamos neg\u00f3cios em conjunto ou para quem fornecemos servi\u00e7os t\u00e9cnicos, de log\u00edstica, publicidade ou outros servi\u00e7os;<\/li><li>informa\u00e7\u00f5es sobre suas intera\u00e7\u00f5es com produtos e servi\u00e7os oferecidos por nossas afiliadas;<\/li><li>resultados de buscas e links, incluindo listagens pagas (como Links Patrocinados, por exemplo);<\/li><li>informa\u00e7\u00f5es de hist\u00f3rico de cr\u00e9dito de\u00a0<b>bureaus<\/b>\u00a0de cr\u00e9dito, as quais usamos para prevenir e detectar fraudes e oferecer servi\u00e7os de cr\u00e9dito ou financeiros para alguns clientes.<\/li><\/ul><h3>3. PARA QUAIS FINALIDADES A <strong>FLEXVET.IND.BR<\/strong>\u00a0TRATA SUAS INFORMA\u00c7\u00d5ES PESSOAIS?<\/h3><p>Tratamos suas informa\u00e7\u00f5es pessoais para operar, prestar, desenvolver e melhorar os produtos e servi\u00e7os que oferecemos a nossos clientes. Essas finalidades incluem:<\/p><ul><li><b>Compra e entrega de produtos e servi\u00e7os.<\/b>\u00a0Usamos suas informa\u00e7\u00f5es pessoais para receber e organizar pedidos, entregar produtos e servi\u00e7os, processar pagamentos e nos comunicar com voc\u00ea sobre pedidos, produtos, servi\u00e7os e ofertas promocionais.<\/li><li><b>Fornecimento, corre\u00e7\u00e3o e melhoria de servi\u00e7os.<\/b>\u00a0Usamos suas informa\u00e7\u00f5es pessoais para oferecer funcionalidades, analisar desempenhos, corrigir erros e melhorar a usabilidade e a efetividade dos Servi\u00e7os.<\/li><li><b>Recomenda\u00e7\u00f5es e personaliza\u00e7\u00e3o.<\/b> Usamos suas informa\u00e7\u00f5es pessoais para recomendar funcionalidades\/recursos, produtos e servi\u00e7os que podem ser de seu interesse, identificar suas prefer\u00eancias, e personalizar sua experi\u00eancia com os servi\u00e7os da <strong>FLEXVET.IND.BR<\/strong><\/li><li><b>Cumprimento de obriga\u00e7\u00f5es legais.<\/b>\u00a0Em alguns casos, coletamos e usamos suas informa\u00e7\u00f5es pessoais para cumprir as leis. Por exemplo, coletamos de vendedores informa\u00e7\u00f5es sobre o local do estabelecimento e as informa\u00e7\u00f5es da conta banc\u00e1ria para verifica\u00e7\u00e3o de identidade e outros fins.<\/li><li><b>Comunica\u00e7\u00e3o com voc\u00ea.<\/b> Usamos suas informa\u00e7\u00f5es pessoais para nos comunicarmos com voc\u00ea com rela\u00e7\u00e3o aos Servi\u00e7os da <strong>FLEXVET.IND.BR<\/strong>\u00a0por diferentes canais (por exemplo, telefone, e-mail, chat).<\/li><li><b>Publicidade.<\/b>\u00a0Usamos suas informa\u00e7\u00f5es pessoais para exibir an\u00fancios baseados em interesses sobre recursos, produtos e servi\u00e7os que possam ser do seu interesse. N\u00f3s n\u00e3o usamos informa\u00e7\u00f5es que identificam voc\u00ea diretamente para mostrar an\u00fancios baseados em interesse.\u00a0<\/li><li><b>Preven\u00e7\u00e3o de fraude e riscos de cr\u00e9dito.<\/b> Tratamos informa\u00e7\u00f5es pessoais para impedir e detectar fraude e abuso a fim de proteger a seguran\u00e7a de nossos clientes, da <strong>FLEXVET.IND.BR<\/strong>\u00a0e de terceiros. Tamb\u00e9m podemos usar m\u00e9todos de score\/avalia\u00e7\u00e3o para avaliar e administrar os riscos de cr\u00e9dito.<\/li><li><b>Finalidades para as quais pedimos seu consentimento.<\/b>\u00a0Tamb\u00e9m podemos pedir o seu consentimento para tratar suas informa\u00e7\u00f5es pessoais para uma finalidade espec\u00edfica que expressamente comunicarmos a voc\u00ea. Quando voc\u00ea concorda com o tratamento de suas informa\u00e7\u00f5es pessoais para uma finalidade espec\u00edfica, voc\u00ea pode revogar o seu consentimento a qualquer momento e n\u00f3s pararemos de tratar seus dados para essa finalidade espec\u00edfica.<\/li><\/ul><h3>4. COOKIES E OUTROS IDENTIFICADORES<\/h3><p>Para que nossos sistemas possam reconhecer o seu navegador ou dispositivo e oferecer e melhorar os Servi\u00e7os da <strong>FLEXVET.IND.BR<\/strong>, utilizamos cookies e outros identificadores. Para mais informa\u00e7\u00f5es sobre cookies e como os utilizamos, leia nossa Pol\u00edtica sobre Cookies.<\/p><h3>5. COMPARTILHAMENTO DE INFORMA\u00c7\u00d5ES PESSOAIS<\/h3><p>As informa\u00e7\u00f5es sobre nossos clientes s\u00e3o parte importante de nosso neg\u00f3cio, e n\u00f3s n\u00e3o atuamos no ramo de venda de informa\u00e7\u00f5es pessoais de nossos clientes. A <strong>FLEXVET.IND.BR<\/strong>\u00a0compartilha as informa\u00e7\u00f5es pessoais de seus clientes somente conforme descrito abaixo e com suas subsidi\u00e1rias que tamb\u00e9m est\u00e3o sujeitas \u00e0 presente Pol\u00edtica de Dados e Privacidade ou seguem pr\u00e1ticas pelo menos t\u00e3o protetivas quanto as indicadas.<\/p><ul><li><b>Terceiros prestadores de servi\u00e7os:<\/b>\u00a0Usamos outras pessoas e empresas para desempenhar fun\u00e7\u00f5es para n\u00f3s ou para voc\u00ea. Exemplos incluem o atendimento de pedidos de produtos ou servi\u00e7os, entrega de mercadorias, recebimento e montagem de pneus, envio de correspond\u00eancias e e-mails, remo\u00e7\u00e3o de informa\u00e7\u00f5es repetitivas das listas de clientes, an\u00e1lise de dados, presta\u00e7\u00e3o de assist\u00eancia em marketing, fornecimento de resultados de pesquisa e links (incluindo listas e links pagos), processamento de pagamentos, transmiss\u00e3o de conte\u00fado, score, avalia\u00e7\u00e3o e gerenciamento de cr\u00e9dito e presta\u00e7\u00e3o de servi\u00e7o de atendimento ao cliente. Esses terceiros prestadores de servi\u00e7os t\u00eam acesso \u00e0s informa\u00e7\u00f5es pessoais necess\u00e1rias para o desempenho de suas fun\u00e7\u00f5es, mas n\u00e3o podem us\u00e1-las para outras finalidades. Al\u00e9m disso, eles devem tratar as informa\u00e7\u00f5es pessoais de acordo com esta Pol\u00edtica de Dados e Privacidade e conforme permitido pela Lei n\u00ba 13.709\/2018 (Lei Geral de Prote\u00e7\u00e3o de Dados Pessoais &#8211; LGPD).<\/li><li><b>Transfer\u00eancias de neg\u00f3cios:<\/b> Nosso neg\u00f3cio continua em desenvolvimento e, portanto, poderemos comprar ou vender outros neg\u00f3cios ou servi\u00e7os. Nessas transa\u00e7\u00f5es, geralmente as informa\u00e7\u00f5es de clientes s\u00e3o um dos ativos transferidos, mas elas permanecem sujeitas \u00e0s promessas feitas em qualquer Pol\u00edtica de Dados e Privacidade pr\u00e9-existente (a menos, \u00e9 claro, que o cliente concorde de outro modo). Na remota hip\u00f3tese de a <strong>FLEXVET.IND.BR<\/strong>\u00a0ou de todos os seus ativos serem alienados, as informa\u00e7\u00f5es de cliente ser\u00e3o certamente um dos ativos transferidos.<\/li><li><b>Prote\u00e7\u00e3o da <strong>FLEXVET.IND.BR<\/strong>\u00a0e de terceiros:<\/b>\u00a0N\u00f3s fornecemos informa\u00e7\u00f5es sobre contas e outras informa\u00e7\u00f5es pessoais quando acreditamos que esse fornecimento \u00e9 adequado para fins de cumprimento com a lei; de execu\u00e7\u00e3o ou aplica\u00e7\u00e3o de nossas\u00a0<b>Condi\u00e7\u00f5es de uso<\/b> e outros acordos; ou de prote\u00e7\u00e3o dos direitos, bens e seguran\u00e7a da <strong>FLEXVET.IND.BR<\/strong>, de nossos usu\u00e1rios ou de terceiros. Isso inclui a troca de informa\u00e7\u00f5es com outras empresas e organiza\u00e7\u00f5es para prote\u00e7\u00e3o de fraude e redu\u00e7\u00e3o do risco de cr\u00e9dito.<\/li><\/ul><p>Exceto conforme indicado acima, voc\u00ea receber\u00e1 aviso quando informa\u00e7\u00f5es pessoais sobre voc\u00ea forem compartilhadas com terceiros e ter\u00e1 a oportunidade de optar pelo n\u00e3o compartilhamento.<\/p><p><b>Transfer\u00eancias para fora do Brasil.<\/b>\u00a0Quando transferirmos informa\u00e7\u00f5es pessoais para outros pa\u00edses, nos certificaremos de que elas sejam transferidas de acordo com esta Pol\u00edtica de Dados e de Privacidade e conforme permitido pelas leis aplic\u00e1veis sobre prote\u00e7\u00e3o de dados do local da transfer\u00eancia.<\/p><h3>6. AS INFORMA\u00c7\u00d5ES SOBRE MIM EST\u00c3O SEGURAS?<\/h3><p>Desenvolvemos nossos sistemas sempre pensando em sua seguran\u00e7a e privacidade.<\/p><ul><li>Trabalhamos para proteger a seguran\u00e7a de suas informa\u00e7\u00f5es pessoais durante a transmiss\u00e3o usando protocolos e software de criptografia.<\/li><li>Seguimos o Padr\u00e3o de Seguran\u00e7a de Dados da Ind\u00fastria de Pagamento com Cart\u00e3o (PCI DSS) quando lidamos com dados de cart\u00e3o de cr\u00e9dito.<\/li><li>Mantemos prote\u00e7\u00f5es f\u00edsicas, eletr\u00f4nicas e procedimentais relativas \u00e0 coleta, armazenamento e fornecimento de informa\u00e7\u00f5es pessoais de clientes. Por conta de nossos procedimentos de seguran\u00e7a podemos, ocasionalmente, solicitar comprova\u00e7\u00e3o da identidade antes de divulgarmos informa\u00e7\u00f5es pessoais a voc\u00ea.<\/li><li>Nossos dispositivos contam com recursos de seguran\u00e7a de prote\u00e7\u00e3o contra acesso n\u00e3o autorizado e perda de dados. Voc\u00ea pode controlar esses recursos e configur\u00e1-los de acordo com suas necessidades na se\u00e7\u00e3o\u00a0Minha conta.<\/li><li>\u00c9 importante que voc\u00ea se proteja contra acessos n\u00e3o autorizados \u00e0 sua senha e aos seus computadores, dispositivos e aplicativos. Certifique-se de encerrar a sess\u00e3o sempre que terminar de usar um computador compartilhado.<\/li><\/ul><h3>7. PUBLICIDADE<\/h3><ul><li>An\u00fancios de terceiros e links para outros web sites: Os Servi\u00e7os da <strong>FLEXVET.IND.BR<\/strong> podem incluir an\u00fancios de terceiros e links para outros web sites e aplicativos. Terceiros-parceiros anunciantes podem coletar informa\u00e7\u00f5es sobre voc\u00ea quando da intera\u00e7\u00e3o sobre o conte\u00fado, publicidade e servi\u00e7os oferecidos por eles. Para mais informa\u00e7\u00f5es sobre an\u00fancios de terceiros na <strong>FLEXVET.IND.BR<\/strong>, incluindo an\u00fancios baseados em interesse. Para ajustar suas prefer\u00eancias de an\u00fancios, acesse a p\u00e1gina Prefer\u00eancias de An\u00fancios.<\/li><li>Uso de servi\u00e7os de publicidade de terceiros: fornecemos \u00e0s empresas de publicidade, informa\u00e7\u00f5es que lhes permitem veicular an\u00fancios da <strong>FLEXVET.IND.BR<\/strong>\u00a0mais \u00fateis e relevantes para voc\u00ea, possibilitando medir sua efici\u00eancia. Nunca compartilhamos seu nome ou outras informa\u00e7\u00f5es que o identifiquem diretamente quando fazemos isso. Em vez disso, usamos um identificador de publicidade, como um cookie ou outro identificador de dispositivo. Algumas empresas de publicidade tamb\u00e9m usam essas informa\u00e7\u00f5es para veicular an\u00fancios relevantes de outros anunciantes. Voc\u00ea pode saber mais sobre como cancelar a publicidade baseada em interesses acessando a p\u00e1gina Prefer\u00eancias de An\u00fancios.<\/li><\/ul><h3>8. QUAIS INFORMA\u00c7\u00d5ES POSSO ACESSAR E GERENCIAR?<\/h3><p>Voc\u00ea pode acessar suas informa\u00e7\u00f5es, incluindo seu nome, endere\u00e7o, op\u00e7\u00f5es de pagamento, informa\u00e7\u00f5es do perfil, configura\u00e7\u00f5es e hist\u00f3rico de compras na se\u00e7\u00e3o\u00a0<strong>Minha conta<\/strong>\u00a0do website.<\/p><h3>9. QUE OP\u00c7\u00d5ES EU TENHO SOBRE MEUS DADOS?<\/h3><p>Caso voc\u00ea tenha alguma d\u00favida ou obje\u00e7\u00e3o sobre a coleta e o tratamento de suas informa\u00e7\u00f5es pessoais, entre em contato com o nosso\u00a0<strong>Servi\u00e7o de Gest\u00e3o de Privacidade.<\/strong><\/p><ul><li>Conforme descrito acima, voc\u00ea pode optar por n\u00e3o fornecer certas informa\u00e7\u00f5es, mas, neste caso, n\u00e3o conseguir\u00e1 se beneficiar de muitos dos Servi\u00e7os da <strong>FLEXVET.IND.BR<\/strong><\/li><li>Voc\u00ea poder\u00e1 inserir ou atualizar informa\u00e7\u00f5es em p\u00e1ginas como aquelas contidas na se\u00e7\u00e3o\u00a0<b>8. Quais informa\u00e7\u00f5es posso acessar e gerenciar?<\/b>. Quando voc\u00ea atualiza informa\u00e7\u00f5es, geralmente guardamos uma c\u00f3pia da vers\u00e3o anterior em nossos registros, conforme permitido pela legisla\u00e7\u00e3o aplic\u00e1vel.<\/li><li>Caso voc\u00ea n\u00e3o queira receber nossos e-mails ou outras comunica\u00e7\u00f5es, ajuste suas\u00a0Prefer\u00eancias de Comunica\u00e7\u00e3o do Cliente. Caso voc\u00ea n\u00e3o queira receber notifica\u00e7\u00f5es sobre suas compras ou sobre promo\u00e7\u00f5es, ajuste as configura\u00e7\u00f5es de notifica\u00e7\u00e3o em sua conta.<\/li><li>Caso voc\u00ea n\u00e3o queira ver an\u00fancios baseados em interesse, ajuste suas\u00a0Prefer\u00eancias de An\u00fancios.<\/li><li>O recurso Ajuda da maioria dos navegadores e dispositivos mostrar\u00e1 como voc\u00ea pode impedir o seu navegador ou dispositivo de aceitar novos cookies ou outros identificadores, como fazer com que o navegador envie notifica\u00e7\u00f5es quando voc\u00ea recebe novos cookies ou como bloquear os cookies. Os cookies e outros identificadores permitem que voc\u00ea se beneficie de alguns Servi\u00e7os da <strong>FLEXVET.IND.BR<\/strong> essenciais, ent\u00e3o recomendamos que voc\u00ea os deixe ativos. Por exemplo, se voc\u00ea bloquear ou recusar nossos cookies, voc\u00ea n\u00e3o conseguir\u00e1 adicionar itens ao seu Carrinho de compras, finalizar a compra\/fechar pedidos ou usar Servi\u00e7os da <strong>FLEXVET.IND.BR<\/strong>\u00a0que exijam que voc\u00ea fa\u00e7a login. Para mais informa\u00e7\u00f5es sobre cookies e outros identificadores, consulte a nossa Pol\u00edtica sobre Cookies.<\/li><li>Caso voc\u00ea queira navegar por nossos web sites sem vincular seu hist\u00f3rico de navega\u00e7\u00e3o com a sua conta, voc\u00ea poder\u00e1 faz\u00ea-lo se desconectando de sua conta clicando em Encerrar Sess\u00e3o no menu superior e bloqueando os cookies em seu navegador.<\/li><li>Quando voc\u00ea concorda que tratemos suas informa\u00e7\u00f5es pessoais para uma finalidade espec\u00edfica, voc\u00ea poder\u00e1 revogar o seu consentimento a qualquer momento, e n\u00f3s interromperemos o tratamento de seus dados para essa finalidade.<\/li><li>Voc\u00ea tamb\u00e9m poder\u00e1 optar pelo n\u00e3o tratamento de alguns tipos de dados atualizando suas configura\u00e7\u00f5es no web site.<\/li><\/ul><p>Al\u00e9m disso, observando-se a Lei n\u00ba 13.709\/2018 (Lei Geral de Prote\u00e7\u00e3o de Dados Pessoais &#8211; LGPD), voc\u00ea tem o direito de pedir acesso, corrigir e excluir seus dados pessoais e pedir a portabilidade de dados. Voc\u00ea tamb\u00e9m pode contestar nosso tratamento de seus dados pessoais ou pedir que restrinjamos o tratamento de seus dados pessoais em alguns casos. Caso voc\u00ea queira fazer uma dessas coisas, por favor\u00a0<strong><a href=\"https:\/\/flexvet.ind.br\/en\/contatos\/\">clique aqui<\/a><\/strong>\u00a0ou entre em contato com o\u00a0Servi\u00e7o de Gest\u00e3o de Privacidade. Dependendo das suas escolhas sobre os seus dados, alguns servi\u00e7os podem ficar limitados ou indispon\u00edveis.<\/p><h3>10. CRIAN\u00c7AS PODEM UTILIZAR OS SERVI\u00c7OS DA <strong>FLEXVET.IND.BR<\/strong>?<\/h3><p>A <strong>FLEXVET.IND.BR<\/strong> n\u00e3o vende produtos para e tampouco produtos destinados a crian\u00e7as ou adolescentes. Caso voc\u00ea seja menor de 18 anos, voc\u00ea poder\u00e1 usar os Servi\u00e7os da <strong>FLEXVET.IND.BR<\/strong>\u00a0somente acompanhado de seus pais ou respons\u00e1veis legais.<\/p><h3>11. POR QUANTO TEMPO MANTEMOS SUAS INFORMA\u00c7\u00d5ES PESSOAIS?<\/h3><p>Mantemos suas informa\u00e7\u00f5es pessoais para que voc\u00ea possa continuar usando os Servi\u00e7os da <strong>FLEXVET.IND.BR<\/strong>\u00a0pelo tempo necess\u00e1rio para atender \u00e0s finalidades descritas nesta Pol\u00edtica de Dados e de Privacidade, conforme possa ser exigido legalmente para fins fiscais e cont\u00e1beis ou por outro modo devidamente informado a voc\u00ea. Mantemos seu hist\u00f3rico de transa\u00e7\u00f5es a fim de que voc\u00ea possa consultar suas compras anteriores (e repetir os pedidos, se desejar) e os endere\u00e7os para os quais seus pedidos foram enviados, e para melhorarmos a relev\u00e2ncia de produtos e conte\u00fados que recomendamos.<\/p><h3>12. CONTATOS, NOTIFICA\u00c7\u00d5ES E REVIS\u00d5ES<\/h3><p>Caso voc\u00ea tenha alguma d\u00favida sobre privacidade na <strong>FLEXVET.IND.BR <\/strong>ou queira falar com um dos nossos controladores de dados, entre em contato conosco\u00a0descrevendo sua d\u00favida que tentaremos san\u00e1-la. O encarregado de prote\u00e7\u00e3o de dados dos controladores de dados referidos acima pode ser contatado pelo e-mail\u00a0contato@flexvet.com.br. Voc\u00ea tamb\u00e9m pode fazer uma reclama\u00e7\u00e3o para a Autoridade Nacional de Prote\u00e7\u00e3o de Dados brasileira por meio dos seus canais oficiais.<\/p><p>Nossos neg\u00f3cios mudam constantemente e nossa Pol\u00edtica de Dados e de Privacidade tamb\u00e9m poder\u00e1 mudar. Voc\u00ea deve consultar nossos web sites frequentemente para consultar as altera\u00e7\u00f5es recentes. A menos que previsto de outro modo, nossa Pol\u00edtica de Dados e de Privacidade atual se aplica a todas as informa\u00e7\u00f5es que temos sobre voc\u00ea e sua conta. N\u00f3s honramos as promessas que fazemos, e nunca mudaremos de forma substancial nossas pol\u00edticas e pr\u00e1ticas de modo que elas protejam menos as informa\u00e7\u00f5es dos clientes coletadas no passado sem o consentimento dos clientes afetados.<\/p><\/div>\t\t\t\t\t\t<\/div>\n\t\t\t\t<\/div>\n\t\t\t\t\t<\/div>\n\t\t<\/div>\n\t\t\t\t\t<\/div>\n\t\t<\/section>\n\t\t\t\t<\/div>","protected":false},"excerpt":{"rendered":"<p>POL\u00cdTICA DE PRIVACIDADE Sabemos que voc\u00ea se preocupa com a forma como suas informa\u00e7\u00f5es s\u00e3o usadas e compartilhadas e agradecemos<\/p>","protected":false},"author":1,"featured_media":0,"parent":0,"menu_order":0,"comment_status":"closed","ping_status":"open","template":"elementor_header_footer","meta":{"footnotes":""},"class_list":["post-3","page","type-page","status-publish","hentry"],"_links":{"self":[{"href":"https:\/\/flexvet.ind.br\/en\/wp-json\/wp\/v2\/pages\/3","targetHints":{"allow":["GET"]}}],"collection":[{"href":"https:\/\/flexvet.ind.br\/en\/wp-json\/wp\/v2\/pages"}],"about":[{"href":"https:\/\/flexvet.ind.br\/en\/wp-json\/wp\/v2\/types\/page"}],"author":[{"embeddable":true,"href":"https:\/\/flexvet.ind.br\/en\/wp-json\/wp\/v2\/users\/1"}],"replies":[{"embeddable":true,"href":"https:\/\/flexvet.ind.br\/en\/wp-json\/wp\/v2\/comments?post=3"}],"version-history":[{"count":0,"href":"https:\/\/flexvet.ind.br\/en\/wp-json\/wp\/v2\/pages\/3\/revisions"}],"wp:attachment":[{"href":"https:\/\/flexvet.ind.br\/en\/wp-json\/wp\/v2\/media?parent=3"}],"curies":[{"name":"wp","href":"https:\/\/api.w.org\/{rel}","templated":true}]}}