{"id":5286,"date":"2018-09-19T13:34:49","date_gmt":"2018-09-19T16:34:49","guid":{"rendered":"http:\/\/flexvet.com.br\/loja\/?page_id=5286"},"modified":"2018-09-19T13:34:49","modified_gmt":"2018-09-19T16:34:49","slug":"rio-grande-do-sul-rs","status":"publish","type":"page","link":"https:\/\/flexvet.ind.br\/en\/rio-grande-do-sul-rs\/","title":{"rendered":"RIO GRANDE DO SUL (RS)"},"content":{"rendered":"<h3><img decoding=\"async\" class=\"size-thumbnail wp-image-5119 alignnone\" src=\"http:\/\/flexvet.com.br\/loja\/wp-content\/uploads\/2018\/09\/Icone_estado_riograndedosul-150x150.png\" alt=\"\" width=\"150\" height=\"150\" \/><\/h3>\n<h3>CIDADE: Novo Hamburgo &#8211; RS<\/h3>\n<p>T\u00c9CNICO: Daniel<br \/>\n<a href=\"tel:(51)98264-6035\">(51)98264-6035\u00a0<\/a><\/p>\n<h3>Dental T\u00e9cnica NH<\/h3>\n<p>T\u00c9CNICO: Victor Marciano Hahn<br \/>\nRua Ca\u00e7ador, 322 &#8211; Ideal CEP: 93336-170<br \/>\n<a href=\"tel:(51) 3582-7379\">(51) 3582-7379\u00a0<\/a>\u00a0\u00a0<a href=\"tel:(51) 99988-1760\">(51) 99988-1760\u00a0<\/a><\/p>","protected":false},"excerpt":{"rendered":"<p>CIDADE: Novo Hamburgo &#8211; RS T\u00c9CNICO: Daniel (51)98264-6035\u00a0 Dental T\u00e9cnica NH T\u00c9CNICO: Victor Marciano Hahn Rua Ca\u00e7ador, 322 &#8211; Ideal<\/p>","protected":false},"author":1,"featured_media":0,"parent":0,"menu_order":0,"comment_status":"closed","ping_status":"closed","template":"","meta":{"footnotes":""},"class_list":["post-5286","page","type-page","status-publish","hentry"],"_links":{"self":[{"href":"https:\/\/flexvet.ind.br\/en\/wp-json\/wp\/v2\/pages\/5286","targetHints":{"allow":["GET"]}}],"collection":[{"href":"https:\/\/flexvet.ind.br\/en\/wp-json\/wp\/v2\/pages"}],"about":[{"href":"https:\/\/flexvet.ind.br\/en\/wp-json\/wp\/v2\/types\/page"}],"author":[{"embeddable":true,"href":"https:\/\/flexvet.ind.br\/en\/wp-json\/wp\/v2\/users\/1"}],"replies":[{"embeddable":true,"href":"https:\/\/flexvet.ind.br\/en\/wp-json\/wp\/v2\/comments?post=5286"}],"version-history":[{"count":0,"href":"https:\/\/flexvet.ind.br\/en\/wp-json\/wp\/v2\/pages\/5286\/revisions"}],"wp:attachment":[{"href":"https:\/\/flexvet.ind.br\/en\/wp-json\/wp\/v2\/media?parent=5286"}],"curies":[{"name":"wp","href":"https:\/\/api.w.org\/{rel}","templated":true}]}}