{"id":10458,"date":"2022-07-15T13:11:54","date_gmt":"2022-07-15T16:11:54","guid":{"rendered":"https:\/\/flexvet.ind.br\/?post_type=product&#038;p=10458"},"modified":"2025-08-05T20:32:48","modified_gmt":"2025-08-05T23:32:48","slug":"flexvet-miniflex-sonic-linha-lighter","status":"publish","type":"product","link":"https:\/\/flexvet.ind.br\/en\/product\/flexvet-miniflex-sonic-linha-lighter\/","title":{"rendered":"FLEXVET &#8211; Miniflex Sonic &#8211; Linha Lighter"},"content":{"rendered":"<p><b>MINIFLEX SONIC LIGHTER<\/b><\/p>\n<p>4 POINT EQUIPAMENT<\/p>\n<ul>\n<li>Terminal de alta rota\u00e7\u00e3o refrigerado.<\/li>\n<li>Terminal de baixa rota\u00e7\u00e3o.<\/li>\n<li>Caneta ultrassom (Pot\u00eancia de 29KHz a 33KHz).<\/li>\n<li>Painel de comando com regulagem de potencia e fluxo de \u00e1gua do ultrassom.<\/li>\n<li>Seringa tr\u00edplice.<\/li>\n<li>Reservat\u00f3rio de \u00e1gua de 1.000ml.<\/li>\n<li>Pedal el\u00e9trico.<\/li>\n<\/ul>\n<p>COMPRESSOR<\/p>\n<ul>\n<li>Pot\u00eancia de 1HP.<\/li>\n<li>Press\u00e3o m\u00e1xima de 8,3 Bar &#8211; 120 PSI.<\/li>\n<li>Rota\u00e7\u00f5es 1680 RPM. N\u00edvel de ru\u00eddo 52 (db(a)-1M).<\/li>\n<li>Tens\u00e3o Bi-volt com chave seletora (110\/220)<\/li>\n<\/ul>\n<p><em>LEMBRANDO!\u00a0 AS PE\u00c7AS DE M\u00c3O, S\u00c3O VENDIDAS SEPARADAMENTE.<\/em><\/p>\n<div style=\"width: 640px;\" class=\"wp-video\"><video class=\"wp-video-shortcode\" id=\"video-10458-1\" width=\"640\" height=\"360\" preload=\"metadata\" controls=\"controls\"><source type=\"video\/mp4\" src=\"https:\/\/flexvet.ind.br\/wp-content\/uploads\/2022\/07\/LIGHTER.mp4?_=1\" \/><a href=\"https:\/\/flexvet.ind.br\/wp-content\/uploads\/2022\/07\/LIGHTER.mp4\">https:\/\/flexvet.ind.br\/wp-content\/uploads\/2022\/07\/LIGHTER.mp4<\/a><\/video><\/div>","protected":false},"excerpt":{"rendered":"<h3>J\u00e1 pensou que seu Miniflex pudesse ficar ainda melhor?<\/h3>\n<p>Ele ficou! Ficou mais leve, mais robustos e muito mais resistente, sem perder tudo de bom que o Miniflex Sonic j\u00e1 tinha.<br \/>\nPesando apenas\u00a0<strong>15,6 kg<\/strong> o Miniflex Sonic \u00e9 o port\u00e1til mais leve do Brasil!<\/p>","protected":false},"featured_media":11785,"comment_status":"open","ping_status":"closed","template":"","meta":[],"product_cat":[21,165],"product_tag":[],"class_list":["post-10458","product","type-product","status-publish","has-post-thumbnail","hentry","product_cat-equipamentos","product_cat-para-atendimento-volante"],"_links":{"self":[{"href":"https:\/\/flexvet.ind.br\/en\/wp-json\/wp\/v2\/product\/10458","targetHints":{"allow":["GET"]}}],"collection":[{"href":"https:\/\/flexvet.ind.br\/en\/wp-json\/wp\/v2\/product"}],"about":[{"href":"https:\/\/flexvet.ind.br\/en\/wp-json\/wp\/v2\/types\/product"}],"replies":[{"embeddable":true,"href":"https:\/\/flexvet.ind.br\/en\/wp-json\/wp\/v2\/comments?post=10458"}],"version-history":[{"count":0,"href":"https:\/\/flexvet.ind.br\/en\/wp-json\/wp\/v2\/product\/10458\/revisions"}],"wp:featuredmedia":[{"embeddable":true,"href":"https:\/\/flexvet.ind.br\/en\/wp-json\/wp\/v2\/media\/11785"}],"wp:attachment":[{"href":"https:\/\/flexvet.ind.br\/en\/wp-json\/wp\/v2\/media?parent=10458"}],"wp:term":[{"taxonomy":"product_cat","embeddable":true,"href":"https:\/\/flexvet.ind.br\/en\/wp-json\/wp\/v2\/product_cat?post=10458"},{"taxonomy":"product_tag","embeddable":true,"href":"https:\/\/flexvet.ind.br\/en\/wp-json\/wp\/v2\/product_tag?post=10458"}],"curies":[{"name":"wp","href":"https:\/\/api.w.org\/{rel}","templated":true}]}}