{"id":10467,"date":"2022-07-13T12:21:28","date_gmt":"2022-07-13T15:21:28","guid":{"rendered":"https:\/\/flexvet.ind.br\/?post_type=product&#038;p=10467"},"modified":"2025-08-05T20:33:14","modified_gmt":"2025-08-05T23:33:14","slug":"flexvet-vetsonic-linha-lighter","status":"publish","type":"product","link":"https:\/\/flexvet.ind.br\/en\/product\/flexvet-vetsonic-linha-lighter\/","title":{"rendered":"FLEXVET &#8211; VetSonic &#8211; Linha Lighter"},"content":{"rendered":"<p><b>VETSONIC LIGHTER<\/b><\/p>\n<p>EQUIPO<\/p>\n<ul>\n<li>Caneta de ultrassom (pot\u00eancia de 29khz a 33khz).<\/li>\n<li>Painel de comando com regulagem de potencia e fluxo de \u00e1gua do ultrassom.<\/li>\n<li>Sistema de Pressuriza\u00e7\u00e3o interna do ar e da \u00e1gua.<\/li>\n<li>Suporte do reservat\u00f3rio com indicador LED.<\/li>\n<li>Reservat\u00f3rio de \u00e1gua 500ml com pressuriza\u00e7\u00e3o.<\/li>\n<li>Pedal el\u00e9trico para acionamento das pontas.<\/li>\n<li>Tens\u00e3o Bi-volt automatica (110\/220).<\/li>\n<li>Gabinete 100% em alum\u00ednio com pintura ep\u00f3xi.<\/li>\n<\/ul>\n<p>OP\u00c7\u00d5ES DE CORES<\/p>\n<p><em>&gt;Branco, preto ou rosa<\/em><\/p>\n<div>\n<p><em>LEMBRANDO!\u00a0 AS PE\u00c7AS DE M\u00c3O, S\u00c3O VENDIDAS SEPARADAMENTE<\/em>.<\/p>\n<\/div>","protected":false},"excerpt":{"rendered":"<h3>A Flexvet est\u00e1 inovando mais uma vez! Apresento a voc\u00eas o VetSonic.<\/h3>\n<p>O VetSonic \u00e9 o ultrassom el\u00e9trico que chegou para completar ainda mais a odontol\u00f3gica veterin\u00e1ria com tecnologia, design e toda a qualidade Flexvet.<\/p>","protected":false},"featured_media":11712,"comment_status":"open","ping_status":"closed","template":"","meta":[],"product_cat":[21,165],"product_tag":[],"class_list":["post-10467","product","type-product","status-publish","has-post-thumbnail","hentry","product_cat-equipamentos","product_cat-para-atendimento-volante"],"_links":{"self":[{"href":"https:\/\/flexvet.ind.br\/en\/wp-json\/wp\/v2\/product\/10467","targetHints":{"allow":["GET"]}}],"collection":[{"href":"https:\/\/flexvet.ind.br\/en\/wp-json\/wp\/v2\/product"}],"about":[{"href":"https:\/\/flexvet.ind.br\/en\/wp-json\/wp\/v2\/types\/product"}],"replies":[{"embeddable":true,"href":"https:\/\/flexvet.ind.br\/en\/wp-json\/wp\/v2\/comments?post=10467"}],"version-history":[{"count":0,"href":"https:\/\/flexvet.ind.br\/en\/wp-json\/wp\/v2\/product\/10467\/revisions"}],"wp:featuredmedia":[{"embeddable":true,"href":"https:\/\/flexvet.ind.br\/en\/wp-json\/wp\/v2\/media\/11712"}],"wp:attachment":[{"href":"https:\/\/flexvet.ind.br\/en\/wp-json\/wp\/v2\/media?parent=10467"}],"wp:term":[{"taxonomy":"product_cat","embeddable":true,"href":"https:\/\/flexvet.ind.br\/en\/wp-json\/wp\/v2\/product_cat?post=10467"},{"taxonomy":"product_tag","embeddable":true,"href":"https:\/\/flexvet.ind.br\/en\/wp-json\/wp\/v2\/product_tag?post=10467"}],"curies":[{"name":"wp","href":"https:\/\/api.w.org\/{rel}","templated":true}]}}