{"id":11375,"date":"2023-03-17T09:32:03","date_gmt":"2023-03-17T12:32:03","guid":{"rendered":"https:\/\/flexvet.ind.br\/?post_type=product&#038;p=11375"},"modified":"2025-08-05T20:25:25","modified_gmt":"2025-08-05T23:25:25","slug":"flexvet-plus-sonic","status":"publish","type":"product","link":"https:\/\/flexvet.ind.br\/en\/product\/flexvet-plus-sonic\/","title":{"rendered":"FLEXVET &#8211; Plus Sonic"},"content":{"rendered":"","protected":false},"excerpt":{"rendered":"<p><strong><span class=\"googie_link\">FLEXVET<\/span>\u00a0<span class=\"googie_link\">PLUS SONIC<\/span><\/strong><\/p>\n<p>4-POINT EQUIPMENT<\/p>\n<ul>\n<li aria-level=\"1\">Terminal de alta rota\u00e7\u00e3o refrigerado.<\/li>\n<li aria-level=\"1\">Terminal de baixa rota\u00e7\u00e3o.<\/li>\n<li aria-level=\"1\">Caneta de ultrassom (pot\u00eancia de 29khz a 33khz).<\/li>\n<li aria-level=\"1\">Painel de comando com regulagem de potencia e fluxo de \u00e1gua do ultrassom.<\/li>\n<li aria-level=\"1\">Pedal el\u00e9trico para acionamento do ultrassom. \u2022Seringa tr\u00edplice.<\/li>\n<li aria-level=\"1\">Reservat\u00f3rio de \u00e1gua 1.000 ml.<\/li>\n<li aria-level=\"1\">Pedal progressivo para acionamento das pontas.<\/li>\n<\/ul>\n<p>COMPRESSOR<\/p>\n<ul>\n<li style=\"font-weight: 400;\" aria-level=\"1\">Tanque: 40L<\/li>\n<li style=\"font-weight: 400;\" aria-level=\"1\">Pot\u00eancia de 1 hp \u2013 4P<\/li>\n<li style=\"font-weight: 400;\" aria-level=\"1\">Deslocamento te\u00f3rico: 147 l\/min \u2013 5,2 pcm<\/li>\n<li style=\"font-weight: 400;\" aria-level=\"1\">Press\u00e3o m\u00e1xima: 120 psi \u2013 8,3 bar<\/li>\n<li style=\"font-weight: 400;\" aria-level=\"1\">Tempo de enchimento: 5 minutos e 26 segundos<\/li>\n<li style=\"font-weight: 400;\" aria-level=\"1\">N\u00ba de Cilindros: 2<\/li>\n<li style=\"font-weight: 400;\" aria-level=\"1\">N\u00ba de Est\u00e1gios: 1<\/li>\n<li style=\"font-weight: 400;\" aria-level=\"1\">RPM do Bloco: 1640t<\/li>\n<li style=\"font-weight: 400;\" aria-level=\"1\">Tens\u00e3o: 110 ou 220<\/li>\n<\/ul>\n<p><em>LEMBRANDO!\u00a0 AS PE\u00c7AS DE M\u00c3O, S\u00c3O VENDIDAS SEPARADAMENTE.<\/em><\/p>","protected":false},"featured_media":11777,"comment_status":"open","ping_status":"closed","template":"","meta":[],"product_cat":[21,164],"product_tag":[],"class_list":["post-11375","product","type-product","status-publish","has-post-thumbnail","hentry","product_cat-equipamentos","product_cat-para-atendimento-em-clinica"],"_links":{"self":[{"href":"https:\/\/flexvet.ind.br\/en\/wp-json\/wp\/v2\/product\/11375","targetHints":{"allow":["GET"]}}],"collection":[{"href":"https:\/\/flexvet.ind.br\/en\/wp-json\/wp\/v2\/product"}],"about":[{"href":"https:\/\/flexvet.ind.br\/en\/wp-json\/wp\/v2\/types\/product"}],"replies":[{"embeddable":true,"href":"https:\/\/flexvet.ind.br\/en\/wp-json\/wp\/v2\/comments?post=11375"}],"version-history":[{"count":0,"href":"https:\/\/flexvet.ind.br\/en\/wp-json\/wp\/v2\/product\/11375\/revisions"}],"wp:featuredmedia":[{"embeddable":true,"href":"https:\/\/flexvet.ind.br\/en\/wp-json\/wp\/v2\/media\/11777"}],"wp:attachment":[{"href":"https:\/\/flexvet.ind.br\/en\/wp-json\/wp\/v2\/media?parent=11375"}],"wp:term":[{"taxonomy":"product_cat","embeddable":true,"href":"https:\/\/flexvet.ind.br\/en\/wp-json\/wp\/v2\/product_cat?post=11375"},{"taxonomy":"product_tag","embeddable":true,"href":"https:\/\/flexvet.ind.br\/en\/wp-json\/wp\/v2\/product_tag?post=11375"}],"curies":[{"name":"wp","href":"https:\/\/api.w.org\/{rel}","templated":true}]}}