{"id":11391,"date":"2023-03-30T09:59:11","date_gmt":"2023-03-30T12:59:11","guid":{"rendered":"https:\/\/flexvet.ind.br\/?post_type=product&#038;p=11391"},"modified":"2025-08-05T20:34:15","modified_gmt":"2025-08-05T23:34:15","slug":"mesa-dynamic-air-sonic","status":"publish","type":"product","link":"https:\/\/flexvet.ind.br\/en\/product\/mesa-dynamic-air-sonic\/","title":{"rendered":"Mesa Dynamic Air Sonic"},"content":{"rendered":"<p><b>DYNAMIC<\/b><\/p>\n<ul>\n<li>MAX Height: 95 cm (37.4 in)<\/li>\n<li>MIN Height: 65 cm (25.5 in)<\/li>\n<li>Width: 60 cm (23.6 in)<\/li>\n<li>Length: 145 cm (57.0 in)<\/li>\n<li>Capacity: 80 kg (176.3 lbs)<\/li>\n<\/ul>\n<div style=\"width: 640px;\" class=\"wp-video\"><video class=\"wp-video-shortcode\" id=\"video-11391-1\" width=\"640\" height=\"360\" preload=\"metadata\" controls=\"controls\"><source type=\"video\/mp4\" src=\"https:\/\/flexvet.ind.br\/wp-content\/uploads\/2022\/08\/dynamic.mp4?_=1\" \/><a href=\"https:\/\/flexvet.ind.br\/wp-content\/uploads\/2022\/08\/dynamic.mp4\">https:\/\/flexvet.ind.br\/wp-content\/uploads\/2022\/08\/dynamic.mp4<\/a><\/video><\/div>","protected":false},"excerpt":{"rendered":"<p><b>MESA CIRURGIA ODONTOL\u00d3GICA<\/b><\/p>\n<ul>\n<li>Uso veterin\u00e1rio odontol\u00f3gico e geral.<\/li>\n<li>Regulagem Ergon\u00f4mica.<\/li>\n<li>Tampo em a\u00e7o inoxid\u00e1vel de 1,5 mm (arredondado).<\/li>\n<li>Com rodas de 6&#8243; (pol), sendo duas com freios.<\/li>\n<li>El\u00e9trica Bi-vol (110\/220).<\/li>\n<li>Acionamento el\u00e9trico das fun\u00e7\u00f5es com pedal.<\/li>\n<li>Pintura eletrost\u00e1tica.<\/li>\n<li>Estrutura em a\u00e7o carbono.<\/li>\n<\/ul>\n<p>4 POINT EQUIPAMENT<\/p>\n<ul>\n<li>Terminal de alta rota\u00e7\u00e3o refrigerado<\/li>\n<li>Terminal de baixa rota\u00e7\u00e3o<\/li>\n<li>Caneta ultrassom el\u00e9trica (Pot\u00eancia de 29KHz a 33KHz).<\/li>\n<li>Painel de comando com regulagem de potencia e fluxo de \u00e1gua do ultrassom.<\/li>\n<li>Seringa tr\u00edplice<\/li>\n<\/ul>\n<p>COMPRESSOR<\/p>\n<ul>\n<li>Pot\u00eancia de 1HP.<\/li>\n<li>Press\u00e3o m\u00e1xima de 8,3 Bar &#8211; 120 PSI.<\/li>\n<li>Rota\u00e7\u00f5es 1680 RPM. N\u00edvel de ru\u00eddo 52 (db(a)-1M).<\/li>\n<li>Tens\u00e3o Bi-volt com chave seletora (110\/220)<\/li>\n<\/ul>\n<p>&nbsp;<\/p>","protected":false},"featured_media":11393,"comment_status":"open","ping_status":"closed","template":"","meta":[],"product_cat":[21,167],"product_tag":[],"class_list":["post-11391","product","type-product","status-publish","has-post-thumbnail","hentry","product_cat-equipamentos","product_cat-mesa-cirurgica"],"_links":{"self":[{"href":"https:\/\/flexvet.ind.br\/en\/wp-json\/wp\/v2\/product\/11391","targetHints":{"allow":["GET"]}}],"collection":[{"href":"https:\/\/flexvet.ind.br\/en\/wp-json\/wp\/v2\/product"}],"about":[{"href":"https:\/\/flexvet.ind.br\/en\/wp-json\/wp\/v2\/types\/product"}],"replies":[{"embeddable":true,"href":"https:\/\/flexvet.ind.br\/en\/wp-json\/wp\/v2\/comments?post=11391"}],"version-history":[{"count":0,"href":"https:\/\/flexvet.ind.br\/en\/wp-json\/wp\/v2\/product\/11391\/revisions"}],"wp:featuredmedia":[{"embeddable":true,"href":"https:\/\/flexvet.ind.br\/en\/wp-json\/wp\/v2\/media\/11393"}],"wp:attachment":[{"href":"https:\/\/flexvet.ind.br\/en\/wp-json\/wp\/v2\/media?parent=11391"}],"wp:term":[{"taxonomy":"product_cat","embeddable":true,"href":"https:\/\/flexvet.ind.br\/en\/wp-json\/wp\/v2\/product_cat?post=11391"},{"taxonomy":"product_tag","embeddable":true,"href":"https:\/\/flexvet.ind.br\/en\/wp-json\/wp\/v2\/product_tag?post=11391"}],"curies":[{"name":"wp","href":"https:\/\/api.w.org\/{rel}","templated":true}]}}