{"id":9181,"date":"2022-05-20T14:12:56","date_gmt":"2022-05-20T17:12:56","guid":{"rendered":"https:\/\/flexvet.ind.br\/produto\/micromotor-saevo-sl30\/"},"modified":"2025-08-05T20:05:32","modified_gmt":"2025-08-05T23:05:32","slug":"micromotor-saevo-sl30","status":"publish","type":"product","link":"https:\/\/flexvet.ind.br\/en\/product\/micromotor-saevo-sl30\/","title":{"rendered":"Saevo SL30 micromotor"},"content":{"rendered":"","protected":false},"excerpt":{"rendered":"<p>CORPO MICROMOTOR<\/p>\n<ul>\n<li>Design arrojado com linhas arredondas;<\/li>\n<li>Fabricado em Alum\u00ednio com tratamento anodizado;<\/li>\n<li>Autoclav\u00e1vel a at\u00e9 135C;<\/li>\n<li>Ranhuras antiderrapantes e indica\u00e7\u00e3o de sentido no anel de regulagem de rota\u00e7\u00e3o.<\/li>\n<\/ul>\n<p>SPRAY EXTERNO SIMPLES (OPCIONAL)<\/p>\n<ul>\n<li>Disponibiliza \u0093niple\u0094 de encaixe para mangueira \u0096 sistema de refrigera\u00e7\u00e3o externo padr\u00e3o, que reduz a possibilidade de entupimento, possibilita a substitui\u00e7\u00e3o da mangueira de passagem de \u00e1gua, evitando a contamina\u00e7\u00e3o cruzada, e refrigera a regi\u00e3o de corte da broca em qualquer posi\u00e7\u00e3o de trabalho, evitando superaquecimento.<\/li>\n<\/ul>\n<p>CONEX\u00c3O BORDEN<\/p>\n<ul>\n<li>Rota\u00e7\u00e3o: De 5.000 RPM a 20.000 RPM<br \/>\n<em>Possui regulagem de rota\u00e7\u00e3o\/invers\u00e3o no corpo do micromotor<\/em><\/li>\n<li>Press\u00e3o de ar de trabalho:40 libras (psi)<\/li>\n<li>Aclopamento: Atrav\u00e9s do sistema INTRA<\/li>\n<li>Peso ideal: Peso l\u00edquido inferior a 83,0 gramas.<\/li>\n<li>Alto torque<\/li>\n<li>Baixo ruido de trabalho<\/li>\n<li>Exclusivo tratamento eletroqu\u00edmico<\/li>\n<\/ul>\n<p><em>Sistema de tratamento de enrijecimento da camada superficial que assegura a durabilidade da rosca.<\/em><\/p>\n<p>ACOMPANHA ADAPTADOR PARA FACILITAR A LUBRIFICA\u00c7\u00c3O<\/p>\n<ul>\n<li>Dispon\u00edvel tamb\u00e9m com Conex\u00e3o Midwest.<\/li>\n<\/ul>\n<p>ESPECIFICA\u00c7AO TECNICA<\/p>\n<ul>\n<li>Press\u00e3o de trabalho:\u00a0 M\u00e1xima 275,79 kpa = 40 psi = 2,75 bar<\/li>\n<li>Consumo de ar:\u00a0 54 l\/min.<\/li>\n<li>Rota\u00e7\u00e3o:\u00a0De 5.000 \u00e0 20.000 rpm<\/li>\n<li>Terminal de encaixe:\u00a0Tipo Borden (02 furos) ou Tipo Midwest (04 furos)<\/li>\n<li>Acoplamento:\u00a0Atrav\u00e9s de sistema INTRA para pe\u00e7a reta ou contra-\u00e2ngulo<\/li>\n<li>Esteriliza\u00e7\u00e3o:\u00a0 Autoclav\u00e1vel at\u00e9 135\u00baC<\/li>\n<\/ul>\n<p><em>Peso l\u00edquido inferior a 83 gramas<\/em><\/p>\n<p><em>Anvisa\u00a010229030039<\/em><\/p>\n<p><a href=\"http:\/\/www.saevo.com.br\/site\/images\/online\/manuais_56304_Micro_Motor_SAEVO.pdf\">DOWNLOAD MANUAL \u2013\u00a0 MICRO MOTOR<\/a><\/p>","protected":false},"featured_media":11279,"comment_status":"open","ping_status":"closed","template":"","meta":[],"product_cat":[132],"product_tag":[],"class_list":["post-9181","product","type-product","status-publish","has-post-thumbnail","hentry","product_cat-perifericos"],"_links":{"self":[{"href":"https:\/\/flexvet.ind.br\/en\/wp-json\/wp\/v2\/product\/9181","targetHints":{"allow":["GET"]}}],"collection":[{"href":"https:\/\/flexvet.ind.br\/en\/wp-json\/wp\/v2\/product"}],"about":[{"href":"https:\/\/flexvet.ind.br\/en\/wp-json\/wp\/v2\/types\/product"}],"replies":[{"embeddable":true,"href":"https:\/\/flexvet.ind.br\/en\/wp-json\/wp\/v2\/comments?post=9181"}],"version-history":[{"count":0,"href":"https:\/\/flexvet.ind.br\/en\/wp-json\/wp\/v2\/product\/9181\/revisions"}],"wp:featuredmedia":[{"embeddable":true,"href":"https:\/\/flexvet.ind.br\/en\/wp-json\/wp\/v2\/media\/11279"}],"wp:attachment":[{"href":"https:\/\/flexvet.ind.br\/en\/wp-json\/wp\/v2\/media?parent=9181"}],"wp:term":[{"taxonomy":"product_cat","embeddable":true,"href":"https:\/\/flexvet.ind.br\/en\/wp-json\/wp\/v2\/product_cat?post=9181"},{"taxonomy":"product_tag","embeddable":true,"href":"https:\/\/flexvet.ind.br\/en\/wp-json\/wp\/v2\/product_tag?post=9181"}],"curies":[{"name":"wp","href":"https:\/\/api.w.org\/{rel}","templated":true}]}}