{"id":9187,"date":"2022-05-20T14:13:03","date_gmt":"2022-05-20T17:13:03","guid":{"rendered":"https:\/\/flexvet.ind.br\/produto\/sensor-intraoral-saevo\/"},"modified":"2025-08-05T20:07:33","modified_gmt":"2025-08-05T23:07:33","slug":"sensor-intraoral-saevo","status":"publish","type":"product","link":"https:\/\/flexvet.ind.br\/en\/product\/sensor-intraoral-saevo\/","title":{"rendered":"Saevo Intraoral Sensor"},"content":{"rendered":"<div class=\"row\">\n<p><iframe title=\"Sensor Intraoral - Saevo Sensor\" width=\"500\" height=\"281\" src=\"https:\/\/www.youtube.com\/embed\/o3Ss40DPdiE?feature=oembed\" frameborder=\"0\" allow=\"accelerometer; autoplay; clipboard-write; encrypted-media; gyroscope; picture-in-picture; web-share\" referrerpolicy=\"strict-origin-when-cross-origin\" allowfullscreen><\/iframe><\/p>\n<p><b>SENSOR INTRAORAL SAEVO<\/b><\/p>\n<p>CARACTER\u00cdSTICAS<\/p>\n<\/div>\n<div class=\"woocommerce-tabs\">\n<div id=\"tab-description\" class=\"panel entry-content\">\n<div id=\"tab-description\" class=\"panel entry-content\">\n<div class=\"row\">\n<div id=\"tab-description\" class=\"panel entry-content\">\n<ul>\n<li>Sensor tamanho 1 (\u00e1rea ativa \u2013 20 x 30 mm).<\/li>\n<li>Sensor com acabamento interno em silicone;\u00a0 bordas com cantos arredondados para maior conforto do paciente.<\/li>\n<li>Cabo com tr\u00eas metro de comprimento.<\/li>\n<li>Cabo de f\u00e1cil reposi\u00e7\u00e3o.<\/li>\n<li>Capture high definition images in real time. With 25 line pairs (theoretical) and advanced image processing capabilities, you have clear images for the best diagnosis.<\/li>\n<li>Cadastre seus pacientes, capture imagens instantaneamente, laude e organize todas as imagens em segundos.<\/li>\n<li>Amplo range de ferramentas para edi\u00e7\u00e3o como: rota\u00e7\u00e3o, zoom, ajuste de brilho, contraste e gama, invers\u00e3o de cores, inser\u00e7\u00e3o de texto, setas, c\u00edrculos, sele\u00e7\u00e3o e recorte de \u00e1reas, medi\u00e7\u00e3o de \u00e2ngulos e segmentos, barra para laudos\/diagn\u00f3stico, odontograma e compara\u00e7\u00e3o de imagens em tela cheia.<\/li>\n<li>Acompanha Case para transporte.<\/li>\n<li>Importe imagens de outros exames (panor\u00e2micas) e fotos de seus pacientes.<\/li>\n<li>Salve e exporte no sistema DICOM.<\/li>\n<li>F\u00e1cil envio das imagens atrav\u00e9s de e-mail.<\/li>\n<li>Teste de calibra\u00e7\u00e3o do monitor para uma melhor visualiza\u00e7\u00e3o das imagens.<\/li>\n<li>Plug and play: software de f\u00e1cil instala\u00e7\u00e3o.<\/li>\n<li>Sensor tipo CMOS.<\/li>\n<li>N\u00famero de Pixels: 1000 x 1500.<\/li>\n<li>N\u00edvel de cinza: 12 bits.<\/li>\n<li>Resolu\u00e7\u00e3o: 25 pares de linha por mil\u00edmetro.<\/li>\n<\/ul>\n<p>__________________________<\/p>\n<p>ESPECIFICA\u00c7\u00d5ES PARA UTILIZA\u00c7\u00c3O DO SOFTWARE:<\/p>\n<ul>\n<li>Sistema Operacional Windows 7 Home;<\/li>\n<li>Windows 7 Start;<\/li>\n<li>Win 7 Pro 32bits ou 64bits<\/li>\n<li>Windows 8 Pro;<\/li>\n<li>Windows 8.1 Pro;<\/li>\n<li>Windows 10 Pro;<\/li>\n<li>Windows 10 Home.<\/li>\n<\/ul>\n<p>Processador Intel I5 3.0GHz ou superior RAM 2Gb HD 500Gb Entrada 2 portas USB 2.0 livres Tipo do Sensor CMOS Resolu\u00e7\u00e3o 25,00 pares de linha por mil\u00edmetro Tamanho 1 20 x 30mm (\u00e1rea ativa) Conex\u00e3o USB 2.0<\/p>\n<p><strong><a href=\"http:\/\/www.saevo.com.br\/site\/images\/online\/manuais_52426_Saevo_Sensor.pdf\">DOWNLOAD MANUAL \u2013 SENSOR SAEVO<\/a><\/strong><\/p>\n<\/div>\n<\/div>\n<div class=\"woocommerce-tabs\">\n<div id=\"tab-description\" class=\"panel entry-content\"><\/div>\n<\/div>\n<p>&nbsp;<\/p>\n<\/div>\n<\/div>\n<\/div>","protected":false},"excerpt":{"rendered":"<div class=\"row\">\n<div id=\"tab-description\" class=\"panel entry-content\">\n<p>A tecnologia trouxe grandes mudan\u00e7as. As c\u00e2meras, telefones, computadores evolu\u00edram para tornar nossas vidas mais praticas. E na Odontologia n\u00e3o foi diferente, o principio \u00e9 o mesmo mais o modo como fazemos exames radiogr\u00e1ficos mudou. O Sensor Radiogr\u00e1fico Intraoral \u00e9 fruto dessa evolu\u00e7\u00e3o.<\/p>\n<p>Antes dos sensores de Raios X o processo de obten\u00e7\u00e3o de uma imagem radiogr\u00e1fica acontecia da seguinte maneira. Voc\u00ea colocava o filme radiogr\u00e1fico em posi\u00e7\u00e3o; selecionava o tempo de exposi\u00e7\u00e3o no Raios X, realizava o disparo, o filme era sensibilizado pelos Raios X e voc\u00ea revelava o filme. O processo de revela\u00e7\u00e3o do filme radiogr\u00e1fico onerava tempo e muitas vezes pass\u00edvel de erros por conta do operador e em muitas vezes a qualidade do diagn\u00f3stico ficava comprometida. Atualmente as pel\u00edculas de filme j\u00e1 n\u00e3o s\u00e3o mais necess\u00e1rias para obter as imagens radiogr\u00e1ficas. O Sensor Saevo (Digital) \u00e9 uma realidade.<\/p>\n<p>Para obter a radiografia digital, voc\u00ea posiciona o sensor na boca do paciente; seleciona o tempo de exposi\u00e7\u00e3o no Raios X, realiza o disparo e automaticamente a imagem \u00e9 transmitida para um computador. Simples; r\u00e1pido e sem onerar investimentos na revela\u00e7\u00e3o dos filmes.<\/p>\n<p>Com a imagem digital, voc\u00ea traz maior velocidade no atendimento, pela n\u00e3o necessidade de interromper o tratamento para a revela\u00e7\u00e3o das radiografias. A economia \u00e9 real frente ao tempo cl\u00ednico do profissional na revela\u00e7\u00e3o de radiografias e investimentos em filmes; reveladores e fixadores. Al\u00e9m disso, n\u00e3o gera res\u00edduos para o meio ambiente.<\/p>\n<p>As imagens ficam salvas no servidor; e protegidas frente \u00e0 influ\u00eancia do tempo e eliminando a necessidade de arquivamento f\u00edsico.<\/p>\n<p>A utiliza\u00e7\u00e3o de uma tecnologia digital tamb\u00e9m agrega valor ao tratamento; possibilitando a explana\u00e7\u00e3o dos diagn\u00f3sticos na tela do computador possibilitando a aplica\u00e7\u00e3o de ferramentas que permitem a elabora\u00e7\u00e3o de diagn\u00f3sticos mais precisos.<\/p>\n<p>Ao adquirir o\u00a0 Sensor Saevo\u00a0 voc\u00ea tamb\u00e9m recebe um software completo e de f\u00e1cil utiliza\u00e7\u00e3o para cadastro de clientes; arquivamento e edi\u00e7\u00e3o das imagens, que inclusive possibilita o f\u00e1cil tr\u00e1fego de informa\u00e7\u00e3o entre profissionais e entre operadoras odontol\u00f3gicas.<\/p>\n<\/div>\n<\/div>","protected":false},"featured_media":11269,"comment_status":"open","ping_status":"closed","template":"","meta":[],"product_cat":[132],"product_tag":[],"class_list":["post-9187","product","type-product","status-publish","has-post-thumbnail","hentry","product_cat-perifericos"],"_links":{"self":[{"href":"https:\/\/flexvet.ind.br\/en\/wp-json\/wp\/v2\/product\/9187","targetHints":{"allow":["GET"]}}],"collection":[{"href":"https:\/\/flexvet.ind.br\/en\/wp-json\/wp\/v2\/product"}],"about":[{"href":"https:\/\/flexvet.ind.br\/en\/wp-json\/wp\/v2\/types\/product"}],"replies":[{"embeddable":true,"href":"https:\/\/flexvet.ind.br\/en\/wp-json\/wp\/v2\/comments?post=9187"}],"version-history":[{"count":0,"href":"https:\/\/flexvet.ind.br\/en\/wp-json\/wp\/v2\/product\/9187\/revisions"}],"wp:featuredmedia":[{"embeddable":true,"href":"https:\/\/flexvet.ind.br\/en\/wp-json\/wp\/v2\/media\/11269"}],"wp:attachment":[{"href":"https:\/\/flexvet.ind.br\/en\/wp-json\/wp\/v2\/media?parent=9187"}],"wp:term":[{"taxonomy":"product_cat","embeddable":true,"href":"https:\/\/flexvet.ind.br\/en\/wp-json\/wp\/v2\/product_cat?post=9187"},{"taxonomy":"product_tag","embeddable":true,"href":"https:\/\/flexvet.ind.br\/en\/wp-json\/wp\/v2\/product_tag?post=9187"}],"curies":[{"name":"wp","href":"https:\/\/api.w.org\/{rel}","templated":true}]}}