{"id":9204,"date":"2022-05-20T14:13:14","date_gmt":"2022-05-20T17:13:14","guid":{"rendered":"https:\/\/flexvet.ind.br\/produto\/peca-angular-multiplicadora\/"},"modified":"2025-08-01T23:32:53","modified_gmt":"2025-08-02T02:32:53","slug":"peca-angular-multiplicadora","status":"publish","type":"product","link":"https:\/\/flexvet.ind.br\/en\/product\/peca-angular-multiplicadora\/","title":{"rendered":"Pe\u00e7a Angular Multiplicadora"},"content":{"rendered":"","protected":false},"excerpt":{"rendered":"<ul>\n<li>\u00c2ngulo de 20\u00ba<\/li>\n<li>Pin\u00e7a em a\u00e7o inoxid\u00e1vel<\/li>\n<li>Proporciona maior facilidade no acionamento da pin\u00e7a para brocas de 45mm ou 65mm de comprimento<\/li>\n<li>Transmiss\u00e3o 1:2<\/li>\n<li>Ponteira alongada com 5,4mm de di\u00e2metro<\/li>\n<\/ul>","protected":false},"featured_media":11278,"comment_status":"open","ping_status":"closed","template":"","meta":[],"product_cat":[132],"product_tag":[],"class_list":["post-9204","product","type-product","status-publish","has-post-thumbnail","hentry","product_cat-perifericos"],"_links":{"self":[{"href":"https:\/\/flexvet.ind.br\/en\/wp-json\/wp\/v2\/product\/9204","targetHints":{"allow":["GET"]}}],"collection":[{"href":"https:\/\/flexvet.ind.br\/en\/wp-json\/wp\/v2\/product"}],"about":[{"href":"https:\/\/flexvet.ind.br\/en\/wp-json\/wp\/v2\/types\/product"}],"replies":[{"embeddable":true,"href":"https:\/\/flexvet.ind.br\/en\/wp-json\/wp\/v2\/comments?post=9204"}],"version-history":[{"count":0,"href":"https:\/\/flexvet.ind.br\/en\/wp-json\/wp\/v2\/product\/9204\/revisions"}],"wp:featuredmedia":[{"embeddable":true,"href":"https:\/\/flexvet.ind.br\/en\/wp-json\/wp\/v2\/media\/11278"}],"wp:attachment":[{"href":"https:\/\/flexvet.ind.br\/en\/wp-json\/wp\/v2\/media?parent=9204"}],"wp:term":[{"taxonomy":"product_cat","embeddable":true,"href":"https:\/\/flexvet.ind.br\/en\/wp-json\/wp\/v2\/product_cat?post=9204"},{"taxonomy":"product_tag","embeddable":true,"href":"https:\/\/flexvet.ind.br\/en\/wp-json\/wp\/v2\/product_tag?post=9204"}],"curies":[{"name":"wp","href":"https:\/\/api.w.org\/{rel}","templated":true}]}}