{"id":9249,"date":"2022-05-20T10:10:54","date_gmt":"2022-05-20T13:10:54","guid":{"rendered":"https:\/\/flexvet.ind.br\/produto\/flexvet-master-plus\/"},"modified":"2025-08-05T20:30:38","modified_gmt":"2025-08-05T23:30:38","slug":"flexvet-master-sonic","status":"publish","type":"product","link":"https:\/\/flexvet.ind.br\/en\/product\/flexvet-master-sonic\/","title":{"rendered":"FLEXVET &#8211; Master Sonic"},"content":{"rendered":"","protected":false},"excerpt":{"rendered":"<p><strong><span class=\"googie_link\">FLEXVET<\/span>\u00a0 MASTER SONIC<\/strong><\/p>\n<p>SURGICAL REFLECTOR<\/p>\n<ul>\n<li>L\u00e2mpada h3 \u2013 12v x 55w.<\/li>\n<li>Campo de ilumina\u00e7\u00e3o 8&#215;20 com a distancia de 70 cm do foco.<\/li>\n<li>Luminosidade 24000 lux.<\/li>\n<li>Temperatura n\u00e3o altera mais que 4\u00b0c.<\/li>\n<li>Puxador lateral duplo.<\/li>\n<li>Espelho multifacetado com prote\u00e7\u00e3o transparente de policarbonato.<\/li>\n<\/ul>\n<p>4-POINT EQUIPMENT<\/p>\n<ul>\n<li>Terminal de alta rota\u00e7\u00e3o refrigerado.<\/li>\n<li>Terminal de baixa rota\u00e7\u00e3o.<\/li>\n<li>Caneta de ultrassom (pot\u00eancia de 29khz a 33khz).<\/li>\n<li>Painel de comando com regulagem de potencia e fluxo de \u00e1gua do ultrassom.<\/li>\n<li>Seringa tr\u00edplice.<\/li>\n<li>Reservat\u00f3rio de \u00e1gua 1.000 ml.<\/li>\n<li>Pedal progressivo para acionamento das pontas.<\/li>\n<\/ul>\n<p>COMPRESSOR<\/p>\n<ul>\n<li style=\"font-weight: 400;\" aria-level=\"1\">Tanque: 40L<\/li>\n<li style=\"font-weight: 400;\" aria-level=\"1\">Pot\u00eancia de 1 hp \u2013 4P<\/li>\n<li style=\"font-weight: 400;\" aria-level=\"1\">Deslocamento te\u00f3rico: 147 l\/min \u2013 5,2 pcm<\/li>\n<li style=\"font-weight: 400;\" aria-level=\"1\">Press\u00e3o m\u00e1xima: 120 psi \u2013 8,3 bar<\/li>\n<li style=\"font-weight: 400;\" aria-level=\"1\">Tempo de enchimento: 5 minutos e 26 segundos<\/li>\n<li style=\"font-weight: 400;\" aria-level=\"1\">N\u00ba de Cilindros: 2<\/li>\n<li style=\"font-weight: 400;\" aria-level=\"1\">N\u00ba de Est\u00e1gios: 1<\/li>\n<li style=\"font-weight: 400;\" aria-level=\"1\">RPM do Bloco: 1640t<\/li>\n<li style=\"font-weight: 400;\" aria-level=\"1\">Tens\u00e3o: 220 ou 110<\/li>\n<\/ul>\n<p><em>LEMBRANDO!\u00a0 AS PE\u00c7AS DE M\u00c3O, S\u00c3O VENDIDAS SEPARADAMENTE.<\/em><\/p>","protected":false},"featured_media":11692,"comment_status":"open","ping_status":"closed","template":"","meta":[],"product_cat":[21,164],"product_tag":[],"class_list":["post-9249","product","type-product","status-publish","has-post-thumbnail","hentry","product_cat-equipamentos","product_cat-para-atendimento-em-clinica"],"_links":{"self":[{"href":"https:\/\/flexvet.ind.br\/en\/wp-json\/wp\/v2\/product\/9249","targetHints":{"allow":["GET"]}}],"collection":[{"href":"https:\/\/flexvet.ind.br\/en\/wp-json\/wp\/v2\/product"}],"about":[{"href":"https:\/\/flexvet.ind.br\/en\/wp-json\/wp\/v2\/types\/product"}],"replies":[{"embeddable":true,"href":"https:\/\/flexvet.ind.br\/en\/wp-json\/wp\/v2\/comments?post=9249"}],"version-history":[{"count":0,"href":"https:\/\/flexvet.ind.br\/en\/wp-json\/wp\/v2\/product\/9249\/revisions"}],"wp:featuredmedia":[{"embeddable":true,"href":"https:\/\/flexvet.ind.br\/en\/wp-json\/wp\/v2\/media\/11692"}],"wp:attachment":[{"href":"https:\/\/flexvet.ind.br\/en\/wp-json\/wp\/v2\/media?parent=9249"}],"wp:term":[{"taxonomy":"product_cat","embeddable":true,"href":"https:\/\/flexvet.ind.br\/en\/wp-json\/wp\/v2\/product_cat?post=9249"},{"taxonomy":"product_tag","embeddable":true,"href":"https:\/\/flexvet.ind.br\/en\/wp-json\/wp\/v2\/product_tag?post=9249"}],"curies":[{"name":"wp","href":"https:\/\/api.w.org\/{rel}","templated":true}]}}