{"id":9294,"date":"2022-05-20T11:30:52","date_gmt":"2022-05-20T14:30:52","guid":{"rendered":"https:\/\/flexvet.ind.br\/produto\/flexvet-micro-sonic\/"},"modified":"2025-08-05T20:20:33","modified_gmt":"2025-08-05T23:20:33","slug":"flexvet-micro-sonic","status":"publish","type":"product","link":"https:\/\/flexvet.ind.br\/en\/product\/flexvet-micro-sonic\/","title":{"rendered":"FLEXVET &#8211; Micro Sonic"},"content":{"rendered":"","protected":false},"excerpt":{"rendered":"<p><strong>MICRO SONIC<\/strong><\/p>\n<p>ITENS DE S\u00c9RIE:<\/p>\n<ul>\n<li>Table set 90 degrees 3 tips.<\/li>\n<li>Electric micromotor with cooling, rotation reversing switch (right\/left).<\/li>\n<li>Caneta de ultrassom (pot\u00eancia de 29khz a 33khz).<\/li>\n<li>Painel de comando com regulagem de potencia e fluxo de \u00e1gua do ultrassom.<\/li>\n<li>Seringa tr\u00edplice.<\/li>\n<li>Pedal el\u00e9trico para acionamento das pontas.<\/li>\n<li>Reservat\u00f3rio de \u00e1gua 1000ml com pressuriza\u00e7\u00e3o.<\/li>\n<li>Bandeja auxiliar que permite a acomoda\u00e7\u00e3o e a organiza\u00e7\u00e3o de instrumentos durante a realiza\u00e7\u00e3o de procedimentos (Autoclav\u00e1vel em at\u00e9 135\u00b0 C ).<\/li>\n<li>Sele\u00e7\u00e3o autom\u00e1tica 110V\/220V (bivolt).<\/li>\n<\/ul>\n<p>ITENS OPCIONAIS:<\/p>\n<ul>\n<li>Contra \u00e2ngulo transmiss\u00e3o 1:1.<\/li>\n<li>Contra \u00e2ngulo transmiss\u00e3o 20:1.<\/li>\n<li>Contra \u00e2ngulo transmiss\u00e3o 1:5.<\/li>\n<li>Pe\u00e7a reta (padr\u00e3o &#8211; intra).<\/li>\n<\/ul>","protected":false},"featured_media":11800,"comment_status":"open","ping_status":"closed","template":"","meta":[],"product_cat":[21,165],"product_tag":[],"class_list":["post-9294","product","type-product","status-publish","has-post-thumbnail","hentry","product_cat-equipamentos","product_cat-para-atendimento-volante"],"_links":{"self":[{"href":"https:\/\/flexvet.ind.br\/en\/wp-json\/wp\/v2\/product\/9294","targetHints":{"allow":["GET"]}}],"collection":[{"href":"https:\/\/flexvet.ind.br\/en\/wp-json\/wp\/v2\/product"}],"about":[{"href":"https:\/\/flexvet.ind.br\/en\/wp-json\/wp\/v2\/types\/product"}],"replies":[{"embeddable":true,"href":"https:\/\/flexvet.ind.br\/en\/wp-json\/wp\/v2\/comments?post=9294"}],"version-history":[{"count":0,"href":"https:\/\/flexvet.ind.br\/en\/wp-json\/wp\/v2\/product\/9294\/revisions"}],"wp:featuredmedia":[{"embeddable":true,"href":"https:\/\/flexvet.ind.br\/en\/wp-json\/wp\/v2\/media\/11800"}],"wp:attachment":[{"href":"https:\/\/flexvet.ind.br\/en\/wp-json\/wp\/v2\/media?parent=9294"}],"wp:term":[{"taxonomy":"product_cat","embeddable":true,"href":"https:\/\/flexvet.ind.br\/en\/wp-json\/wp\/v2\/product_cat?post=9294"},{"taxonomy":"product_tag","embeddable":true,"href":"https:\/\/flexvet.ind.br\/en\/wp-json\/wp\/v2\/product_tag?post=9294"}],"curies":[{"name":"wp","href":"https:\/\/api.w.org\/{rel}","templated":true}]}}