{"id":9315,"date":"2022-05-20T14:17:06","date_gmt":"2022-05-20T17:17:06","guid":{"rendered":"https:\/\/flexvet.ind.br\/produto\/peca-reta-saevo-sl30\/"},"modified":"2025-08-01T23:33:23","modified_gmt":"2025-08-02T02:33:23","slug":"peca-reta-saevo-sl30","status":"publish","type":"product","link":"https:\/\/flexvet.ind.br\/en\/product\/peca-reta-saevo-sl30\/","title":{"rendered":"Pe\u00e7a Reta Saevo SL30"},"content":{"rendered":"<p><b>PE\u00c7A RETA SAEVO SL30<\/b><\/p>\n<p>CARACTER\u00cdSTICAS<\/p>\n<ul>\n<li>Design arrojado, anat\u00f4mico, com linhas arredondadas<\/li>\n<li>Corpo em alum\u00ednio, com tratamento cromado acetinado<\/li>\n<li>Autoclav\u00e1vel a at\u00e9 135 \u00b0C<\/li>\n<li>Sistema de f\u00e1cil acoplamento, tipo INTRA girat\u00f3rio<\/li>\n<li>Formato ergon\u00f4mico, com ranhuras antiderrapantes<\/li>\n<li>Rela\u00e7\u00e3o de transmiss\u00e3o 1:1<\/li>\n<li>Fixa\u00e7\u00e3o das brocas por meio de anel girat\u00f3rio resistente \u00e0 tra\u00e7\u00e3o superior<\/li>\n<li>Assegura o travamento da broca, garantindo mais seguran\u00e7a e praticidade<\/li>\n<li>Utiliza brocas standard, haste tipo 2<\/li>\n<li>Peso ideal para o trabalho: 50 g<\/li>\n<li>Produz baixo n\u00edvel de ru\u00eddo<\/li>\n<li>Op\u00e7\u00e3o de refrigera\u00e7\u00e3o da broca com spray de interno: refrigera a regi\u00e3o de corte da broca em qualquer posi\u00e7\u00e3o de trabalho, evitando superaquecimento<\/li>\n<\/ul>\n<p>&nbsp;<\/p>\n<p><strong>INFOMRA\u00c7\u00d5ES T\u00c9CNICAS<\/strong><\/p>\n<ul>\n<li class=\"text\">Esteriliza\u00e7\u00e3o: Autoclav\u00e1vel at\u00e9 135 \u00b0C<\/li>\n<li class=\"text\">Peso bruto: 115 g<\/li>\n<li class=\"text\">Peso l\u00edquido: 50 g<\/li>\n<li class=\"text\">Rota\u00e7\u00e3o m\u00e1xima &#8211; 20.000 rpm<\/li>\n<li class=\"text\">Sistema: INTRA girat\u00f3rio<\/li>\n<li class=\"text\">Sistema de fixa\u00e7\u00e3o da broca: Giro de anel &#8211; extrema simplicidade e rapidez<\/li>\n<li class=\"text\">Tipo de Broca: FG Standard<\/li>\n<li class=\"text\">Transmiss\u00e3o: 1:1<\/li>\n<li>Anvisa: 10069210073<\/li>\n<\/ul>","protected":false},"excerpt":{"rendered":"<div class=\"text\">\n<h2 class=\"title_primary\">Pe\u00e7a Reta &#8211; SL 30<\/h2>\n<p>A pe\u00e7a reta da Saevo tem um formato anat\u00f4mico e leve, com a precis\u00e3o e desempenhos ideias para a rotina do cirurgi\u00e3o-dentista. Ela \u00e9 fabricada com material resistente e de longa durabilidade, garantindo mais conforto e ergonomia durante o manuseio. A fixa\u00e7\u00e3o das brocas \u00e9 mais simples e segura, feita por meio de anel girat\u00f3rio e a pe\u00e7a tamb\u00e9m est\u00e1 dispon\u00edvel na vers\u00e3o com spray de irriga\u00e7\u00e3o interno \u2013 que refrigera a regi\u00e3o de corte da broca em qualquer posi\u00e7\u00e3o de trabalho.<\/p>\n<\/div>\n<div class=\"my-5\"><\/div>","protected":false},"featured_media":11271,"comment_status":"open","ping_status":"closed","template":"","meta":[],"product_cat":[132],"product_tag":[],"class_list":["post-9315","product","type-product","status-publish","has-post-thumbnail","hentry","product_cat-perifericos"],"_links":{"self":[{"href":"https:\/\/flexvet.ind.br\/en\/wp-json\/wp\/v2\/product\/9315","targetHints":{"allow":["GET"]}}],"collection":[{"href":"https:\/\/flexvet.ind.br\/en\/wp-json\/wp\/v2\/product"}],"about":[{"href":"https:\/\/flexvet.ind.br\/en\/wp-json\/wp\/v2\/types\/product"}],"replies":[{"embeddable":true,"href":"https:\/\/flexvet.ind.br\/en\/wp-json\/wp\/v2\/comments?post=9315"}],"version-history":[{"count":0,"href":"https:\/\/flexvet.ind.br\/en\/wp-json\/wp\/v2\/product\/9315\/revisions"}],"wp:featuredmedia":[{"embeddable":true,"href":"https:\/\/flexvet.ind.br\/en\/wp-json\/wp\/v2\/media\/11271"}],"wp:attachment":[{"href":"https:\/\/flexvet.ind.br\/en\/wp-json\/wp\/v2\/media?parent=9315"}],"wp:term":[{"taxonomy":"product_cat","embeddable":true,"href":"https:\/\/flexvet.ind.br\/en\/wp-json\/wp\/v2\/product_cat?post=9315"},{"taxonomy":"product_tag","embeddable":true,"href":"https:\/\/flexvet.ind.br\/en\/wp-json\/wp\/v2\/product_tag?post=9315"}],"curies":[{"name":"wp","href":"https:\/\/api.w.org\/{rel}","templated":true}]}}