{"id":9324,"date":"2022-05-20T14:17:12","date_gmt":"2022-05-20T17:17:12","guid":{"rendered":"https:\/\/flexvet.ind.br\/produto\/flexvet-miniflex-sonic-animale-x\/"},"modified":"2025-08-05T20:23:43","modified_gmt":"2025-08-05T23:23:43","slug":"flexvet-miniflex-sonic-animale-x","status":"publish","type":"product","link":"https:\/\/flexvet.ind.br\/en\/product\/flexvet-miniflex-sonic-animale-x\/","title":{"rendered":"FLEXVET &#8211; Miniflex Sonic Animale X"},"content":{"rendered":"<p><b>MINIFLEX SONIC ANIMALE X<\/b><\/p>\n<p style=\"text-align: center;\"><strong>Kit Multimidia &#8211; <\/strong><strong>Eagle Digital Sensor \u2013 Size 2 (active area: 26\u00d736 mm)<\/strong><\/p>\n<p>CARACTER\u00cdSTICAS T\u00c9CNICAS<\/p>\n<ul>\n<li>Sensor with internal silicone finish; beveled edges for patient comfort<\/li>\n<li>Three meter long cable<\/li>\n<li>Easy replacement cable<\/li>\n<li>Capture high definition images in real time. With 25 line pairs (theoretical) and advanced image processing capabilities, you have clear images for the best diagnosis.<\/li>\n<li>Register your patients, capture images instantly, report and organize all images in seconds.<\/li>\n<li>Wide range of editing tools such as: rotating, zooming, adjusting brightness, contrast and gamma, positive\/negative, adjusting color, embossing, inserting text, arrows, circles, selecting and cropping areas, measuring angles and segments, report\/diagnosis bar, odontogram and full screen image comparison.<\/li>\n<li>Acompanha case para transporte<\/li>\n<li>Importe imagens de outros exames (panor\u00e2micas) e fotos de seus pacientes<\/li>\n<li>Salve e exporte no sistema DICOM<\/li>\n<li>F\u00e1cil envio das imagens atrav\u00e9s de e-mail<\/li>\n<li>Teste de calibra\u00e7\u00e3o do monitor para uma melhor visualiza\u00e7\u00e3o das imagens<\/li>\n<li>Plug and play: software de f\u00e1cil instala\u00e7\u00e3o<\/li>\n<li>Sensor tipo CMOS<\/li>\n<li>N\u00famero de Pixels: 1000 x 1500<\/li>\n<li>N\u00edvel de cinza: 12 bits<\/li>\n<li>Resolu\u00e7\u00e3o: 25 pares de linha por mil\u00edmetro<\/li>\n<\/ul>\n<p style=\"text-align: center;\"><strong>Tablet\/ Notebook <\/strong><\/p>\n<p>CARACTER\u00cdSTICAS T\u00c9CNICAS<\/p>\n<ul>\n<li>Tamanho da tela: 10,1 polegadas 1280 x 800 IPS<\/li>\n<li>RAM 2 GB<\/li>\n<li>Disco r\u00edgido 32 GB<\/li>\n<li>Processador: Intel HD Atom<\/li>\n<li>Descri\u00e7\u00e3o do cart\u00e3o: Integrado<\/li>\n<li>Tipo sem fio: Bluetooth \/ Wi-fi<\/li>\n<li>Tipo de mem\u00f3ria do computador: SDRAM DDR<\/li>\n<li>Sa\u00edda HDMI<\/li>\n<li>Bluetooth<\/li>\n<li>Tens\u00e3o: 110V<\/li>\n<li>Sistema operacional Microsoft Windows 10 (Com licen\u00e7a)<\/li>\n<li>Suporte Para Tablet<\/li>\n<\/ul>\n<p><strong>\u00a0<\/strong><\/p>\n<p>4 POINT EQUIPAMENT<\/p>\n<ul>\n<li>Terminal de alta rota\u00e7\u00e3o refrigerado.<\/li>\n<li>Terminal de baixa rota\u00e7\u00e3o.<\/li>\n<li>Caneta de ultrassom (pot\u00eancia de 29khz a 33khz).<\/li>\n<li>Painel de comando com ajuste digital de pot\u00eancia em 6 n\u00edveis e regulagem do fluxo de \u00e1gua do ultrassom.<\/li>\n<li>Seringa tr\u00edplice.<\/li>\n<li>Reservat\u00f3rio de \u00e1gua 1.000 ml.<\/li>\n<li>Pedal el\u00e9trico para acionamento das pontas.<\/li>\n<li>Compressor silencioso isento de \u00f3leo.<\/li>\n<li>N\u00edvel de ru\u00eddo 52(db(a)1m).<\/li>\n<li>Negatosc\u00f3pio no equipo (led).<br \/>\n<b><\/b><\/li>\n<\/ul>\n<p>COMPRESSOR<\/p>\n<ul>\n<li>Pot\u00eancia de 1HP<\/li>\n<li>Vaz\u00e3o de 0 Bar 135L \u2013 4,75 PCM.<\/li>\n<li>Press\u00e3o m\u00e1xima de 8 Bar \u2013 120 PSI.<\/li>\n<li>Rota\u00e7\u00f5es 1680 RPM. N\u00edvel de ru\u00eddo 52 (db(a)-1M).<\/li>\n<li>Tens\u00e3o Bi-volt com chave seletora (110\/220).<\/li>\n<\/ul>\n<p><em>LEMBRANDO! AS PE\u00c7AS DE M\u00c3O, S\u00c3O VENDIDAS SEPARADAMENTE.<\/em><\/p>","protected":false},"excerpt":{"rendered":"<h3>Capture imagens de alta defini\u00e7\u00e3o em tempo real.<\/h3>\n<p>Com 25 pares de linha (te\u00f3rico) e avan\u00e7ados recursos de processamento de imagem, voc\u00ea tem a disposi\u00e7\u00e3o imagens n\u00edtidas para o melhor diagn\u00f3stico. Cadastre seus pacientes, capture imagens instantaneamente, laudo e organize todas as imagens em segundos.<\/p>","protected":false},"featured_media":9990,"comment_status":"open","ping_status":"closed","template":"","meta":[],"product_cat":[21,165],"product_tag":[],"class_list":["post-9324","product","type-product","status-publish","has-post-thumbnail","hentry","product_cat-equipamentos","product_cat-para-atendimento-volante"],"_links":{"self":[{"href":"https:\/\/flexvet.ind.br\/en\/wp-json\/wp\/v2\/product\/9324","targetHints":{"allow":["GET"]}}],"collection":[{"href":"https:\/\/flexvet.ind.br\/en\/wp-json\/wp\/v2\/product"}],"about":[{"href":"https:\/\/flexvet.ind.br\/en\/wp-json\/wp\/v2\/types\/product"}],"replies":[{"embeddable":true,"href":"https:\/\/flexvet.ind.br\/en\/wp-json\/wp\/v2\/comments?post=9324"}],"version-history":[{"count":0,"href":"https:\/\/flexvet.ind.br\/en\/wp-json\/wp\/v2\/product\/9324\/revisions"}],"wp:featuredmedia":[{"embeddable":true,"href":"https:\/\/flexvet.ind.br\/en\/wp-json\/wp\/v2\/media\/9990"}],"wp:attachment":[{"href":"https:\/\/flexvet.ind.br\/en\/wp-json\/wp\/v2\/media?parent=9324"}],"wp:term":[{"taxonomy":"product_cat","embeddable":true,"href":"https:\/\/flexvet.ind.br\/en\/wp-json\/wp\/v2\/product_cat?post=9324"},{"taxonomy":"product_tag","embeddable":true,"href":"https:\/\/flexvet.ind.br\/en\/wp-json\/wp\/v2\/product_tag?post=9324"}],"curies":[{"name":"wp","href":"https:\/\/api.w.org\/{rel}","templated":true}]}}