{"id":9362,"date":"2022-05-20T11:40:50","date_gmt":"2022-05-20T14:40:50","guid":{"rendered":"https:\/\/flexvet.ind.br\/produto\/flexvet-junior-sonic\/"},"modified":"2025-08-05T20:18:55","modified_gmt":"2025-08-05T23:18:55","slug":"flexvet-junior-sonic","status":"publish","type":"product","link":"https:\/\/flexvet.ind.br\/en\/product\/flexvet-junior-sonic\/","title":{"rendered":"FLEXVET &#8211; Junior Sonic"},"content":{"rendered":"","protected":false},"excerpt":{"rendered":"<p><strong>FLEXVET\u00a0 JUNIOR SONIC<\/strong><\/p>\n<p>DESCRIPTION:<\/p>\n<ul>\n<li>\u2022Terminal de alta rota\u00e7\u00e3o refrigerado.<\/li>\n<li>Terminal de baixa rota\u00e7\u00e3o.<\/li>\n<li>Caneta de ultrassom (pot\u00eancia de 29khz a 33khz).<\/li>\n<li>Painel de comando com regulagem de potencia e fluxo de \u00e1gua do ultrassom.<\/li>\n<li>Seringa tr\u00edplice.<\/li>\n<li>Reservat\u00f3rio de \u00e1gua 1.000 ml.<\/li>\n<li>Pedal el\u00e9trico para acionamento das pontas.<\/li>\n<\/ul>\n<p>COMPRESSOR<\/p>\n<ul>\n<li>Pot\u00eancia de 1 hp.<\/li>\n<li>Press\u00e3o m\u00e1xima de 8,3 bar \u2013 120 psi.<\/li>\n<li>N\u00edvel de ru\u00eddo 52 (db(a) \u2013 1m).<\/li>\n<li>Rota\u00e7\u00f5es 1680 rpm.<\/li>\n<li>Tens\u00e3o Bi-volt com chave seletora (110\/220).<\/li>\n<\/ul>\n<p><em>LEMBRANDO!\u00a0 AS PE\u00c7AS DE M\u00c3O, S\u00c3O VENDIDAS SEPARADAMENTE.<\/em><\/p>","protected":false},"featured_media":11861,"comment_status":"open","ping_status":"closed","template":"","meta":[],"product_cat":[21,164],"product_tag":[],"class_list":["post-9362","product","type-product","status-publish","has-post-thumbnail","hentry","product_cat-equipamentos","product_cat-para-atendimento-em-clinica"],"_links":{"self":[{"href":"https:\/\/flexvet.ind.br\/en\/wp-json\/wp\/v2\/product\/9362","targetHints":{"allow":["GET"]}}],"collection":[{"href":"https:\/\/flexvet.ind.br\/en\/wp-json\/wp\/v2\/product"}],"about":[{"href":"https:\/\/flexvet.ind.br\/en\/wp-json\/wp\/v2\/types\/product"}],"replies":[{"embeddable":true,"href":"https:\/\/flexvet.ind.br\/en\/wp-json\/wp\/v2\/comments?post=9362"}],"version-history":[{"count":0,"href":"https:\/\/flexvet.ind.br\/en\/wp-json\/wp\/v2\/product\/9362\/revisions"}],"wp:featuredmedia":[{"embeddable":true,"href":"https:\/\/flexvet.ind.br\/en\/wp-json\/wp\/v2\/media\/11861"}],"wp:attachment":[{"href":"https:\/\/flexvet.ind.br\/en\/wp-json\/wp\/v2\/media?parent=9362"}],"wp:term":[{"taxonomy":"product_cat","embeddable":true,"href":"https:\/\/flexvet.ind.br\/en\/wp-json\/wp\/v2\/product_cat?post=9362"},{"taxonomy":"product_tag","embeddable":true,"href":"https:\/\/flexvet.ind.br\/en\/wp-json\/wp\/v2\/product_tag?post=9362"}],"curies":[{"name":"wp","href":"https:\/\/api.w.org\/{rel}","templated":true}]}}