{"id":4400,"date":"2021-10-12T15:51:09","date_gmt":"2021-10-12T18:51:09","guid":{"rendered":"http:\/\/dummy.xtemos.com\/woodmart2\/elementor\/?page_id=4400"},"modified":"2023-04-04T11:46:04","modified_gmt":"2023-04-04T14:46:04","slug":"sobre","status":"publish","type":"page","link":"https:\/\/flexvet.ind.br\/es\/sobre\/","title":{"rendered":"Sobre nosotros"},"content":{"rendered":"<div data-elementor-type=\"wp-page\" data-elementor-id=\"4400\" class=\"elementor elementor-4400\" data-elementor-post-type=\"page\">\n\t\t\t\t<div data-particle_enable=\"false\" data-particle-mobile-disabled=\"false\" class=\"elementor-element elementor-element-5d07119 e-flex e-con-boxed e-con e-parent\" data-id=\"5d07119\" data-element_type=\"container\">\n\t\t\t\t\t<div class=\"e-con-inner\">\n\t\t\t\t<div class=\"elementor-element elementor-element-758f42f elementor-widget elementor-widget-heading\" data-id=\"758f42f\" data-element_type=\"widget\" data-widget_type=\"heading.default\">\n\t\t\t\t<div class=\"elementor-widget-container\">\n\t\t\t<style>\/*! elementor - v3.23.0 - 05-08-2024 *\/\n.elementor-heading-title{padding:0;margin:0;line-height:1}.elementor-widget-heading .elementor-heading-title[class*=elementor-size-]>a{color:inherit;font-size:inherit;line-height:inherit}.elementor-widget-heading .elementor-heading-title.elementor-size-small{font-size:15px}.elementor-widget-heading .elementor-heading-title.elementor-size-medium{font-size:19px}.elementor-widget-heading .elementor-heading-title.elementor-size-large{font-size:29px}.elementor-widget-heading .elementor-heading-title.elementor-size-xl{font-size:39px}.elementor-widget-heading .elementor-heading-title.elementor-size-xxl{font-size:59px}<\/style><h2 class=\"elementor-heading-title elementor-size-default\"><h1 data-elementor-setting-key=\"title\" data-pen-placeholder=\"Digite aqui...\" style=\"font-style: normal; font-variant-ligatures: normal; font-variant-caps: normal; font-weight: var(--wd-title-font-weight); font-family: &quot;Barlow Condensed&quot;, Arial, Helvetica, sans-serif; text-transform: none;\"><span style=\"color: var(--wd-title-color); font-family: var(--wd-title-font); font-style: var(--wd-title-font-style); font-weight: var(--wd-title-font-weight); text-transform: var(--wd-title-transform); text-align: var(--text-align); background-color: var(--wd-main-bgcolor);\">A HISTORIA DA FLEXVET<\/span><\/h1><\/h2>\t\t<\/div>\n\t\t\t\t<\/div>\n\t\t\t\t\t<\/div>\n\t\t\t\t<\/div>\n\t\t<div data-particle_enable=\"false\" data-particle-mobile-disabled=\"false\" class=\"elementor-element elementor-element-59188ce e-flex e-con-boxed e-con e-parent\" data-id=\"59188ce\" data-element_type=\"container\">\n\t\t\t\t\t<div class=\"e-con-inner\">\n\t\t\t\t<div class=\"elementor-element elementor-element-b8a00f6 elementor-widget elementor-widget-wd_text_block\" data-id=\"b8a00f6\" data-element_type=\"widget\" data-widget_type=\"wd_text_block.default\">\n\t\t\t\t<div class=\"elementor-widget-container\">\n\t\t\t\t\t<div class=\"wd-text-block reset-last-child text-left\">\n\t\t\t\n\t\t\t<p>Nossa historia come\u00e7ou em 2003 com nosso fundador que ingressou na \u00e1rea da odontologia humana como t\u00e9cnico de equipamentos odontol\u00f3gicos.<\/p><p>Esse come\u00e7o despretensioso \u00e9 o que daria o conhecimento e experi\u00eancia necess\u00e1rio para um futuro brilhante que havia de vir. Ap\u00f3s cerca de 10 anos trabalhando com marcas renomadas do ramo, era chegada a hora de dar o pr\u00f3ximo passo.<\/p><p>A proposta de desenvolver equipamento especificamente para odontologia veterin\u00e1ria surgiu em 2010, e como voc\u00ea imagina essa oportunidade n\u00e3o passou em branco. Ap\u00f3s perceber que n\u00e3o existia um mercado que supria essa demanda de equipamentos, era n\u00edtida a chance de n\u00f3s tornarmos os pioneiros na \u00e1rea.<\/p><p>Ap\u00f3s algum tempo de pesquisa chegamos ao FlexVet Master. Equipamento contendo perif\u00e9ricos dentro de uma ergonomia \u00fanica e exclusiva. Agora era necess\u00e1rio um especialista para validar nosso prot\u00f3tipo. Esse profissional foi o Professor Jose Ricardo Parrari. Que ap\u00f3s avaliar o equipamento e sugerir adequa\u00e7\u00f5es, tivemos sua aprova\u00e7\u00e3o.<\/p><p>Passamos a acompanh\u00e1-lo em cursos voltados para odontologia veterin\u00e1ria, divulgando um novo produto. Ap\u00f3s anos trabalhando na difus\u00e3o dos equipamentos e da marca Flexvet, era hora de outro passo importante, criar o primeiro equipamento port\u00e1til com compressor acoplado. Assim nasce o Flex Fat J\u00fanior.<\/p><p>A inova\u00e7\u00e3o do J\u00fanior foi t\u00e3o impactante ao mercado que o mesmo tornou-se campe\u00e3o de vendas entre os anos de 2012 e 2015, competindo com outros oito modelos da pr\u00f3pria FlexVet.<\/p><p>Com o reconhecimento no cen\u00e1rio surgiu a oportunidade de participarmos como parceiros de curso de especializa\u00e7\u00e3o e aperfei\u00e7oamento em odontologia veterin\u00e1ria na USP, Ancliveta, Qualitas, Fanesp e CPOV, tornando assim a Flexvet, a primeira empresa do ramo a mobilizar e fomentar essa \u00e1rea.<\/p><p>Seguindo no plano de inova\u00e7\u00e3o, em 2015, decidimos tornar o que j\u00e1 era compacto ainda mais port\u00e1til. Assim nasceu o Miniflex, a evolu\u00e7\u00e3o da esp\u00e9cie em apenas 17,5kg bivolt, compacto, com compressor embutido.<\/p><p>O MiniFlex tornou-se campe\u00e3o de vendas absoluto desde seu lan\u00e7amento at\u00e9 o momento. Esses passos nos geraram oportunidades como ter participa\u00e7\u00e3o em uma opera\u00e7\u00e3o em um hipop\u00f3tamo, um procedimento INEDITO.<\/p><p>A Flexvet permanece investindo no desenvolvimento, aperfei\u00e7oamento, inova\u00e7\u00e3o amplia\u00e7\u00e3o do mercado, pensando sempre na qualidade de seus produtos e no bem-estar dos profissionais e seus pacientes durante os mais diversos procedimentos.<\/p><p>Sendo assim, adentra no campo da odontologia equina com seu novo lan\u00e7amento, o MiniFlex Horse, e n\u00e3o para por a\u00ed, nosso pr\u00f3ximo passo ser\u00e1 revelado hoje pra voc\u00eas. Os instrumentais para odontologia veterin\u00e1ria s\u00e3o bastante espec\u00edficos, desenvolvidos pra suprir a necessidade do profissional nos mais diversos procedimentos, presente no cotidiano do dentista veterin\u00e1rio a escolha material, formato, tamanho, peso, influenciam na t\u00e9cnica e s\u00e3o essenciais para a melhor performance do profissional.<\/p><p>Por isso, devem ser escolhidos com crit\u00e9rio, pois auxiliam o aperfei\u00e7oamento dos mais diversos procedimentos realiza em diferentes animais.<\/p>\n\t\t\t\t\t<\/div>\n\t\t\t\t<\/div>\n\t\t\t\t<\/div>\n\t\t\t\t\t<\/div>\n\t\t\t\t<\/div>\n\t\t\t\t<\/div>","protected":false},"excerpt":{"rendered":"<p>A HISTORIA DA FLEXVET Nossa historia come\u00e7ou em 2003 com nosso fundador que ingressou na \u00e1rea da odontologia humana como<\/p>","protected":false},"author":1,"featured_media":0,"parent":0,"menu_order":0,"comment_status":"closed","ping_status":"closed","template":"","meta":{"footnotes":""},"class_list":["post-4400","page","type-page","status-publish","hentry"],"_links":{"self":[{"href":"https:\/\/flexvet.ind.br\/es\/wp-json\/wp\/v2\/pages\/4400","targetHints":{"allow":["GET"]}}],"collection":[{"href":"https:\/\/flexvet.ind.br\/es\/wp-json\/wp\/v2\/pages"}],"about":[{"href":"https:\/\/flexvet.ind.br\/es\/wp-json\/wp\/v2\/types\/page"}],"author":[{"embeddable":true,"href":"https:\/\/flexvet.ind.br\/es\/wp-json\/wp\/v2\/users\/1"}],"replies":[{"embeddable":true,"href":"https:\/\/flexvet.ind.br\/es\/wp-json\/wp\/v2\/comments?post=4400"}],"version-history":[{"count":0,"href":"https:\/\/flexvet.ind.br\/es\/wp-json\/wp\/v2\/pages\/4400\/revisions"}],"wp:attachment":[{"href":"https:\/\/flexvet.ind.br\/es\/wp-json\/wp\/v2\/media?parent=4400"}],"curies":[{"name":"wp","href":"https:\/\/api.w.org\/{rel}","templated":true}]}}