{"id":8852,"date":"2022-05-14T16:06:36","date_gmt":"2022-05-14T19:06:36","guid":{"rendered":"https:\/\/flexvet.ind.br\/?page_id=8852"},"modified":"2022-07-10T16:42:12","modified_gmt":"2022-07-10T19:42:12","slug":"cookies","status":"publish","type":"page","link":"https:\/\/flexvet.ind.br\/es\/cookies\/","title":{"rendered":"Pol\u00edtica de Cookies"},"content":{"rendered":"<div data-elementor-type=\"wp-page\" data-elementor-id=\"8852\" class=\"elementor elementor-8852\" data-elementor-post-type=\"page\">\n\t\t\t\t\t\t<section data-particle_enable=\"false\" data-particle-mobile-disabled=\"false\" class=\"elementor-section elementor-top-section elementor-element elementor-element-6ac8a92 elementor-section-full_width elementor-section-height-default elementor-section-height-default wd-section-disabled\" data-id=\"6ac8a92\" data-element_type=\"section\">\n\t\t\t\t\t\t<div class=\"elementor-container elementor-column-gap-default\">\n\t\t\t\t\t<div class=\"elementor-column elementor-col-100 elementor-top-column elementor-element elementor-element-24ccf04\" data-id=\"24ccf04\" data-element_type=\"column\">\n\t\t\t<div class=\"elementor-widget-wrap elementor-element-populated\">\n\t\t\t\t\t\t<div class=\"elementor-element elementor-element-497ddb0 color-scheme-inherit text-left elementor-widget elementor-widget-text-editor\" data-id=\"497ddb0\" data-element_type=\"widget\" data-widget_type=\"text-editor.default\">\n\t\t\t\t<div class=\"elementor-widget-container\">\n\t\t\t<style>\/*! elementor - v3.23.0 - 05-08-2024 *\/\n.elementor-widget-text-editor.elementor-drop-cap-view-stacked .elementor-drop-cap{background-color:#69727d;color:#fff}.elementor-widget-text-editor.elementor-drop-cap-view-framed .elementor-drop-cap{color:#69727d;border:3px solid;background-color:transparent}.elementor-widget-text-editor:not(.elementor-drop-cap-view-default) .elementor-drop-cap{margin-top:8px}.elementor-widget-text-editor:not(.elementor-drop-cap-view-default) .elementor-drop-cap-letter{width:1em;height:1em}.elementor-widget-text-editor .elementor-drop-cap{float:left;text-align:center;line-height:1;font-size:50px}.elementor-widget-text-editor .elementor-drop-cap-letter{display:inline-block}<\/style>\t\t\t\t<h1 id=\"garantia\">POL\u00cdTICA SOBRE COOKIES<\/h1><div class=\"help-content-text\"><p>Usamos cookies, pixels e outras tecnologias (coletivamente, &#8220;cookies&#8221;) para reconhecer o seu navegador ou dispositivo, saber mais sobre seus interesses e oferecer a voc\u00ea recursos e servi\u00e7os essenciais, al\u00e9m de finalidades adicionais, incluindo:<\/p><ul><li>Reconhecer voc\u00ea quando voc\u00ea acessa nossos servi\u00e7os. Isso nos permite oferecer a voc\u00ea recomenda\u00e7\u00f5es de produtos, exibir conte\u00fado personalizado, reconhec\u00ea-lo como cliente e fornecer outros recursos e servi\u00e7os personalizados.<\/li><li>Acompanhar suas prefer\u00eancias espec\u00edficas. Isso nos permite respeitar seus gostos como se voc\u00ea gostaria ou n\u00e3o de ver an\u00fancios baseados em interesse.<\/li><li>Acompanhar itens armazenados em seu carrinho de compras.<\/li><li>Fazer pesquisas e diagn\u00f3sticos para melhorar os conte\u00fados, produtos e servi\u00e7os da <strong>FLEXVET.IND.BR<\/strong><\/li><li>Impedir atividades fraudulentas.<\/li><li>Aumentar a seguran\u00e7a.<\/li><li>Relat\u00f3rios. Isso nos permite medir e analisar o desempenho de nossos servi\u00e7os.<\/li><\/ul><p>Os cookies da <strong>FLEXVET.IND.BR<\/strong> permitem que voc\u00ea se beneficie de alguns recursos essenciais da <strong>FLEXVET.IND.BR<\/strong>. Por exemplo, se voc\u00ea bloquear ou de outro modo recusar nossos cookies, voc\u00ea n\u00e3o conseguir\u00e1 adicionar itens ao seu Carrinho de compras, finalizar\/fechar pedidos nem usar quaisquer produtos e servi\u00e7os da <strong>FLEXVET.IND.BR<\/strong>\u00a0que exijam que voc\u00ea fa\u00e7a login.<\/p><p>Terceiros autorizados tamb\u00e9m podem usar cookies quando voc\u00ea interage com os servi\u00e7os da <strong>FLEXVET.IND.BR<\/strong>. Esses terceiros incluem motores de busca, provedores de servi\u00e7os de medi\u00e7\u00e3o e an\u00e1lise, redes de m\u00eddias sociais e empresas de publicidade. Terceiros usam cookies no processo de entrega de conte\u00fado, incluindo an\u00fancios relevantes a seus interesses, para medir a efici\u00eancia de seus an\u00fancios e para desempenhar servi\u00e7os em nome da <strong>FLEXVET.IND.BR<\/strong><\/p><p>Voc\u00ea pode gerenciar os cookies por meio das configura\u00e7\u00f5es de seu navegador. O recurso &#8216;Ajuda&#8217; da maioria dos navegadores ensina a impedir seu navegador de aceitar novos cookies, como fazer com que o navegador o informe quando voc\u00ea recebe novos cookies, como bloquear os cookies e quando os cookies expirar\u00e3o. Se voc\u00ea bloquear todos os cookies do seu navegador, nem n\u00f3s nem terceiros iremos transferir cookies para o seu navegador. No entanto, se voc\u00ea fizer isso, voc\u00ea poder\u00e1 ter que ajustar manualmente algumas prefer\u00eancias todas as vezes em que visitar um site, e alguns recursos e servi\u00e7os podem n\u00e3o funcionar.<\/p><p>Consulte nossa\u00a0<a href=\"https:\/\/flexvet.ind.br\/es\/politica-de-privacidade\/\">Pol\u00edtica de Dados e de Privacidade<\/a>\u00a0para mais informa\u00e7\u00f5es sobre os tipos de informa\u00e7\u00f5es que coletamos.<\/p><\/div>\t\t\t\t\t\t<\/div>\n\t\t\t\t<\/div>\n\t\t\t\t\t<\/div>\n\t\t<\/div>\n\t\t\t\t\t<\/div>\n\t\t<\/section>\n\t\t\t\t<\/div>","protected":false},"excerpt":{"rendered":"<p>POL\u00cdTICA SOBRE COOKIES Usamos cookies, pixels e outras tecnologias (coletivamente, &#8220;cookies&#8221;) para reconhecer o seu navegador ou dispositivo, saber mais<\/p>","protected":false},"author":1,"featured_media":0,"parent":0,"menu_order":0,"comment_status":"closed","ping_status":"closed","template":"elementor_header_footer","meta":{"footnotes":""},"class_list":["post-8852","page","type-page","status-publish","hentry"],"_links":{"self":[{"href":"https:\/\/flexvet.ind.br\/es\/wp-json\/wp\/v2\/pages\/8852","targetHints":{"allow":["GET"]}}],"collection":[{"href":"https:\/\/flexvet.ind.br\/es\/wp-json\/wp\/v2\/pages"}],"about":[{"href":"https:\/\/flexvet.ind.br\/es\/wp-json\/wp\/v2\/types\/page"}],"author":[{"embeddable":true,"href":"https:\/\/flexvet.ind.br\/es\/wp-json\/wp\/v2\/users\/1"}],"replies":[{"embeddable":true,"href":"https:\/\/flexvet.ind.br\/es\/wp-json\/wp\/v2\/comments?post=8852"}],"version-history":[{"count":0,"href":"https:\/\/flexvet.ind.br\/es\/wp-json\/wp\/v2\/pages\/8852\/revisions"}],"wp:attachment":[{"href":"https:\/\/flexvet.ind.br\/es\/wp-json\/wp\/v2\/media?parent=8852"}],"curies":[{"name":"wp","href":"https:\/\/api.w.org\/{rel}","templated":true}]}}