{"id":11337,"date":"2023-03-16T08:40:37","date_gmt":"2023-03-16T11:40:37","guid":{"rendered":"https:\/\/flexvet.ind.br\/?post_type=product&#038;p=11337"},"modified":"2025-08-05T20:27:05","modified_gmt":"2025-08-05T23:27:05","slug":"mesa-dynamic-cat","status":"publish","type":"product","link":"https:\/\/flexvet.ind.br\/es\/product\/mesa-dynamic-cat\/","title":{"rendered":"Mesa Dynamic Cat"},"content":{"rendered":"<p><strong>DYNAMIC CAT<\/strong><\/p>\n<ul>\n<li>Altura M\u00c1X.: 95 cm (37,4 pulgadas)<\/li>\n<li>Altura M\u00cdN.: 65 cm (25,5 pulgadas)<\/li>\n<li>Ancho: 60 cm (23,6 pulgadas)<\/li>\n<li><strong>Comprimento: 100 cm<\/strong> (57, 0 in)<\/li>\n<li>Capacidad: 80 kg (176,3 libras)<\/li>\n<\/ul>\n<div style=\"width: 640px;\" class=\"wp-video\"><video class=\"wp-video-shortcode\" id=\"video-11337-1\" width=\"640\" height=\"360\" preload=\"metadata\" controls=\"controls\"><source type=\"video\/mp4\" src=\"https:\/\/flexvet.ind.br\/wp-content\/uploads\/2022\/08\/dynamic.mp4?_=1\" \/><a href=\"https:\/\/flexvet.ind.br\/wp-content\/uploads\/2022\/08\/dynamic.mp4\">https:\/\/flexvet.ind.br\/wp-content\/uploads\/2022\/08\/dynamic.mp4<\/a><\/video><\/div>","protected":false},"excerpt":{"rendered":"<p><b>MESA CIRURGIA ODONTOL\u00d3GICA<\/b><\/p>\n<ul>\n<li>Uso veterin\u00e1rio odontol\u00f3gico e geral.<\/li>\n<li>Regulagem Ergon\u00f4mica.<\/li>\n<li>Tampo em a\u00e7o inoxid\u00e1vel de 1,5 mm (arredondado).<\/li>\n<li>Com rodas de 6&#8243; (pol), sendo duas com freios.<\/li>\n<li>El\u00e9trica Bi-vol (110\/220).<\/li>\n<li>Acionamento el\u00e9trico das fun\u00e7\u00f5es com pedal.<\/li>\n<li>Pintura eletrost\u00e1tica.<\/li>\n<li>Estrutura em a\u00e7o carbono.<\/li>\n<\/ul>","protected":false},"featured_media":11694,"comment_status":"open","ping_status":"closed","template":"","meta":[],"product_cat":[21,167],"product_tag":[],"class_list":["post-11337","product","type-product","status-publish","has-post-thumbnail","hentry","product_cat-equipamentos","product_cat-mesa-cirurgica"],"_links":{"self":[{"href":"https:\/\/flexvet.ind.br\/es\/wp-json\/wp\/v2\/product\/11337","targetHints":{"allow":["GET"]}}],"collection":[{"href":"https:\/\/flexvet.ind.br\/es\/wp-json\/wp\/v2\/product"}],"about":[{"href":"https:\/\/flexvet.ind.br\/es\/wp-json\/wp\/v2\/types\/product"}],"replies":[{"embeddable":true,"href":"https:\/\/flexvet.ind.br\/es\/wp-json\/wp\/v2\/comments?post=11337"}],"version-history":[{"count":0,"href":"https:\/\/flexvet.ind.br\/es\/wp-json\/wp\/v2\/product\/11337\/revisions"}],"wp:featuredmedia":[{"embeddable":true,"href":"https:\/\/flexvet.ind.br\/es\/wp-json\/wp\/v2\/media\/11694"}],"wp:attachment":[{"href":"https:\/\/flexvet.ind.br\/es\/wp-json\/wp\/v2\/media?parent=11337"}],"wp:term":[{"taxonomy":"product_cat","embeddable":true,"href":"https:\/\/flexvet.ind.br\/es\/wp-json\/wp\/v2\/product_cat?post=11337"},{"taxonomy":"product_tag","embeddable":true,"href":"https:\/\/flexvet.ind.br\/es\/wp-json\/wp\/v2\/product_tag?post=11337"}],"curies":[{"name":"wp","href":"https:\/\/api.w.org\/{rel}","templated":true}]}}