{"id":11824,"date":"2023-07-05T11:24:27","date_gmt":"2023-07-05T14:24:27","guid":{"rendered":"https:\/\/flexvet.ind.br\/?post_type=product&#038;p=11824"},"modified":"2025-08-05T20:07:01","modified_gmt":"2025-08-05T23:07:01","slug":"raiox-port-iv","status":"publish","type":"product","link":"https:\/\/flexvet.ind.br\/es\/product\/raiox-port-iv\/","title":{"rendered":"Raio X Port\u00e1til &#8211; PORT-X IV"},"content":{"rendered":"<p>O\u00a0<a title=\"Raio x\" href=\"https:\/\/www.gnatus.com.br\/equipamento-odontologico\/imagem\/raios-x\/\" target=\"_blank\" rel=\"noopener\" data-internallinksmanager029f6b8e52c=\"3\">RAIO-X<\/a>\u00a0PORT\u00c1TIL TIMEX \/ PORT-X IV Gnatus \u00e9 uma excelente op\u00e7\u00e3o para quem busca qualidade, seguran\u00e7a e praticidade na realiza\u00e7\u00e3o de radiografias intraorais.<\/p>\n<p>O equipamento produz imagens n\u00edtidas e de qualidade, permitindo um diagn\u00f3stico preciso. O ponto focal contribui para a defini\u00e7\u00e3o da imagem, garantindo que o profissional visualize com clareza os detalhes necess\u00e1rios para avalia\u00e7\u00e3o do paciente.<\/p>\n<p>Al\u00e9m disso, a seguran\u00e7a tanto do paciente quanto do profissional \u00e9 uma das principais caracter\u00edsticas do equipamento. A radia\u00e7\u00e3o de fuga \u00e9 minimizada por um colimador de material radiopaco, evitando exposi\u00e7\u00e3o desnecess\u00e1ria e direcionando a radia\u00e7\u00e3o apenas para o local do exame. Dessa forma, \u00e9 poss\u00edvel obter resultados confi\u00e1veis sem comprometer a sa\u00fade de ningu\u00e9m.<\/p>\n<p>O equipamento port\u00e1til \u00e9 tamb\u00e9m muito pr\u00e1tico, pois pode ser facilmente transportado e utilizado em diferentes locais dentro da cl\u00ednica ou consult\u00f3rio odontol\u00f3gico. Com o RAIO-X PORT\u00c1TIL TIMEX \/ PORT-X IV Gnatus, o profissional tem a praticidade necess\u00e1ria para realizar exames de rotina ou mesmo em emerg\u00eancias, com agilidade e efici\u00eancia.<\/p>\n<div>\n<p>O sistema de raios X port\u00e1til PORT-X IV destina-se a ser utilizado por dentistas e t\u00e9cnicos de odontologia treinados como uma fonte de raios-X extraoral para a produ\u00e7\u00e3o de imagens diagn\u00f3sticas de raios X, usado em conjunto com um receptor de imagens intraoral ou com filmes radiol\u00f3gicos. \u00c9 usado tanto para adultos como para crian\u00e7as.<\/p>\n<p>&nbsp;<\/p>\n<p><b>Descri\u00e7\u00e3o t\u00e9cnica do produto<\/b><\/p>\n<ul>\n<li>Peso muito leve, com apenas 1,5 kg;<\/li>\n<li>Alta pot\u00eancia para um aparelho port\u00e1til, apresentando 70kV;<\/li>\n<li>Design ergon\u00f4mico para opera\u00e7\u00e3o com uma m\u00e3o;<\/li>\n<li>Leve e Compacto em virtude do design reduzido do tanque;<\/li>\n<li>Vencedor do Pr\u00eamio Red Dot Awards 2017 para Design;<\/li>\n<li>Processo otimizado de captura de imagem com \u00edcones intuitivos;<\/li>\n<li>Bateria de alta capacidade, capaz de durar o dia todo sem a necessidade de recarga, Li-Pol 22,2Vdc e 1.000mAh;<\/li>\n<li>Qualidade de imagem superior, com imagens limpas e cristalinas decorrentes do ponto focal de 0,4mm e tubo do raio-x de 70kV;<\/li>\n<li>Possui 5 bot\u00f5es, onde \u00e9 poss\u00edvel selecionar o tempo de exposi\u00e7\u00e3o do raio-x, o dente ou o menu e outras op\u00e7\u00f5es pelos bot\u00f5es direcionais cima, baixo, esquerda e direita;<\/li>\n<li>Defina e verifique o tempo de exposi\u00e7\u00e3o atrav\u00e9s da Tela LCD;<\/li>\n<li>Possui Al\u00e7a de M\u00e3o, que permite uma captura est\u00e1vel evitando tremores.<\/li>\n<li>Medidas da Embalagem 29,0 x 29,0 x 24,5cm.<\/li>\n<\/ul>\n<\/div>","protected":false},"excerpt":{"rendered":"<div class=\"product-short-description\">\n<p>O RAIO-X PORT\u00c1TIL TIMEX \/ PORT-X IV Gnatus garante radiografias n\u00edtidas e de qualidade, com seguran\u00e7a para o paciente e o profissional. F\u00e1cil manuseio e excelente estabilidade. Ideal para uso em v\u00e1rias salas.<\/p>\n<\/div>\n<p>Quer conhecer o produto pessoalmente?<\/p>","protected":false},"featured_media":11826,"comment_status":"open","ping_status":"closed","template":"","meta":[],"product_cat":[132],"product_tag":[],"class_list":["post-11824","product","type-product","status-publish","has-post-thumbnail","hentry","product_cat-perifericos"],"_links":{"self":[{"href":"https:\/\/flexvet.ind.br\/es\/wp-json\/wp\/v2\/product\/11824","targetHints":{"allow":["GET"]}}],"collection":[{"href":"https:\/\/flexvet.ind.br\/es\/wp-json\/wp\/v2\/product"}],"about":[{"href":"https:\/\/flexvet.ind.br\/es\/wp-json\/wp\/v2\/types\/product"}],"replies":[{"embeddable":true,"href":"https:\/\/flexvet.ind.br\/es\/wp-json\/wp\/v2\/comments?post=11824"}],"version-history":[{"count":0,"href":"https:\/\/flexvet.ind.br\/es\/wp-json\/wp\/v2\/product\/11824\/revisions"}],"wp:featuredmedia":[{"embeddable":true,"href":"https:\/\/flexvet.ind.br\/es\/wp-json\/wp\/v2\/media\/11826"}],"wp:attachment":[{"href":"https:\/\/flexvet.ind.br\/es\/wp-json\/wp\/v2\/media?parent=11824"}],"wp:term":[{"taxonomy":"product_cat","embeddable":true,"href":"https:\/\/flexvet.ind.br\/es\/wp-json\/wp\/v2\/product_cat?post=11824"},{"taxonomy":"product_tag","embeddable":true,"href":"https:\/\/flexvet.ind.br\/es\/wp-json\/wp\/v2\/product_tag?post=11824"}],"curies":[{"name":"wp","href":"https:\/\/api.w.org\/{rel}","templated":true}]}}