{"id":9179,"date":"2022-05-20T14:12:55","date_gmt":"2022-05-20T17:12:55","guid":{"rendered":"https:\/\/flexvet.ind.br\/produto\/ultrassom-pneumatico-as2000-nsk\/"},"modified":"2025-08-05T20:08:04","modified_gmt":"2025-08-05T23:08:04","slug":"ultrassom-pneumatico-as2000-nsk","status":"publish","type":"product","link":"https:\/\/flexvet.ind.br\/es\/product\/ultrassom-pneumatico-as2000-nsk\/","title":{"rendered":"ULTRASSOM PNEUM\u00c1TICO AS2000 \u2013 NSK"},"content":{"rendered":"","protected":false},"excerpt":{"rendered":"<ul>\n<li>Ultrassom Pneum\u00e1tico<\/li>\n<li>Frequ\u00eancia de oscila\u00e7\u00e3o 5.600~5.850 Hz<\/li>\n<li>Peso : 64 g<\/li>\n<li>Inclui conjunto de 3 pontas (S1, S2 &amp; S3) Chave de Ponta (CR-20) e Protetor de Ponta (L)<\/li>\n<\/ul>","protected":false},"featured_media":11277,"comment_status":"open","ping_status":"closed","template":"","meta":[],"product_cat":[132],"product_tag":[],"class_list":["post-9179","product","type-product","status-publish","has-post-thumbnail","hentry","product_cat-perifericos"],"_links":{"self":[{"href":"https:\/\/flexvet.ind.br\/es\/wp-json\/wp\/v2\/product\/9179","targetHints":{"allow":["GET"]}}],"collection":[{"href":"https:\/\/flexvet.ind.br\/es\/wp-json\/wp\/v2\/product"}],"about":[{"href":"https:\/\/flexvet.ind.br\/es\/wp-json\/wp\/v2\/types\/product"}],"replies":[{"embeddable":true,"href":"https:\/\/flexvet.ind.br\/es\/wp-json\/wp\/v2\/comments?post=9179"}],"version-history":[{"count":0,"href":"https:\/\/flexvet.ind.br\/es\/wp-json\/wp\/v2\/product\/9179\/revisions"}],"wp:featuredmedia":[{"embeddable":true,"href":"https:\/\/flexvet.ind.br\/es\/wp-json\/wp\/v2\/media\/11277"}],"wp:attachment":[{"href":"https:\/\/flexvet.ind.br\/es\/wp-json\/wp\/v2\/media?parent=9179"}],"wp:term":[{"taxonomy":"product_cat","embeddable":true,"href":"https:\/\/flexvet.ind.br\/es\/wp-json\/wp\/v2\/product_cat?post=9179"},{"taxonomy":"product_tag","embeddable":true,"href":"https:\/\/flexvet.ind.br\/es\/wp-json\/wp\/v2\/product_tag?post=9179"}],"curies":[{"name":"wp","href":"https:\/\/api.w.org\/{rel}","templated":true}]}}