{"id":9209,"date":"2022-05-20T14:13:30","date_gmt":"2022-05-20T17:13:30","guid":{"rendered":"https:\/\/flexvet.ind.br\/produto\/alta-rotacao-sigma-air-3s-pb-dentflex\/"},"modified":"2025-08-01T23:26:18","modified_gmt":"2025-08-02T02:26:18","slug":"alta-rotacao-sigma-air-3s-pb-dentflex","status":"publish","type":"product","link":"https:\/\/flexvet.ind.br\/es\/product\/alta-rotacao-sigma-air-3s-pb-dentflex\/","title":{"rendered":"Alta Rota\u00e7\u00e3o Sigma AIR 3S PB &#8211; Dentflex"},"content":{"rendered":"<p>A Sigma Air 3S \u00e9 uma pe\u00e7a de m\u00e3o odontol\u00f3gica destinada \u00e0 remo\u00e7\u00e3o de c\u00e1ries, remo\u00e7\u00e3o de restaura\u00e7\u00f5es e \u00e0 odontosec\u00e7\u00e3o, como aux\u00edlio na extra\u00e7\u00e3o de dentes. Excelente design, ergonomia, e facilidade na assepsia.<\/p>\n<p>&#8211; Alto torque;<br \/>\n&#8211; Leve;<br \/>\n&#8211; Para brocas entre 1,59 e 1,6 mm de di\u00e2metro;<br \/>\n&#8211; Spray triplo;<br \/>\n&#8211; Pin\u00e7a tipo fg (saca brocas).<br \/>\nOpcional: Rolamento Cer\u00e2mico.<\/p>","protected":false},"excerpt":{"rendered":"<ul>\n<li>Modelo obedece padr\u00f5es da norma ISO7785-1 para desempenho de torque e nivel de ru\u00eddo.<\/li>\n<li>Spray triplo.<\/li>\n<li>Corpo em alum\u00ednio, mais leve.<\/li>\n<li>Rolamento met\u00e1lico.<\/li>\n<li>Press\u00e3o de trabalho de 32 a 36lb\/pol\u00b2.<\/li>\n<li>Cabe\u00e7a com 12mm de di\u00e2metro<\/li>\n<li>Encaixe Borden (2 furos).<\/li>\n<li>Sistema de encaixe de brocas Push Button.<\/li>\n<li>Alto torque.<\/li>\n<li>Autoclav\u00e1vel a 135\u00ba C.<\/li>\n<li>Garantia: 6 meses<\/li>\n<\/ul>","protected":false},"featured_media":11275,"comment_status":"open","ping_status":"closed","template":"","meta":[],"product_cat":[132],"product_tag":[],"class_list":["post-9209","product","type-product","status-publish","has-post-thumbnail","hentry","product_cat-perifericos"],"_links":{"self":[{"href":"https:\/\/flexvet.ind.br\/es\/wp-json\/wp\/v2\/product\/9209","targetHints":{"allow":["GET"]}}],"collection":[{"href":"https:\/\/flexvet.ind.br\/es\/wp-json\/wp\/v2\/product"}],"about":[{"href":"https:\/\/flexvet.ind.br\/es\/wp-json\/wp\/v2\/types\/product"}],"replies":[{"embeddable":true,"href":"https:\/\/flexvet.ind.br\/es\/wp-json\/wp\/v2\/comments?post=9209"}],"version-history":[{"count":0,"href":"https:\/\/flexvet.ind.br\/es\/wp-json\/wp\/v2\/product\/9209\/revisions"}],"wp:featuredmedia":[{"embeddable":true,"href":"https:\/\/flexvet.ind.br\/es\/wp-json\/wp\/v2\/media\/11275"}],"wp:attachment":[{"href":"https:\/\/flexvet.ind.br\/es\/wp-json\/wp\/v2\/media?parent=9209"}],"wp:term":[{"taxonomy":"product_cat","embeddable":true,"href":"https:\/\/flexvet.ind.br\/es\/wp-json\/wp\/v2\/product_cat?post=9209"},{"taxonomy":"product_tag","embeddable":true,"href":"https:\/\/flexvet.ind.br\/es\/wp-json\/wp\/v2\/product_tag?post=9209"}],"curies":[{"name":"wp","href":"https:\/\/api.w.org\/{rel}","templated":true}]}}