{"id":9236,"date":"2022-05-20T14:14:15","date_gmt":"2022-05-20T17:14:15","guid":{"rendered":"https:\/\/flexvet.ind.br\/produto\/flexvet-miniflex-animale\/"},"modified":"2025-08-05T20:31:08","modified_gmt":"2025-08-05T23:31:08","slug":"flexvet-miniflex-animale","status":"publish","type":"product","link":"https:\/\/flexvet.ind.br\/es\/product\/flexvet-miniflex-animale\/","title":{"rendered":"FLEXVET &#8211; Miniflex Animale"},"content":{"rendered":"<p><strong><span class=\"googie_link\">MINIFLEX<\/span>\u00a0&#8211;\u00a0<span class=\"googie_link\">ANIMALE<\/span><\/strong><\/p>\n<p>EQUIPO DE 4 PUNTOS<\/p>\n<ul>\n<li>Terminal de alta rota\u00e7\u00e3o refrigerado.<\/li>\n<li>Terminal de baixa rota\u00e7\u00e3o.<\/li>\n<li>Terminal de alta rota\u00e7\u00e3o refrigerado para ultrassom Sonic Borden.<\/li>\n<li>Seringa tr\u00edplice.<\/li>\n<li>Reservat\u00f3rio de \u00e1gua 1.000 ml.<\/li>\n<li>Pedal el\u00e9trico para acionamento das pontas.<\/li>\n<li>Compressor silencioso isento de \u00f3leo.<\/li>\n<li>N\u00edvel de ru\u00eddo 52(db(a)1m).<\/li>\n<li>Negatosc\u00f3pio led no equipo.<\/li>\n<\/ul>\n<p>COMPRESSOR<\/p>\n<ul>\n<li>Pot\u00eancia de 1HP<\/li>\n<li>Press\u00e3o m\u00e1xima de 8,3 Bar \u2013 120 PSI.<\/li>\n<li>Rota\u00e7\u00f5es 1680 RPM. N\u00edvel de ru\u00eddo 52 (db(a)-1M).<\/li>\n<li>Tens\u00e3o Bi-volt com chave seletora (110\/220).<\/li>\n<\/ul>\n<p><em>LEMBRANDO!\u00a0 AS PE\u00c7AS DE M\u00c3O, S\u00c3O VENDIDAS SEPARADAMENTE.<\/em><\/p>","protected":false},"excerpt":{"rendered":"<h3>J\u00e1 pensou em carregar um equipo que tem tudo que voc\u00ea precisa?<\/h3>\n<p>O Miniflex \u00e9 o port\u00e1til mais leve do Brasil e vem com tudo que voc\u00ea precisa para o seus atendimentos! Mais leve, mais robustos e muito mais resistente.<\/p>","protected":false},"featured_media":11700,"comment_status":"open","ping_status":"closed","template":"","meta":[],"product_cat":[21,165],"product_tag":[],"class_list":["post-9236","product","type-product","status-publish","has-post-thumbnail","hentry","product_cat-equipamentos","product_cat-para-atendimento-volante"],"_links":{"self":[{"href":"https:\/\/flexvet.ind.br\/es\/wp-json\/wp\/v2\/product\/9236","targetHints":{"allow":["GET"]}}],"collection":[{"href":"https:\/\/flexvet.ind.br\/es\/wp-json\/wp\/v2\/product"}],"about":[{"href":"https:\/\/flexvet.ind.br\/es\/wp-json\/wp\/v2\/types\/product"}],"replies":[{"embeddable":true,"href":"https:\/\/flexvet.ind.br\/es\/wp-json\/wp\/v2\/comments?post=9236"}],"version-history":[{"count":0,"href":"https:\/\/flexvet.ind.br\/es\/wp-json\/wp\/v2\/product\/9236\/revisions"}],"wp:featuredmedia":[{"embeddable":true,"href":"https:\/\/flexvet.ind.br\/es\/wp-json\/wp\/v2\/media\/11700"}],"wp:attachment":[{"href":"https:\/\/flexvet.ind.br\/es\/wp-json\/wp\/v2\/media?parent=9236"}],"wp:term":[{"taxonomy":"product_cat","embeddable":true,"href":"https:\/\/flexvet.ind.br\/es\/wp-json\/wp\/v2\/product_cat?post=9236"},{"taxonomy":"product_tag","embeddable":true,"href":"https:\/\/flexvet.ind.br\/es\/wp-json\/wp\/v2\/product_tag?post=9236"}],"curies":[{"name":"wp","href":"https:\/\/api.w.org\/{rel}","templated":true}]}}