{"id":9245,"date":"2022-05-20T10:00:47","date_gmt":"2022-05-20T13:00:47","guid":{"rendered":"https:\/\/flexvet.ind.br\/produto\/flexvet-exclusive-plus\/"},"modified":"2025-11-04T19:06:30","modified_gmt":"2025-11-04T22:06:30","slug":"flexvet-exclusive-full","status":"publish","type":"product","link":"https:\/\/flexvet.ind.br\/es\/product\/flexvet-exclusive-full\/","title":{"rendered":"FLEXVET &#8211; Exclusive Full"},"content":{"rendered":"","protected":false},"excerpt":{"rendered":"<p>REFLETOR CIRURGICO<\/p>\n<ul>\n<li>L\u00e2mpada h3 \u2013 12v x 55w.<\/li>\n<li>Campo de ilumina\u00e7\u00e3o 8&#215;20 com a distancia de 70 cm do foco.<\/li>\n<li>Luminosidade 24000 lux.<\/li>\n<li>Temperatura n\u00e3o altera mais que 4\u00b0c.<\/li>\n<li>Puxador lateral duplo.<\/li>\n<li>Espelho multifacetado com prote\u00e7\u00e3o transparente de policarbonato.<\/li>\n<\/ul>\n<p><span style=\"font-weight: 400;\">EQUIPO 4 PUNTOS<\/span><\/p>\n<ul>\n<li>Terminal de alta rota\u00e7\u00e3o refrigerado.<\/li>\n<li>Terminal de baixa rota\u00e7\u00e3o.<\/li>\n<li>Seringa Triplice.<\/li>\n<li>Caneta de ultrassom (pot\u00eancia de 29khz a 33khz).<\/li>\n<li>Painel de comando com regulagem de potencia e fluxo de \u00e1gua do ultrassom.<\/li>\n<li>Reservat\u00f3rio de \u00e1gua 1.000ml.<\/li>\n<li>Pedal progressivo para acionamento das pontas.<\/li>\n<li>Negatosc\u00f3pio acoplado no equipo (LED).<\/li>\n<li>Suporte de pontas com hastes retr\u00e1teis e movimento orbital.<\/li>\n<\/ul>\n<p>KIT MULTIMIDIA PET VIDEO<\/p>\n<ul>\n<li>Monitor tv led 19p.<\/li>\n<li>Suporte para\u00a0 monitor.<\/li>\n<li>Equipamento de videoscopia que auxilia no diagn\u00f3stico veterin\u00e1rio, odontol\u00f3gico, dermatol\u00f3gico, otol\u00f3gico, ginecol\u00f3gico e oftalmol\u00f3gico.<\/li>\n<\/ul>\n<p><span style=\"font-weight: 400;\">COMPRESSOR<\/span><\/p>\n<ul>\n<li style=\"font-weight: 400;\" aria-level=\"1\">Tanque: 40L<\/li>\n<li style=\"font-weight: 400;\" aria-level=\"1\">Pot\u00eancia de 1 hp \u2013 4P<\/li>\n<li style=\"font-weight: 400;\" aria-level=\"1\">Deslocamento te\u00f3rico: 147 l\/min \u2013 5,2 pcm<\/li>\n<li style=\"font-weight: 400;\" aria-level=\"1\">Press\u00e3o m\u00e1xima: 120 psi \u2013 8,3 bar<\/li>\n<li style=\"font-weight: 400;\" aria-level=\"1\">Tempo de enchimento: 5 minutos e 26 segundos<\/li>\n<li style=\"font-weight: 400;\" aria-level=\"1\">N\u00ba de Cilindros: 2<\/li>\n<li style=\"font-weight: 400;\" aria-level=\"1\">N\u00ba de Est\u00e1gios: 1<\/li>\n<li style=\"font-weight: 400;\" aria-level=\"1\">RPM do Bloco: 1640t<\/li>\n<li style=\"font-weight: 400;\" aria-level=\"1\">Tens\u00e3o: 110 ou 220<\/li>\n<\/ul>\n<p><em>LEMBRANDO!\u00a0 AS PE\u00c7AS DE M\u00c3O, S\u00c3O VENDIDAS SEPARADAMENTE.<\/em><\/p>","protected":false},"featured_media":11688,"comment_status":"open","ping_status":"closed","template":"","meta":[],"product_cat":[21,164],"product_tag":[],"class_list":["post-9245","product","type-product","status-publish","has-post-thumbnail","hentry","product_cat-equipamentos","product_cat-para-atendimento-em-clinica"],"_links":{"self":[{"href":"https:\/\/flexvet.ind.br\/es\/wp-json\/wp\/v2\/product\/9245","targetHints":{"allow":["GET"]}}],"collection":[{"href":"https:\/\/flexvet.ind.br\/es\/wp-json\/wp\/v2\/product"}],"about":[{"href":"https:\/\/flexvet.ind.br\/es\/wp-json\/wp\/v2\/types\/product"}],"replies":[{"embeddable":true,"href":"https:\/\/flexvet.ind.br\/es\/wp-json\/wp\/v2\/comments?post=9245"}],"version-history":[{"count":0,"href":"https:\/\/flexvet.ind.br\/es\/wp-json\/wp\/v2\/product\/9245\/revisions"}],"wp:featuredmedia":[{"embeddable":true,"href":"https:\/\/flexvet.ind.br\/es\/wp-json\/wp\/v2\/media\/11688"}],"wp:attachment":[{"href":"https:\/\/flexvet.ind.br\/es\/wp-json\/wp\/v2\/media?parent=9245"}],"wp:term":[{"taxonomy":"product_cat","embeddable":true,"href":"https:\/\/flexvet.ind.br\/es\/wp-json\/wp\/v2\/product_cat?post=9245"},{"taxonomy":"product_tag","embeddable":true,"href":"https:\/\/flexvet.ind.br\/es\/wp-json\/wp\/v2\/product_tag?post=9245"}],"curies":[{"name":"wp","href":"https:\/\/api.w.org\/{rel}","templated":true}]}}