{"id":9260,"date":"2022-05-20T12:10:22","date_gmt":"2022-05-20T15:10:22","guid":{"rendered":"https:\/\/flexvet.ind.br\/produto\/flexvet-basic\/"},"modified":"2025-08-05T20:17:21","modified_gmt":"2025-08-05T23:17:21","slug":"flexvet-basic","status":"publish","type":"product","link":"https:\/\/flexvet.ind.br\/es\/product\/flexvet-basic\/","title":{"rendered":"FLEXVET &#8211; Basic"},"content":{"rendered":"<p>Equipo Odontol\u00f3gico com 4 pontas<\/p>\n<ul>\n<li>Terminal de alta rota\u00e7\u00e3o refrigerado.<\/li>\n<li>Terminal de baixa rota\u00e7\u00e3o.<\/li>\n<li>Terminal de alta rota\u00e7\u00e3o refrigerado para ultrassom Sonic Borden.<\/li>\n<li>Seringa tr\u00edplice.<\/li>\n<li>Reservat\u00f3rio de \u00e1gua 1.000 ml.<\/li>\n<li>Pedal progressivo para Acionamento das pontas.<\/li>\n<\/ul>\n<p><em>LEMBRANDO!\u00a0 AS PE\u00c7AS DE M\u00c3O, S\u00c3O VENDIDAS SEPARADAMENTE.<\/em><\/p>","protected":false},"excerpt":{"rendered":"<h2><strong>El equipo de sobremesa ideal para quienes buscan innovaci\u00f3n.<\/strong><\/h2>","protected":false},"featured_media":11685,"comment_status":"open","ping_status":"closed","template":"","meta":[],"product_cat":[21,165],"product_tag":[],"class_list":["post-9260","product","type-product","status-publish","has-post-thumbnail","hentry","product_cat-equipamentos","product_cat-para-atendimento-volante"],"_links":{"self":[{"href":"https:\/\/flexvet.ind.br\/es\/wp-json\/wp\/v2\/product\/9260","targetHints":{"allow":["GET"]}}],"collection":[{"href":"https:\/\/flexvet.ind.br\/es\/wp-json\/wp\/v2\/product"}],"about":[{"href":"https:\/\/flexvet.ind.br\/es\/wp-json\/wp\/v2\/types\/product"}],"replies":[{"embeddable":true,"href":"https:\/\/flexvet.ind.br\/es\/wp-json\/wp\/v2\/comments?post=9260"}],"version-history":[{"count":0,"href":"https:\/\/flexvet.ind.br\/es\/wp-json\/wp\/v2\/product\/9260\/revisions"}],"wp:featuredmedia":[{"embeddable":true,"href":"https:\/\/flexvet.ind.br\/es\/wp-json\/wp\/v2\/media\/11685"}],"wp:attachment":[{"href":"https:\/\/flexvet.ind.br\/es\/wp-json\/wp\/v2\/media?parent=9260"}],"wp:term":[{"taxonomy":"product_cat","embeddable":true,"href":"https:\/\/flexvet.ind.br\/es\/wp-json\/wp\/v2\/product_cat?post=9260"},{"taxonomy":"product_tag","embeddable":true,"href":"https:\/\/flexvet.ind.br\/es\/wp-json\/wp\/v2\/product_tag?post=9260"}],"curies":[{"name":"wp","href":"https:\/\/api.w.org\/{rel}","templated":true}]}}