{"id":9371,"date":"2022-05-20T11:00:15","date_gmt":"2022-05-20T14:00:15","guid":{"rendered":"https:\/\/flexvet.ind.br\/produto\/flexvet-autoclave-9-litros\/"},"modified":"2025-08-05T20:16:47","modified_gmt":"2025-08-05T23:16:47","slug":"flexvet-autoclave-9-litros","status":"publish","type":"product","link":"https:\/\/flexvet.ind.br\/es\/product\/flexvet-autoclave-9-litros\/","title":{"rendered":"Flexvet Autoclave 9 Litros"},"content":{"rendered":"<h3 class=\"color-primary\">Especificaciones:<\/h3>\n<ul>\n<li>Capacidade: 9 litros<\/li>\n<li>Dimens\u00f5es da cuba: \u00d8216 x 260mm<\/li>\n<li>Modo de funcionamiento: Continuo<\/li>\n<li>Presi\u00f3n m\u00e1xima de funcionamiento: 2,25 Bar<\/li>\n<li>V\u00e1lvula de seguridad: 2,5 Bar<\/li>\n<li>Temperatura de esterilizaci\u00f3n: 121\u00b0C o 134\u00b0C<\/li>\n<li>Temperatura del agua drenada: 100\u00b0C<\/li>\n<li>Altitud m\u00e1xima de funcionamiento: 3500 metros<\/li>\n<li>Registro de ciclo: Micro SD<\/li>\n<li>Tensi\u00f3n de alimentaci\u00f3n: Bivolt (127V \/ 220V)<\/li>\n<li>Corrente: 7A (127V) \/ 4A (220V)<\/li>\n<li>Fus\u00edvel: 8A<\/li>\n<li>Frecuencia: 50\/60Hz<\/li>\n<li>Pot\u00eancia m\u00e1xima: 900W<\/li>\n<li>Protecci\u00f3n contra golpes: Clase I<\/li>\n<li>Temperatura ambiente: 15\u00b0C a 40\u00b0C<\/li>\n<li>Consumo de \u00e1gua: 180 ml<\/li>\n<li>Clase de fluido: C (vapor de agua)<\/li>\n<li>Grupo de riesgo potencial: 5 (PxV &lt; 1)<\/li>\n<li>Jarr\u00f3n categor\u00eda: V<\/li>\n<li>Clase: S<\/li>\n<\/ul>","protected":false},"excerpt":{"rendered":"<h3 class=\"color-primary\">Caracter\u00edsticas:<\/h3>\n<ul>\n<li>6 ciclos de esterilizaci\u00f3n preprogramados;<\/li>\n<li>Registro de ciclo electr\u00f3nico en tarjeta Micro SD;<\/li>\n<li>Operaci\u00f3n sin necesidad de ajuste de altitud;<\/li>\n<li>Sistema innovador para eliminar el aire fr\u00edo de la c\u00e1mara;<\/li>\n<li>3 bandejas em alum\u00ednio anodizado;<\/li>\n<li>puerta y c\u00e1mara de acero inoxidable 304;<\/li>\n<li>2 a\u00f1os de garant\u00eda de f\u00e1brica y 10 a\u00f1os en c\u00e1mara;<\/li>\n<li>Equipo desarrollado y producido en Brasil.<\/li>\n<\/ul>\n<div class=\"product-resume\">Clase S<\/div>\n<div class=\"product-content\">\n<p>Desarrollado para la esterilizaci\u00f3n de art\u00edculos e instrumentos empacados y desempacados utilizando vapor saturado a presi\u00f3n, posee secado eficiente con puerta cerrada.<\/p>\n<p>ANVISA N.\u00b0 81986290002<br \/>\nPatente solicitada<\/p>\n<\/div>\n<div style=\"width: 640px;\" class=\"wp-video\"><video class=\"wp-video-shortcode\" id=\"video-9371-1\" width=\"640\" height=\"360\" preload=\"metadata\" controls=\"controls\"><source type=\"video\/mp4\" src=\"https:\/\/flexvet.com.br\/loja\/wp-content\/uploads\/2022\/01\/autoclave.mp4?_=1\" \/><a href=\"https:\/\/flexvet.com.br\/loja\/wp-content\/uploads\/2022\/01\/autoclave.mp4\">https:\/\/flexvet.com.br\/loja\/wp-content\/uploads\/2022\/01\/autoclave.mp4<\/a><\/video><\/div>","protected":false},"featured_media":10507,"comment_status":"open","ping_status":"closed","template":"","meta":[],"product_cat":[168,21],"product_tag":[],"class_list":["post-9371","product","type-product","status-publish","has-post-thumbnail","hentry","product_cat-autoclaves","product_cat-equipamentos"],"_links":{"self":[{"href":"https:\/\/flexvet.ind.br\/es\/wp-json\/wp\/v2\/product\/9371","targetHints":{"allow":["GET"]}}],"collection":[{"href":"https:\/\/flexvet.ind.br\/es\/wp-json\/wp\/v2\/product"}],"about":[{"href":"https:\/\/flexvet.ind.br\/es\/wp-json\/wp\/v2\/types\/product"}],"replies":[{"embeddable":true,"href":"https:\/\/flexvet.ind.br\/es\/wp-json\/wp\/v2\/comments?post=9371"}],"version-history":[{"count":0,"href":"https:\/\/flexvet.ind.br\/es\/wp-json\/wp\/v2\/product\/9371\/revisions"}],"wp:featuredmedia":[{"embeddable":true,"href":"https:\/\/flexvet.ind.br\/es\/wp-json\/wp\/v2\/media\/10507"}],"wp:attachment":[{"href":"https:\/\/flexvet.ind.br\/es\/wp-json\/wp\/v2\/media?parent=9371"}],"wp:term":[{"taxonomy":"product_cat","embeddable":true,"href":"https:\/\/flexvet.ind.br\/es\/wp-json\/wp\/v2\/product_cat?post=9371"},{"taxonomy":"product_tag","embeddable":true,"href":"https:\/\/flexvet.ind.br\/es\/wp-json\/wp\/v2\/product_tag?post=9371"}],"curies":[{"name":"wp","href":"https:\/\/api.w.org\/{rel}","templated":true}]}}