{"id":5264,"date":"2018-09-19T11:39:44","date_gmt":"2018-09-19T14:39:44","guid":{"rendered":"http:\/\/flexvet.com.br\/loja\/?page_id=5264"},"modified":"2018-09-19T11:39:44","modified_gmt":"2018-09-19T14:39:44","slug":"parana-pr","status":"publish","type":"page","link":"https:\/\/flexvet.ind.br\/pt_br\/parana-pr\/","title":{"rendered":"PARAN\u00c1 (PR)"},"content":{"rendered":"<p>[vc_row][vc_column][vc_column_text]<\/p>\n<h3><img decoding=\"async\" class=\"size-thumbnail wp-image-5114 alignnone\" src=\"http:\/\/flexvet.com.br\/loja\/wp-content\/uploads\/2018\/09\/Icone_estado_parana-150x150.png\" alt=\"\" width=\"150\" height=\"150\" \/><\/h3>\n<h3>CIDADE: Foz Do Igua\u00e7u &#8211; PR<\/h3>\n<p>T\u00c9CNICO: Thiago<br \/>\n<a href=\"tel:(45)99918-1553\">(45)99918-1553<\/a><\/p>\n<hr \/>\n<p>&nbsp;<\/p>\n<h3>CIDADE: Cascavel &#8211; PR<\/h3>\n<p>T\u00c9CNICO: Leivas Moretto<br \/>\n<a href=\"tel:(45)99103-9485\">(45)99103-9485<\/a><\/p>\n<p>Fabio Moretto<br \/>\n<a href=\"tel:(45)99107-1861\">(45)99107-1861<\/a><\/p>\n<hr \/>\n<h3>CIDADE: Londrina &#8211; PR<\/h3>\n<p>T\u00c9CNICO: Guitec<br \/>\n<a href=\"tel:(43)99955-5720\">(43)99955-5720<\/a><\/p>\n<p>T\u00c9CNICO: Atilio<br \/>\n<a href=\"tel:(43)99994-7001\">(43)99994-7001<\/a><\/p>\n<hr \/>\n<h3>CIDADE: Pato Branco &#8211; PR<\/h3>\n<p>T\u00c9CNICO: Joeacir<br \/>\n<a href=\"tel:(46)99972-7620\">(46)99972-7620<\/a><\/p>\n<hr \/>\n<h3>CIDADE: Curitiba &#8211; PR<\/h3>\n<p>T\u00c9CNICO: Fabiano<br \/>\n<a href=\"tel:(41)99169-6397\">(41)99169-6397<\/a><\/p>\n<p>T\u00c9CNICO: Wladimir Dantas<br \/>\n<a href=\"tel:(41)99962-5605\">(41)99962-5605<\/a><\/p>\n<hr \/>\n<h3>CIDADE: Guarapuava\/PR<\/h3>\n<p>T\u00c9CNICO: Fabio Luis Seefeldt Proen\u00e7a<br \/>\nTelefone: <a href=\"tel:(42) 3035-1617\">(42) 3035-1617\u00a0<\/a>\u00a0<a href=\"tel:(42) 99117.84547\">(42) 99117.8454<\/a><\/p>\n<hr \/>\n<h3>CIDADE: Umuarama &#8211; PR<\/h3>\n<p>T\u00c9CNICO: FlexVet do Brasil<br \/>\n<a href=\"tel:(44)3622-5661\">(44)3622-5661<\/a>[\/vc_column_text][\/vc_column][\/vc_row]<\/p>\n","protected":false},"excerpt":{"rendered":"<p>[vc_row][vc_column][vc_column_text] CIDADE: Foz Do Igua\u00e7u &#8211; PR T\u00c9CNICO: Thiago (45)99918-1553 &nbsp; CIDADE: Cascavel &#8211; PR T\u00c9CNICO: Leivas Moretto (45)99103-9485 Fabio<\/p>\n","protected":false},"author":1,"featured_media":0,"parent":0,"menu_order":0,"comment_status":"closed","ping_status":"closed","template":"","meta":{"footnotes":""},"class_list":["post-5264","page","type-page","status-publish","hentry"],"_links":{"self":[{"href":"https:\/\/flexvet.ind.br\/pt_br\/wp-json\/wp\/v2\/pages\/5264","targetHints":{"allow":["GET"]}}],"collection":[{"href":"https:\/\/flexvet.ind.br\/pt_br\/wp-json\/wp\/v2\/pages"}],"about":[{"href":"https:\/\/flexvet.ind.br\/pt_br\/wp-json\/wp\/v2\/types\/page"}],"author":[{"embeddable":true,"href":"https:\/\/flexvet.ind.br\/pt_br\/wp-json\/wp\/v2\/users\/1"}],"replies":[{"embeddable":true,"href":"https:\/\/flexvet.ind.br\/pt_br\/wp-json\/wp\/v2\/comments?post=5264"}],"version-history":[{"count":0,"href":"https:\/\/flexvet.ind.br\/pt_br\/wp-json\/wp\/v2\/pages\/5264\/revisions"}],"wp:attachment":[{"href":"https:\/\/flexvet.ind.br\/pt_br\/wp-json\/wp\/v2\/media?parent=5264"}],"curies":[{"name":"wp","href":"https:\/\/api.w.org\/{rel}","templated":true}]}}