{"id":8813,"date":"2022-05-14T15:21:05","date_gmt":"2022-05-14T18:21:05","guid":{"rendered":"https:\/\/flexvet.ind.br\/?page_id=8813"},"modified":"2022-07-10T16:45:56","modified_gmt":"2022-07-10T19:45:56","slug":"garantia","status":"publish","type":"page","link":"https:\/\/flexvet.ind.br\/pt_br\/garantia\/","title":{"rendered":"Garantia"},"content":{"rendered":"\t\t<div data-elementor-type=\"wp-page\" data-elementor-id=\"8813\" class=\"elementor elementor-8813\" data-elementor-post-type=\"page\">\n\t\t\t\t\t\t<section data-particle_enable=\"false\" data-particle-mobile-disabled=\"false\" class=\"elementor-section elementor-top-section elementor-element elementor-element-6ac8a92 elementor-section-full_width elementor-section-height-default elementor-section-height-default wd-section-disabled\" data-id=\"6ac8a92\" data-element_type=\"section\">\n\t\t\t\t\t\t<div class=\"elementor-container elementor-column-gap-default\">\n\t\t\t\t\t<div class=\"elementor-column elementor-col-100 elementor-top-column elementor-element elementor-element-24ccf04\" data-id=\"24ccf04\" data-element_type=\"column\">\n\t\t\t<div class=\"elementor-widget-wrap elementor-element-populated\">\n\t\t\t\t\t\t<div class=\"elementor-element elementor-element-497ddb0 color-scheme-inherit text-left elementor-widget elementor-widget-text-editor\" data-id=\"497ddb0\" data-element_type=\"widget\" data-widget_type=\"text-editor.default\">\n\t\t\t\t<div class=\"elementor-widget-container\">\n\t\t\t<style>\/*! elementor - v3.23.0 - 05-08-2024 *\/\n.elementor-widget-text-editor.elementor-drop-cap-view-stacked .elementor-drop-cap{background-color:#69727d;color:#fff}.elementor-widget-text-editor.elementor-drop-cap-view-framed .elementor-drop-cap{color:#69727d;border:3px solid;background-color:transparent}.elementor-widget-text-editor:not(.elementor-drop-cap-view-default) .elementor-drop-cap{margin-top:8px}.elementor-widget-text-editor:not(.elementor-drop-cap-view-default) .elementor-drop-cap-letter{width:1em;height:1em}.elementor-widget-text-editor .elementor-drop-cap{float:left;text-align:center;line-height:1;font-size:50px}.elementor-widget-text-editor .elementor-drop-cap-letter{display:inline-block}<\/style>\t\t\t\t<h1 id=\"garantia\">GARANTIA<\/h1><div class=\"help-content-text\"><h3 id=\"a-garantia-dos-pneus-funciona-da-seguinte-forma\">A garantia dos PRODUTOS\u00a0 s\u00e3o contadas a partir da data de emiss\u00e3o da Nota Fiscal de venda para o cliente e funcionam da seguinte forma:<\/h3><ul><li>Todos os pneus vendidos pela <strong>flexvet.ind.br<\/strong> superam o prazo da garantia legal exigida no Brasil, totalizando 5 anos de garantia contra defeitos de fabrica\u00e7\u00e3o.<\/li><li>As rodas possuem garantia de 3 meses sobre o acabamento superficial (diamanta\u00e7\u00e3o, pintura e verniz) e 12 meses contra defeitos de fabrica\u00e7\u00e3o estrutural.<\/li><\/ul><p>Caso um de nossos produtos apresente defeito de fabrica\u00e7\u00e3o, o cliente dever\u00e1 seguir o procedimento abaixo:<\/p><ul><li>Acessar a \u00c1rea do cliente atrav\u00e9s do site<\/li><li><strong>flexvet.ind.br<\/strong><\/li><li>Na\u00a0<strong><a href=\"https:\/\/flexvet.ind.br\/minha-conta\/\">\u00c1rea do Cliente<\/a>,<\/strong> abrir o pedido e clicar em Solicitar Garantia.<\/li><li>Iniciado o processo, o prazo m\u00e1ximo de an\u00e1lise \u00e9 de 30 dias a contar da data de recebimento das informa\u00e7\u00f5es<\/li><li>Ap\u00f3s a an\u00e1lise t\u00e9cnica ser conclu\u00edda, o Laudo ficar\u00e1 dispon\u00edvel na \u00c1rea do Pedido.<\/li><\/ul><h3 id=\"diferenciais-da-garantia-pneufree.com\">Diferenciais da garantia Flexvet:<\/h3><ul><li>Temos equipe t\u00e9cnica especializada pr\u00f3pria para an\u00e1lise de eventuais defeitos, de modo que n\u00e3o dependemos das f\u00e1bricas para avaliar eventuais problemas;<\/li><li>\u00c9 de nosso interesse que toda e qualquer garantia seja atendida o mais r\u00e1pido poss\u00edvel, at\u00e9 porque eventuais defeitos s\u00e3o suportados pelos fabricantes;<\/li><li>Os produtos comercializados pela <strong>FLEXVET<\/strong> s\u00e3o fabricados pelas maiores e melhores fabricantes do mundo, e o n\u00edvel de defeito de produtos \u00e9 estatisticamente muito baixo.<\/li><\/ul><\/div>\t\t\t\t\t\t<\/div>\n\t\t\t\t<\/div>\n\t\t\t\t\t<\/div>\n\t\t<\/div>\n\t\t\t\t\t<\/div>\n\t\t<\/section>\n\t\t\t\t<\/div>\n\t\t","protected":false},"excerpt":{"rendered":"<p>GARANTIA A garantia dos PRODUTOS\u00a0 s\u00e3o contadas a partir da data de emiss\u00e3o da Nota Fiscal de venda para o<\/p>\n","protected":false},"author":1,"featured_media":0,"parent":0,"menu_order":0,"comment_status":"closed","ping_status":"closed","template":"elementor_header_footer","meta":{"footnotes":""},"class_list":["post-8813","page","type-page","status-publish","hentry"],"_links":{"self":[{"href":"https:\/\/flexvet.ind.br\/pt_br\/wp-json\/wp\/v2\/pages\/8813","targetHints":{"allow":["GET"]}}],"collection":[{"href":"https:\/\/flexvet.ind.br\/pt_br\/wp-json\/wp\/v2\/pages"}],"about":[{"href":"https:\/\/flexvet.ind.br\/pt_br\/wp-json\/wp\/v2\/types\/page"}],"author":[{"embeddable":true,"href":"https:\/\/flexvet.ind.br\/pt_br\/wp-json\/wp\/v2\/users\/1"}],"replies":[{"embeddable":true,"href":"https:\/\/flexvet.ind.br\/pt_br\/wp-json\/wp\/v2\/comments?post=8813"}],"version-history":[{"count":0,"href":"https:\/\/flexvet.ind.br\/pt_br\/wp-json\/wp\/v2\/pages\/8813\/revisions"}],"wp:attachment":[{"href":"https:\/\/flexvet.ind.br\/pt_br\/wp-json\/wp\/v2\/media?parent=8813"}],"curies":[{"name":"wp","href":"https:\/\/api.w.org\/{rel}","templated":true}]}}