{"id":10769,"date":"2022-11-04T11:57:36","date_gmt":"2022-11-04T14:57:36","guid":{"rendered":"https:\/\/flexvet.ind.br\/?post_type=product&#038;p=10769"},"modified":"2025-08-05T20:27:37","modified_gmt":"2025-08-05T23:27:37","slug":"mesa-dynamic-sonic","status":"publish","type":"product","link":"https:\/\/flexvet.ind.br\/pt_br\/produto\/mesa-dynamic-sonic\/","title":{"rendered":"Mesa Dynamic Sonic"},"content":{"rendered":"<p><b>DYNAMIC SONIC<\/b><\/p>\n<p>Altura MAX: 95 cm (37,4 in)<br \/>\nAltura M\u00cdN: 65 cm (25,5 in)<br \/>\nLargura: 60 cm (23,6 in)<br \/>\nComprimento: 145 cm (57, 0 in)<\/p>\n<p>Capacidade: 80 kg (176,3 lbs)<\/p>\n<div style=\"width: 640px;\" class=\"wp-video\"><video class=\"wp-video-shortcode\" id=\"video-10769-1\" width=\"640\" height=\"352\" preload=\"metadata\" controls=\"controls\"><source type=\"video\/mp4\" src=\"https:\/\/flexvet.ind.br\/wp-content\/uploads\/2022\/11\/Mesa-Dynamic-Sonic.mp4?_=1\" \/><a href=\"https:\/\/flexvet.ind.br\/wp-content\/uploads\/2022\/11\/Mesa-Dynamic-Sonic.mp4\">https:\/\/flexvet.ind.br\/wp-content\/uploads\/2022\/11\/Mesa-Dynamic-Sonic.mp4<\/a><\/video><\/div>\n","protected":false},"excerpt":{"rendered":"<p><b>MESA CIRURGIA ODONTOL\u00d3GICA<\/b><\/p>\n<ul>\n<li>Regulagem Ergon\u00f4mica<\/li>\n<li>Tampo em a\u00e7o inoxid\u00e1vel de 1,5mm (arredondado)<\/li>\n<li>Rodas de 6\u201d (pol.)<\/li>\n<li>El\u00e9trico Bivolt (110\/220)<\/li>\n<li>Acionamento el\u00e9trico das fun\u00e7\u00f5es por pedal<\/li>\n<li>Pintura eletrost\u00e1tica<\/li>\n<li>Estrutura em a\u00e7o carbono<\/li>\n<\/ul>\n<p>EQUIPO DE 4 PONTAS<\/p>\n<ul>\n<li>Terminal de alta rota\u00e7\u00e3o refrigerado<\/li>\n<li>Terminal de baixa rota\u00e7\u00e3o<\/li>\n<li>Caneta ultrassom el\u00e9trica (Pot\u00eancia de 29KHz a 33KHz).<\/li>\n<li>Painel de comando com regulagem de potencia e fluxo de \u00e1gua do ultrassom.<\/li>\n<li>Seringa tr\u00edplice<\/li>\n<\/ul>\n<p><em>LEMBRANDO!\u00a0 AS PE\u00c7AS DE M\u00c3O, S\u00c3O VENDIDAS SEPARADAMENTE.<\/em><\/p>\n","protected":false},"featured_media":11781,"comment_status":"open","ping_status":"closed","template":"","meta":[],"product_cat":[21,167],"product_tag":[],"class_list":["post-10769","product","type-product","status-publish","has-post-thumbnail","hentry","product_cat-equipamentos","product_cat-mesa-cirurgica"],"_links":{"self":[{"href":"https:\/\/flexvet.ind.br\/pt_br\/wp-json\/wp\/v2\/product\/10769","targetHints":{"allow":["GET"]}}],"collection":[{"href":"https:\/\/flexvet.ind.br\/pt_br\/wp-json\/wp\/v2\/product"}],"about":[{"href":"https:\/\/flexvet.ind.br\/pt_br\/wp-json\/wp\/v2\/types\/product"}],"replies":[{"embeddable":true,"href":"https:\/\/flexvet.ind.br\/pt_br\/wp-json\/wp\/v2\/comments?post=10769"}],"version-history":[{"count":0,"href":"https:\/\/flexvet.ind.br\/pt_br\/wp-json\/wp\/v2\/product\/10769\/revisions"}],"wp:featuredmedia":[{"embeddable":true,"href":"https:\/\/flexvet.ind.br\/pt_br\/wp-json\/wp\/v2\/media\/11781"}],"wp:attachment":[{"href":"https:\/\/flexvet.ind.br\/pt_br\/wp-json\/wp\/v2\/media?parent=10769"}],"wp:term":[{"taxonomy":"product_cat","embeddable":true,"href":"https:\/\/flexvet.ind.br\/pt_br\/wp-json\/wp\/v2\/product_cat?post=10769"},{"taxonomy":"product_tag","embeddable":true,"href":"https:\/\/flexvet.ind.br\/pt_br\/wp-json\/wp\/v2\/product_tag?post=10769"}],"curies":[{"name":"wp","href":"https:\/\/api.w.org\/{rel}","templated":true}]}}