{"id":11326,"date":"2023-03-16T08:26:45","date_gmt":"2023-03-16T11:26:45","guid":{"rendered":"https:\/\/flexvet.ind.br\/?post_type=product&#038;p=11326"},"modified":"2025-08-05T20:29:13","modified_gmt":"2025-08-05T23:29:13","slug":"flexvet-exclusive","status":"publish","type":"product","link":"https:\/\/flexvet.ind.br\/pt_br\/produto\/flexvet-exclusive\/","title":{"rendered":"FLEXVET &#8211; Exclusive"},"content":{"rendered":"","protected":false},"excerpt":{"rendered":"<p>EQUIPO 4 PONTAS<\/p>\n<ul>\n<li>Terminal de alta rota\u00e7\u00e3o refrigerado.<\/li>\n<li>Terminal de baixa rota\u00e7\u00e3o.<\/li>\n<li>Terminal de alta rota\u00e7\u00e3o refrigerado para Ultrassom Sonic Boden.<\/li>\n<li>Seringa Triplice. \u2022Reservat\u00f3rio de \u00e1gua 1.000ml.<\/li>\n<li>Pedal progressivo para acionamento das pontas.<\/li>\n<li>Negatosc\u00f3pio acoplado no equipo (LED).<\/li>\n<li>Suporte de pontas com hastes retr\u00e1teis e movimento orbital.<\/li>\n<\/ul>\n<p>COMPRESSOR<\/p>\n<ul>\n<li style=\"font-weight: 400\">Tanque: 40L<\/li>\n<li style=\"font-weight: 400\">Pot\u00eancia de 1 hp \u2013 4P<\/li>\n<li style=\"font-weight: 400\">Deslocamento te\u00f3rico: 147 l\/min \u2013 5,2 pcm<\/li>\n<li style=\"font-weight: 400\">Press\u00e3o m\u00e1xima: 120 psi \u2013 8,3 bar<\/li>\n<li style=\"font-weight: 400\">Tempo de enchimento: 5 minutos e 26 segundos<\/li>\n<li style=\"font-weight: 400\">N\u00ba de Cilindros: 2<\/li>\n<li style=\"font-weight: 400\">N\u00ba de Est\u00e1gios: 1<\/li>\n<li style=\"font-weight: 400\">RPM do Bloco: 1640t<\/li>\n<li style=\"font-weight: 400\">Tens\u00e3o: 110 ou 220<\/li>\n<\/ul>\n<p><em>LEMBRANDO!\u00a0 AS PE\u00c7AS DE M\u00c3O, S\u00c3O VENDIDAS SEPARADAMENTE.<\/em><\/p>\n","protected":false},"featured_media":11779,"comment_status":"open","ping_status":"closed","template":"","meta":[],"product_cat":[21,164],"product_tag":[],"class_list":["post-11326","product","type-product","status-publish","has-post-thumbnail","hentry","product_cat-equipamentos","product_cat-para-atendimento-em-clinica"],"_links":{"self":[{"href":"https:\/\/flexvet.ind.br\/pt_br\/wp-json\/wp\/v2\/product\/11326","targetHints":{"allow":["GET"]}}],"collection":[{"href":"https:\/\/flexvet.ind.br\/pt_br\/wp-json\/wp\/v2\/product"}],"about":[{"href":"https:\/\/flexvet.ind.br\/pt_br\/wp-json\/wp\/v2\/types\/product"}],"replies":[{"embeddable":true,"href":"https:\/\/flexvet.ind.br\/pt_br\/wp-json\/wp\/v2\/comments?post=11326"}],"version-history":[{"count":0,"href":"https:\/\/flexvet.ind.br\/pt_br\/wp-json\/wp\/v2\/product\/11326\/revisions"}],"wp:featuredmedia":[{"embeddable":true,"href":"https:\/\/flexvet.ind.br\/pt_br\/wp-json\/wp\/v2\/media\/11779"}],"wp:attachment":[{"href":"https:\/\/flexvet.ind.br\/pt_br\/wp-json\/wp\/v2\/media?parent=11326"}],"wp:term":[{"taxonomy":"product_cat","embeddable":true,"href":"https:\/\/flexvet.ind.br\/pt_br\/wp-json\/wp\/v2\/product_cat?post=11326"},{"taxonomy":"product_tag","embeddable":true,"href":"https:\/\/flexvet.ind.br\/pt_br\/wp-json\/wp\/v2\/product_tag?post=11326"}],"curies":[{"name":"wp","href":"https:\/\/api.w.org\/{rel}","templated":true}]}}