{"id":9207,"date":"2022-05-20T14:13:27","date_gmt":"2022-05-20T17:13:27","guid":{"rendered":"https:\/\/flexvet.ind.br\/produto\/contra-angulo-de-implante-redutor-fx-200-pb\/"},"modified":"2025-08-01T23:26:52","modified_gmt":"2025-08-02T02:26:52","slug":"contra-angulo-de-implante-redutor-fx-200-pb","status":"publish","type":"product","link":"https:\/\/flexvet.ind.br\/pt_br\/produto\/contra-angulo-de-implante-redutor-fx-200-pb\/","title":{"rendered":"Contra Angulo de Implante Redutor FX 200 \u2013 PB"},"content":{"rendered":"","protected":false},"excerpt":{"rendered":"<ul>\n<li>Engrenagens internas fabricadas em a\u00e7o inoxid\u00e1vel<\/li>\n<li>Cabe\u00e7a com 6 posi\u00e7\u00f5es diferentes de trabalho<\/li>\n<li>Perfura\u00e7\u00e3o e inser\u00e7\u00e3o de implantes<\/li>\n<li>Redu\u00e7\u00e3o 20:1<\/li>\n<li>45cm de torque com rota\u00e7\u00e3o m\u00e1xima de 20 RPM<\/li>\n<li>Baixo N\u00edvel de Ru\u00eddo<\/li>\n<li>Alta efici\u00eancia na redu\u00e7\u00e3o de velocidade<\/li>\n<\/ul>\n","protected":false},"featured_media":11276,"comment_status":"open","ping_status":"closed","template":"","meta":[],"product_cat":[132],"product_tag":[],"class_list":["post-9207","product","type-product","status-publish","has-post-thumbnail","hentry","product_cat-perifericos"],"_links":{"self":[{"href":"https:\/\/flexvet.ind.br\/pt_br\/wp-json\/wp\/v2\/product\/9207","targetHints":{"allow":["GET"]}}],"collection":[{"href":"https:\/\/flexvet.ind.br\/pt_br\/wp-json\/wp\/v2\/product"}],"about":[{"href":"https:\/\/flexvet.ind.br\/pt_br\/wp-json\/wp\/v2\/types\/product"}],"replies":[{"embeddable":true,"href":"https:\/\/flexvet.ind.br\/pt_br\/wp-json\/wp\/v2\/comments?post=9207"}],"version-history":[{"count":0,"href":"https:\/\/flexvet.ind.br\/pt_br\/wp-json\/wp\/v2\/product\/9207\/revisions"}],"wp:featuredmedia":[{"embeddable":true,"href":"https:\/\/flexvet.ind.br\/pt_br\/wp-json\/wp\/v2\/media\/11276"}],"wp:attachment":[{"href":"https:\/\/flexvet.ind.br\/pt_br\/wp-json\/wp\/v2\/media?parent=9207"}],"wp:term":[{"taxonomy":"product_cat","embeddable":true,"href":"https:\/\/flexvet.ind.br\/pt_br\/wp-json\/wp\/v2\/product_cat?post=9207"},{"taxonomy":"product_tag","embeddable":true,"href":"https:\/\/flexvet.ind.br\/pt_br\/wp-json\/wp\/v2\/product_tag?post=9207"}],"curies":[{"name":"wp","href":"https:\/\/api.w.org\/{rel}","templated":true}]}}