{"id":9216,"date":"2022-05-20T14:13:33","date_gmt":"2022-05-20T17:13:33","guid":{"rendered":"https:\/\/flexvet.ind.br\/produto\/camara-escura-s-iluminacao-gold-line\/"},"modified":"2025-01-02T11:48:11","modified_gmt":"2025-01-02T14:48:11","slug":"camara-escura-s-iluminacao-gold-line","status":"publish","type":"product","link":"https:\/\/flexvet.ind.br\/pt_br\/produto\/camara-escura-s-iluminacao-gold-line\/","title":{"rendered":"C\u00e2mara Escura s\/ Ilumina\u00e7\u00e3o Gold Line"},"content":{"rendered":"","protected":false},"excerpt":{"rendered":"<p><b>C\u00c2MARA ESCURA S\/ ILUMINA\u00c7\u00c3O GOLD LINE<\/b><\/p>\n<p>CARACTER\u00cdSTICAS<\/p>\n<ul>\n<li>Peso L\u00edquido: 800g;<\/li>\n<li>Peso Bruto: 1,130g;<\/li>\n<li>Dimens\u00f5es: 230mm (altura), 340mm (comprimento) e 230mm (largura);<\/li>\n<li>Garantia de 6 meses.<\/li>\n<\/ul>\n<p>APLICA\u00c7\u00c3O<\/p>\n<ul>\n<li>Utilizada em revela\u00e7\u00f5es de radiografias periapicais em consult\u00f3rios odontol\u00f3gicos.<\/li>\n<\/ul>\n","protected":false},"featured_media":11246,"comment_status":"open","ping_status":"closed","template":"","meta":[],"product_cat":[132],"product_tag":[],"class_list":["post-9216","product","type-product","status-publish","has-post-thumbnail","hentry","product_cat-perifericos"],"_links":{"self":[{"href":"https:\/\/flexvet.ind.br\/pt_br\/wp-json\/wp\/v2\/product\/9216","targetHints":{"allow":["GET"]}}],"collection":[{"href":"https:\/\/flexvet.ind.br\/pt_br\/wp-json\/wp\/v2\/product"}],"about":[{"href":"https:\/\/flexvet.ind.br\/pt_br\/wp-json\/wp\/v2\/types\/product"}],"replies":[{"embeddable":true,"href":"https:\/\/flexvet.ind.br\/pt_br\/wp-json\/wp\/v2\/comments?post=9216"}],"version-history":[{"count":0,"href":"https:\/\/flexvet.ind.br\/pt_br\/wp-json\/wp\/v2\/product\/9216\/revisions"}],"wp:featuredmedia":[{"embeddable":true,"href":"https:\/\/flexvet.ind.br\/pt_br\/wp-json\/wp\/v2\/media\/11246"}],"wp:attachment":[{"href":"https:\/\/flexvet.ind.br\/pt_br\/wp-json\/wp\/v2\/media?parent=9216"}],"wp:term":[{"taxonomy":"product_cat","embeddable":true,"href":"https:\/\/flexvet.ind.br\/pt_br\/wp-json\/wp\/v2\/product_cat?post=9216"},{"taxonomy":"product_tag","embeddable":true,"href":"https:\/\/flexvet.ind.br\/pt_br\/wp-json\/wp\/v2\/product_tag?post=9216"}],"curies":[{"name":"wp","href":"https:\/\/api.w.org\/{rel}","templated":true}]}}