{"id":9269,"date":"2022-05-20T14:15:40","date_gmt":"2022-05-20T17:15:40","guid":{"rendered":"https:\/\/flexvet.ind.br\/produto\/raio-x-ion-70x-digital-coluna-movel-plus\/"},"modified":"2025-08-05T20:06:01","modified_gmt":"2025-08-05T23:06:01","slug":"raio-x-coluna-movel","status":"publish","type":"product","link":"https:\/\/flexvet.ind.br\/pt_br\/produto\/raio-x-coluna-movel\/","title":{"rendered":"Raio X &#8211; Coluna M\u00f3vel"},"content":{"rendered":"<p>CARACTER\u00cdSTICAS:<\/p>\n<ul>\n<li>Movimenta\u00e7\u00e3o suave, precisa, est\u00e1vel e de f\u00e1cil manuseio<\/li>\n<li>Ideal para ser utilizado com os sistemas digitais de captura de raios X<\/li>\n<li>Exclusiva Tecnologia Green: 95% menos chumbo<\/li>\n<li>Material extremamente leve com alto grau de isola\u00e7\u00e3o da radia\u00e7\u00e3o<\/li>\n<li>Controle remoto digital, ergon\u00f4mico e com cabo remov\u00edvel de 5 metros<\/li>\n<li>Permite o controle de todas as fun\u00e7\u00f5es do aparelho<\/li>\n<li>21 intervalos de tempo de exposi\u00e7\u00e3o padronizados<\/li>\n<li>Permite exposi\u00e7\u00f5es centesimais a partir de 0,06 segundos<\/li>\n<li>Cabe\u00e7ote com rota\u00e7\u00e3o de 300\u00b0 e indica\u00e7\u00e3o na parte traseira e dianteira<\/li>\n<li>Sistema de articula\u00e7\u00e3o de f\u00e1cil posicionamento, com suavidade e precis\u00e3o nos movimentos<\/li>\n<li>Prote\u00e7\u00e3o t\u00e9rmica: evita o superaquecimento do cabe\u00e7ote aumentando a vida \u00fatil<\/li>\n<li>C\u00e2mara de compensa\u00e7\u00e3o no cabe\u00e7ote: mant\u00e9m a press\u00e3o interna est\u00e1vel<\/li>\n<li>Ponto focal com dimensionamento correto e feixe de radia\u00e7\u00e3o sem distor\u00e7\u00e3o<\/li>\n<li>Caixa de comando com suporte de fixa\u00e7\u00e3o do controle<\/li>\n<li>Bra\u00e7os em a\u00e7o, articul\u00e1veis na posi\u00e7\u00e3o vertical e horizontal<\/li>\n<li>Pintura na cor gelo, com tratamento anticorrosivo<\/li>\n<li>Cabo de alimenta\u00e7\u00e3o remov\u00edvel, de f\u00e1cil substitui\u00e7\u00e3o<\/li>\n<li>Produto com certificado INMETRO<\/li>\n<\/ul>\n<p>INFORMA\u00c7\u00d5ES T\u00c9CNICAS<\/p>\n<ul>\n<li>\n<div class=\"text\">MODELO: AXR Coluna M\u00f3vel.<\/div>\n<\/li>\n<li>\n<div class=\"text\">Classifica\u00e7\u00e3o do equipamento segundo a ANVISA: Classe III<\/div>\n<\/li>\n<li>\n<div class=\"text\">Prote\u00e7\u00e3o contra choque el\u00e9trico: Equipamento de Classe I &#8211; Parte Aplicada de Tipo B<\/div>\n<\/li>\n<li>\n<div class=\"text\">Grau de seguran\u00e7a de aplica\u00e7\u00e3o na presen\u00e7a: Equipamento n\u00e3o adequado de uma mistura anest\u00e9sica inflam\u00e1vel com o ar, oxig\u00eanio ou \u00f3xido nitroso<\/div>\n<\/li>\n<li>\n<div class=\"text\">Modo de opera\u00e7\u00e3o: Opera\u00e7\u00e3o cont\u00ednua com carga intermitente. T. ON: 1 segundo. T. OFF: X 30 segundos<\/div>\n<\/li>\n<li>\n<div class=\"text\">Prote\u00e7\u00e3o contra penetra\u00e7\u00e3o nociva de \u00e1gua ou material particulado: IPX0<\/div>\n<\/li>\n<li>\n<div class=\"text\">Gerador: Imerso em \u00f3leo<\/div>\n<\/li>\n<li>\n<div class=\"text\">Colimador: Cil\u00edndrico<\/div>\n<\/li>\n<li>\n<div class=\"text\">Tens\u00e3o da ampola: 70 Kv<\/div>\n<\/li>\n<li>\n<div class=\"text\">Corrente da Ampola: 7mA<\/div>\n<\/li>\n<li>\n<div class=\"text\">Faixa selecion\u00e1vel de tempo de irradia\u00e7\u00e3o: 0,06 a 3,2s<\/div>\n<\/li>\n<li>\n<div class=\"text\">Pot\u00eancia: 1330 VA<\/div>\n<\/li>\n<li>\n<div class=\"text\">Pot\u00eancia em stand by: 15VA<\/div>\n<\/li>\n<li>\n<div class=\"text\">N\u00ba de fases: Monof\u00e1sico \/ Bif\u00e1sico<\/div>\n<\/li>\n<li>\n<div class=\"text\">Tipo dos Fus\u00edveis: Vidro 20 mm<\/div>\n<\/li>\n<li>\n<div class=\"text\">Flutua\u00e7\u00e3o admiss\u00edvel: +\/-4%<\/div>\n<\/li>\n<li>\n<div class=\"text\">Ponto Focal do gerador: 0,7&#215;0,7<\/div>\n<\/li>\n<li>\n<div class=\"text\">Eixo de ref. em rela\u00e7\u00e3o anodo: 16\u00ba<\/div>\n<\/li>\n<li>\n<div class=\"text\">Filtra\u00e7\u00e3o eq.: &gt;2,61 mm Al eq. @70kVp<\/div>\n<\/li>\n<li>\n<div class=\"text\">Radia\u00e7\u00e3o de fuga: &lt;0,2 mGy\/h @70kV e 7,0<\/div>\n<\/li>\n<li>\n<div class=\"text\">LED indica que o equipamento est\u00e1 pronto para operar: Sim<\/div>\n<\/li>\n<li>\n<div class=\"text\">C\u00e1lculo de dose: Sim<\/div>\n<\/li>\n<\/ul>\n","protected":false},"excerpt":{"rendered":"<h2 class=\"title_primary\">Raios X AXR &#8211; Coluna M\u00f3vel<\/h2>\n<div class=\"text\">\n<p>O equipamento de raios X periapical da Saevo conta com a exclusiva Tecnologia Green, com 95% menos chumbo, e \u00e9 indicado para radiografias intraorais. Al\u00e9m dos diversos mecanismos para facilitar o uso e garantir a seguran\u00e7a do paciente e do cirurgi\u00e3o-dentista, ele tamb\u00e9m possui movimenta\u00e7\u00e3o suave, precisa e mais est\u00e1vel. O equipamento tem uma baixa emiss\u00e3o de radia\u00e7\u00f5es desnecess\u00e1rias.<\/p>\n<\/div>\n","protected":false},"featured_media":11233,"comment_status":"open","ping_status":"closed","template":"","meta":[],"product_cat":[132],"product_tag":[],"class_list":["post-9269","product","type-product","status-publish","has-post-thumbnail","hentry","product_cat-perifericos"],"_links":{"self":[{"href":"https:\/\/flexvet.ind.br\/pt_br\/wp-json\/wp\/v2\/product\/9269","targetHints":{"allow":["GET"]}}],"collection":[{"href":"https:\/\/flexvet.ind.br\/pt_br\/wp-json\/wp\/v2\/product"}],"about":[{"href":"https:\/\/flexvet.ind.br\/pt_br\/wp-json\/wp\/v2\/types\/product"}],"replies":[{"embeddable":true,"href":"https:\/\/flexvet.ind.br\/pt_br\/wp-json\/wp\/v2\/comments?post=9269"}],"version-history":[{"count":0,"href":"https:\/\/flexvet.ind.br\/pt_br\/wp-json\/wp\/v2\/product\/9269\/revisions"}],"wp:featuredmedia":[{"embeddable":true,"href":"https:\/\/flexvet.ind.br\/pt_br\/wp-json\/wp\/v2\/media\/11233"}],"wp:attachment":[{"href":"https:\/\/flexvet.ind.br\/pt_br\/wp-json\/wp\/v2\/media?parent=9269"}],"wp:term":[{"taxonomy":"product_cat","embeddable":true,"href":"https:\/\/flexvet.ind.br\/pt_br\/wp-json\/wp\/v2\/product_cat?post=9269"},{"taxonomy":"product_tag","embeddable":true,"href":"https:\/\/flexvet.ind.br\/pt_br\/wp-json\/wp\/v2\/product_tag?post=9269"}],"curies":[{"name":"wp","href":"https:\/\/api.w.org\/{rel}","templated":true}]}}