{"id":9290,"date":"2022-05-20T14:16:40","date_gmt":"2022-05-20T17:16:40","guid":{"rendered":"https:\/\/flexvet.ind.br\/produto\/eagle-digital-sensor-tamanho-2\/"},"modified":"2025-08-05T19:56:23","modified_gmt":"2025-08-05T22:56:23","slug":"eagle-digital-sensor-tamanho-2","status":"publish","type":"product","link":"https:\/\/flexvet.ind.br\/pt_br\/produto\/eagle-digital-sensor-tamanho-2\/","title":{"rendered":"Eagle Digital Sensor \u2013 Tamanho 2"},"content":{"rendered":"<p><b>EAGLE DIGITAL SENSOR \u2013 TAMANHO 2<\/b><\/p>\n<p>CARACTER\u00cdSTICAS:<\/p>\n<ul>\n<li>\u00c1rea ativa \u2013 26 x 36,5 mm<\/li>\n<li>\u00c1rea externa: 30x43mm<\/li>\n<li>Mais fino: apenas 5,0mm de espessura<\/li>\n<li>sensor com acabamento interno em silicone; bordas com cantos chanfrados para maior conforto do paciente<\/li>\n<li>Cabo com tr\u00eas metro de comprimento *<\/li>\n<li>Cabo de f\u00e1cil reposi\u00e7\u00e3o<\/li>\n<li>Capture imagens de alta defini\u00e7\u00e3o em tempo real. Com 25 pares de linha (te\u00f3rico) e avan\u00e7ados recursos de processamento de imagem, voc\u00ea tem a disposi\u00e7\u00e3o imagens n\u00edtidas para o melhor diagn\u00f3stico.<\/li>\n<li>Cadastre seus pacientes, capture imagens instantaneamente, laude e organize todas as imagens em segundos.<\/li>\n<li>Amplo range de ferramentas para edi\u00e7\u00e3o como: rota\u00e7\u00e3o, zoom, ajuste de brilho, contraste e gama, positivo\/negativo, ajuste de cor, auto-relevo, inser\u00e7\u00e3o de texto, setas, c\u00edrculos, sele\u00e7\u00e3o e recorte de \u00e1reas, medi\u00e7\u00e3o de \u00e2ngulos e segmentos, barra para laudos\/diagn\u00f3stico, odontograma e compara\u00e7\u00e3o de imagens em tela cheia.<\/li>\n<li>Acompanha caixa para transporte<\/li>\n<li>Importe imagens de outros exames (panor\u00e2micas) e fotos de seus pacientes<\/li>\n<li>Exporte no sistema DICOM<\/li>\n<li>F\u00e1cil envio das imagens atrav\u00e9s de e-mail<\/li>\n<li>Teste de calibra\u00e7\u00e3o do monitor para uma melhor visualiza\u00e7\u00e3o das imagens<\/li>\n<li>Plug and play: software de f\u00e1cil instala\u00e7\u00e3o<\/li>\n<li>Sensor tipo CMOS<\/li>\n<li>N\u00famero de Pixels: 1000 x 1500<\/li>\n<li>N\u00edvel de cinza: 12 bits<\/li>\n<li>Resolu\u00e7\u00e3o: 25 pares de linha por mil\u00edmetro<\/li>\n<li>Anvisa 10101139029<\/li>\n<\/ul>\n<p>OBS: N\u00e3o acompanha o kit de posicionador.<br \/>\n* Com varia\u00e7\u00e3o de at\u00e9 0,5m<\/p>\n<p>INFORMA\u00c7\u00d5ES T\u00c9CNICAS<\/p>\n<ul>\n<li>\n<div class=\"text\">CARACTER\u00cdSTICAS DO COMPUTADOR: Compat\u00edvel com Windows 10 Pro x64 e Windows 11<\/div>\n<\/li>\n<li>\n<div class=\"text\">Comprimento do Cabo: 3 +\/- 0,5 metros<\/div>\n<\/li>\n<li>\n<div class=\"text\">Conex\u00e3o: USB 2.0<\/div>\n<\/li>\n<li>\n<div class=\"text\">HD: 500GB ou superior<\/div>\n<\/li>\n<li>\n<div class=\"text\">Mem\u00f3ria RAM: 4GB<\/div>\n<\/li>\n<li>\n<div class=\"text\">Monitor: 1920 x 1080 &#8211; Full HD<\/div>\n<\/li>\n<li>\n<div class=\"text\">Processador: Intel Core i5 3.0 GHz ou superior<\/div>\n<\/li>\n<\/ul>\n<p>CARACTER\u00cdSTICAS DO SENSOR<\/p>\n<ul>\n<li>\n<div class=\"text\">Resolu\u00e7\u00e3o: 25 pares de linha por mil\u00edmetro<\/div>\n<\/li>\n<li>\n<div class=\"text\">Espessura: 5mm<\/div>\n<\/li>\n<li>\n<div class=\"text\">Tipo do Sensor: CMOS<\/div>\n<\/li>\n<li>\n<div class=\"text\">Cintilador: CsI &#8211; Iodeto de C\u00e8sio<\/div>\n<\/li>\n<\/ul>\n","protected":false},"excerpt":{"rendered":"<h2 class=\"title_primary\">Eagle S \u2013 Tamanho 2<\/h2>\n<section class=\"product top_spacing\">\n<div class=\"content_product\">\n<div class=\"text\">\n<p>Tecnologia de ponta e maior conforto para seu paciente. Tudo para trazer suas pr\u00e1ticas ao mundo digital<\/p>\n<\/div>\n<\/div>\n<\/section>\n<div class=\"text\">\n<p>O sensor digital Eagle S\u00a0 T2 \u00e9 um equipamento que substitui os filmes radiogr\u00e1ficos e gera imagens instant\u00e2neas, mais n\u00edtidas e de alta defini\u00e7\u00e3o.<\/p>\n<p>Al\u00e9m de fino, pequeno e confort\u00e1vel para o paciente, ele tamb\u00e9m permite que o cirurgi\u00e3o-dentista economize tempo e dinheiro no seu dia a dia, gerando diagn\u00f3sticos completos e precisos em quest\u00e3o de segundos.<\/p>\n<p>O software do Eagle S T2 conta com licen\u00e7as ilimitadas do software, diversas ferramentas de edi\u00e7\u00e3o e possibilidade de compartilhamento de laudos.<\/p>\n<\/div>\n","protected":false},"featured_media":11198,"comment_status":"open","ping_status":"closed","template":"","meta":[],"product_cat":[132],"product_tag":[],"class_list":["post-9290","product","type-product","status-publish","has-post-thumbnail","hentry","product_cat-perifericos"],"_links":{"self":[{"href":"https:\/\/flexvet.ind.br\/pt_br\/wp-json\/wp\/v2\/product\/9290","targetHints":{"allow":["GET"]}}],"collection":[{"href":"https:\/\/flexvet.ind.br\/pt_br\/wp-json\/wp\/v2\/product"}],"about":[{"href":"https:\/\/flexvet.ind.br\/pt_br\/wp-json\/wp\/v2\/types\/product"}],"replies":[{"embeddable":true,"href":"https:\/\/flexvet.ind.br\/pt_br\/wp-json\/wp\/v2\/comments?post=9290"}],"version-history":[{"count":0,"href":"https:\/\/flexvet.ind.br\/pt_br\/wp-json\/wp\/v2\/product\/9290\/revisions"}],"wp:featuredmedia":[{"embeddable":true,"href":"https:\/\/flexvet.ind.br\/pt_br\/wp-json\/wp\/v2\/media\/11198"}],"wp:attachment":[{"href":"https:\/\/flexvet.ind.br\/pt_br\/wp-json\/wp\/v2\/media?parent=9290"}],"wp:term":[{"taxonomy":"product_cat","embeddable":true,"href":"https:\/\/flexvet.ind.br\/pt_br\/wp-json\/wp\/v2\/product_cat?post=9290"},{"taxonomy":"product_tag","embeddable":true,"href":"https:\/\/flexvet.ind.br\/pt_br\/wp-json\/wp\/v2\/product_tag?post=9290"}],"curies":[{"name":"wp","href":"https:\/\/api.w.org\/{rel}","templated":true}]}}