{"id":9332,"date":"2022-05-20T14:17:36","date_gmt":"2022-05-20T17:17:36","guid":{"rendered":"https:\/\/flexvet.ind.br\/produto\/case-flexvet-black\/"},"modified":"2025-08-05T20:14:06","modified_gmt":"2025-08-05T23:14:06","slug":"case-flexvet-black","status":"publish","type":"product","link":"https:\/\/flexvet.ind.br\/pt_br\/produto\/case-flexvet-black\/","title":{"rendered":"Case Flexvet (Black)"},"content":{"rendered":"<p><strong>MEDIDAS EXTERNAS CASE:<\/strong><\/p>\n<ul>\n<li>52 cm\/comprimento<\/li>\n<li>37 cm\/largura<\/li>\n<li>50 cm\/altura<\/li>\n<\/ul>\n","protected":false},"excerpt":{"rendered":"<ul>\n<li>Fabricado em processo de rotomoldagem com pl\u00e1stico resistente de alta qualidade e de f\u00e1cil higieniza\u00e7\u00e3o.<\/li>\n<li>Al\u00e7a para transporte em poliamida, contendo fivela em a\u00e7o inox com regulagem. A mesma tamb\u00e9m serve como trava de seguran\u00e7a para o equipamento.<\/li>\n<li>4 rod\u00edzios girat\u00f3rios com rodas em silicone gel.<\/li>\n<\/ul>\n","protected":false},"featured_media":9987,"comment_status":"open","ping_status":"closed","template":"","meta":[],"product_cat":[21,166],"product_tag":[],"class_list":["post-9332","product","type-product","status-publish","has-post-thumbnail","hentry","product_cat-equipamentos","product_cat-para-o-seu-miniflex"],"_links":{"self":[{"href":"https:\/\/flexvet.ind.br\/pt_br\/wp-json\/wp\/v2\/product\/9332","targetHints":{"allow":["GET"]}}],"collection":[{"href":"https:\/\/flexvet.ind.br\/pt_br\/wp-json\/wp\/v2\/product"}],"about":[{"href":"https:\/\/flexvet.ind.br\/pt_br\/wp-json\/wp\/v2\/types\/product"}],"replies":[{"embeddable":true,"href":"https:\/\/flexvet.ind.br\/pt_br\/wp-json\/wp\/v2\/comments?post=9332"}],"version-history":[{"count":0,"href":"https:\/\/flexvet.ind.br\/pt_br\/wp-json\/wp\/v2\/product\/9332\/revisions"}],"wp:featuredmedia":[{"embeddable":true,"href":"https:\/\/flexvet.ind.br\/pt_br\/wp-json\/wp\/v2\/media\/9987"}],"wp:attachment":[{"href":"https:\/\/flexvet.ind.br\/pt_br\/wp-json\/wp\/v2\/media?parent=9332"}],"wp:term":[{"taxonomy":"product_cat","embeddable":true,"href":"https:\/\/flexvet.ind.br\/pt_br\/wp-json\/wp\/v2\/product_cat?post=9332"},{"taxonomy":"product_tag","embeddable":true,"href":"https:\/\/flexvet.ind.br\/pt_br\/wp-json\/wp\/v2\/product_tag?post=9332"}],"curies":[{"name":"wp","href":"https:\/\/api.w.org\/{rel}","templated":true}]}}