{"id":9349,"date":"2022-05-20T14:18:19","date_gmt":"2022-05-20T17:18:19","guid":{"rendered":"https:\/\/flexvet.ind.br\/produto\/flexvet-miniflex-horse\/"},"modified":"2025-08-05T20:22:24","modified_gmt":"2025-08-05T23:22:24","slug":"flexvet-miniflex-horse","status":"publish","type":"product","link":"https:\/\/flexvet.ind.br\/pt_br\/produto\/flexvet-miniflex-horse\/","title":{"rendered":"FLEXVET &#8211; Miniflex Horse"},"content":{"rendered":"<p><b>MINIFLEX HORSE<\/b><\/p>\n<p>EQUIPO DE 4 PONTAS<\/p>\n<ul>\n<li style=\"font-weight: 400;\" aria-level=\"1\">2 Terminais de alta rota\u00e7\u00e3o refrigerado (com alongador 15 cm);<\/li>\n<li style=\"font-weight: 400;\" aria-level=\"1\">Terminal de baixa rota\u00e7\u00e3o (com alongador 15 cm);<\/li>\n<li style=\"font-weight: 400;\" aria-level=\"1\">Seringa tr\u00edplice (com alongador 15 cm);<\/li>\n<li style=\"font-weight: 400;\" aria-level=\"1\">Reservat\u00f3rio de \u00e1gua 1.000 ml.<\/li>\n<li style=\"font-weight: 400;\" aria-level=\"1\">Pedal el\u00e9trico para acionamento das pontas.<\/li>\n<li style=\"font-weight: 400;\" aria-level=\"1\">Compressor silencioso isento de \u00f3leo.<\/li>\n<li style=\"font-weight: 400;\" aria-level=\"1\">N\u00edvel de ru\u00eddo 52(db(a)1m).<\/li>\n<li style=\"font-weight: 400;\" aria-level=\"1\">Negatosc\u00f3pio led no equipo.<\/li>\n<\/ul>\n<p>COMPRESSOR<\/p>\n<ul>\n<li>Pot\u00eancia de 1HP<\/li>\n<li>Press\u00e3o m\u00e1xima de 8,3 Bar \u2013 120 PSI.<\/li>\n<li>Rota\u00e7\u00f5es 1680 RPM. N\u00edvel de ru\u00eddo 52 (db(a)-1M).<\/li>\n<li>Tens\u00e3o Bi-volt com chave seletora (110\/220).<\/li>\n<\/ul>\n<div>\n<p><em>LEMBRANDO!\u00a0 AS PE\u00c7AS DE M\u00c3O, S\u00c3O VENDIDAS SEPARADAMENTE<\/em>.<\/p>\n<\/div>\n","protected":false},"excerpt":{"rendered":"<h3>J\u00e1 pensou que seu Miniflex pudesse ficar ainda melhor?<\/h3>\n<p>Ele ficou! Com suas pontas alongadas agora voc\u00ea pode fazer cirurgias muito mais precisas em animais maiores sem perder tudo de bom que o Miniflex j\u00e1 tinha.<\/p>\n","protected":false},"featured_media":11701,"comment_status":"open","ping_status":"closed","template":"","meta":[],"product_cat":[21,165],"product_tag":[],"class_list":["post-9349","product","type-product","status-publish","has-post-thumbnail","hentry","product_cat-equipamentos","product_cat-para-atendimento-volante"],"_links":{"self":[{"href":"https:\/\/flexvet.ind.br\/pt_br\/wp-json\/wp\/v2\/product\/9349","targetHints":{"allow":["GET"]}}],"collection":[{"href":"https:\/\/flexvet.ind.br\/pt_br\/wp-json\/wp\/v2\/product"}],"about":[{"href":"https:\/\/flexvet.ind.br\/pt_br\/wp-json\/wp\/v2\/types\/product"}],"replies":[{"embeddable":true,"href":"https:\/\/flexvet.ind.br\/pt_br\/wp-json\/wp\/v2\/comments?post=9349"}],"version-history":[{"count":0,"href":"https:\/\/flexvet.ind.br\/pt_br\/wp-json\/wp\/v2\/product\/9349\/revisions"}],"wp:featuredmedia":[{"embeddable":true,"href":"https:\/\/flexvet.ind.br\/pt_br\/wp-json\/wp\/v2\/media\/11701"}],"wp:attachment":[{"href":"https:\/\/flexvet.ind.br\/pt_br\/wp-json\/wp\/v2\/media?parent=9349"}],"wp:term":[{"taxonomy":"product_cat","embeddable":true,"href":"https:\/\/flexvet.ind.br\/pt_br\/wp-json\/wp\/v2\/product_cat?post=9349"},{"taxonomy":"product_tag","embeddable":true,"href":"https:\/\/flexvet.ind.br\/pt_br\/wp-json\/wp\/v2\/product_tag?post=9349"}],"curies":[{"name":"wp","href":"https:\/\/api.w.org\/{rel}","templated":true}]}}