{"id":9373,"date":"2022-05-20T10:50:25","date_gmt":"2022-05-20T13:50:25","guid":{"rendered":"https:\/\/flexvet.ind.br\/produto\/flexvet-autoclave-18-litros\/"},"modified":"2025-08-05T20:15:41","modified_gmt":"2025-08-05T23:15:41","slug":"flexvet-autoclave-18-litros","status":"publish","type":"product","link":"https:\/\/flexvet.ind.br\/pt_br\/produto\/flexvet-autoclave-18-litros\/","title":{"rendered":"Flexvet Autoclave 18 Litros"},"content":{"rendered":"<h3 class=\"color-primary\">Especifica\u00e7\u00f5es:<\/h3>\n<ul>\n<li>Capacidade: 18 litros<\/li>\n<li>Dimens\u00f5es da cuba: \u00d8248 x 380mm<\/li>\n<li>Modo de opera\u00e7\u00e3o: Cont\u00ednuo<\/li>\n<li>Press\u00e3o m\u00e1xima de opera\u00e7\u00e3o: 2,25 Bar<\/li>\n<li>V\u00e1lvula de seguran\u00e7a: 2,5 Bar<\/li>\n<li>Temperatura de esteriliza\u00e7\u00e3o: 121\u00b0C ou 134\u00b0C<\/li>\n<li>Temperatura da \u00e1gua drenada: 100\u00b0C<\/li>\n<li>Altitude m\u00e1xima de opera\u00e7\u00e3o: 3500 metros<\/li>\n<li>Registro de ciclo: Micro SD<\/li>\n<li>Tens\u00e3o de alimenta\u00e7\u00e3o: Bivolt (127V \/ 220V)<\/li>\n<li>Corrente: 10,2A (127V) \/ 5,9A (220V)<\/li>\n<li>Fus\u00edvel: 12A<\/li>\n<li>Frequ\u00eancia: 50\/60Hz<\/li>\n<li>Pot\u00eancia m\u00e1xima: 1300W<\/li>\n<li>Prote\u00e7\u00e3o contra choque: Classe I<\/li>\n<li>Temperatura ambiente: 15\u00b0C a 40\u00b0C<\/li>\n<li>Consumo de \u00e1gua: 250 ml<\/li>\n<li>Classe de flu\u00eddo: C (vapor de \u00e1gua)<\/li>\n<li>Grupo potencial de risco: 5 (PxV &lt; 1)<\/li>\n<li>Categoria do vaso: V<\/li>\n<li>Classe: S<\/li>\n<\/ul>\n<h3 class=\"color-primary\">Caracter\u00edsticas:<\/h3>\n<ul>\n<li>6 ciclos de esteriliza\u00e7\u00e3o pr\u00e9-programados;<\/li>\n<li>Registro eletr\u00f4nico de ciclo em cart\u00e3o Micro SD;<\/li>\n<li>Funcionamento sem necessidade de ajuste de altitude;<\/li>\n<li>Sistema inovador de retirada de ar frio da c\u00e2mara;<\/li>\n<li>3 bandejas em alum\u00ednio anodizado;<\/li>\n<li>Porta e c\u00e2mara em a\u00e7o inox 304;<\/li>\n<li>2 anos de Garantia de f\u00e1brica e 10 anos na c\u00e2mara;<\/li>\n<li>Equipamento desenvolvido e produzido no Brasil.<\/li>\n<\/ul>\n<div class=\"product-resume\">Classe S<\/div>\n<div class=\"product-content\">\n<p>Desenvolvidas para a esteriliza\u00e7\u00e3o de artigos e instrumentos embalados e desembalados utilizando vapor saturado sob press\u00e3o, possui secagem eficiente com porta fechada.<\/p>\n<p>ANVISA N.\u00b0 81986290002<br \/>\nPatente Requerida<\/p>\n<\/div>\n<div style=\"width: 640px;\" class=\"wp-video\"><video class=\"wp-video-shortcode\" id=\"video-9373-1\" width=\"640\" height=\"360\" preload=\"metadata\" controls=\"controls\"><source type=\"video\/mp4\" src=\"https:\/\/flexvet.com.br\/loja\/wp-content\/uploads\/2022\/01\/autoclave.mp4?_=1\" \/><a href=\"https:\/\/flexvet.com.br\/loja\/wp-content\/uploads\/2022\/01\/autoclave.mp4\">https:\/\/flexvet.com.br\/loja\/wp-content\/uploads\/2022\/01\/autoclave.mp4<\/a><\/video><\/div>\n","protected":false},"excerpt":{"rendered":"<h3 class=\"color-primary\"><\/h3>\n<h3 class=\"color-primary\">Especifica\u00e7\u00f5es:<\/h3>\n<ul>\n<li>Capacidade: 18 litros<\/li>\n<li>Dimens\u00f5es da cuba: \u00d8248 x 380mm<\/li>\n<li>Modo de opera\u00e7\u00e3o: Cont\u00ednuo<\/li>\n<li>Press\u00e3o m\u00e1xima de opera\u00e7\u00e3o: 2,25 Bar<\/li>\n<li>V\u00e1lvula de seguran\u00e7a: 2,5 Bar<\/li>\n<li>Temperatura de esteriliza\u00e7\u00e3o: 121\u00b0C ou 134\u00b0C<\/li>\n<li>Temperatura da \u00e1gua drenada: 100\u00b0C<\/li>\n<li>Altitude m\u00e1xima de opera\u00e7\u00e3o: 3500 metros<\/li>\n<li>Registro de ciclo: Micro SD<\/li>\n<li>Tens\u00e3o de alimenta\u00e7\u00e3o: Bivolt (127V \/ 220V)<\/li>\n<li>Corrente: 10,2A (127V) \/ 5,9A (220V)<\/li>\n<li>Fus\u00edvel: 12A<\/li>\n<li>Frequ\u00eancia: 50\/60Hz<\/li>\n<li>Pot\u00eancia m\u00e1xima: 1300W<\/li>\n<li>Prote\u00e7\u00e3o contra choque: Classe I<\/li>\n<li>Temperatura ambiente: 15\u00b0C a 40\u00b0C<\/li>\n<li>Consumo de \u00e1gua: 250 ml<\/li>\n<li>Classe de flu\u00eddo: C (vapor de \u00e1gua)<\/li>\n<li>Grupo potencial de risco: 5 (PxV &lt; 1)<\/li>\n<li>Categoria do vaso: V<\/li>\n<li>Classe: S<\/li>\n<\/ul>\n","protected":false},"featured_media":10507,"comment_status":"open","ping_status":"closed","template":"","meta":[],"product_cat":[168,21],"product_tag":[],"class_list":["post-9373","product","type-product","status-publish","has-post-thumbnail","hentry","product_cat-autoclaves","product_cat-equipamentos"],"_links":{"self":[{"href":"https:\/\/flexvet.ind.br\/pt_br\/wp-json\/wp\/v2\/product\/9373","targetHints":{"allow":["GET"]}}],"collection":[{"href":"https:\/\/flexvet.ind.br\/pt_br\/wp-json\/wp\/v2\/product"}],"about":[{"href":"https:\/\/flexvet.ind.br\/pt_br\/wp-json\/wp\/v2\/types\/product"}],"replies":[{"embeddable":true,"href":"https:\/\/flexvet.ind.br\/pt_br\/wp-json\/wp\/v2\/comments?post=9373"}],"version-history":[{"count":0,"href":"https:\/\/flexvet.ind.br\/pt_br\/wp-json\/wp\/v2\/product\/9373\/revisions"}],"wp:featuredmedia":[{"embeddable":true,"href":"https:\/\/flexvet.ind.br\/pt_br\/wp-json\/wp\/v2\/media\/10507"}],"wp:attachment":[{"href":"https:\/\/flexvet.ind.br\/pt_br\/wp-json\/wp\/v2\/media?parent=9373"}],"wp:term":[{"taxonomy":"product_cat","embeddable":true,"href":"https:\/\/flexvet.ind.br\/pt_br\/wp-json\/wp\/v2\/product_cat?post=9373"},{"taxonomy":"product_tag","embeddable":true,"href":"https:\/\/flexvet.ind.br\/pt_br\/wp-json\/wp\/v2\/product_tag?post=9373"}],"curies":[{"name":"wp","href":"https:\/\/api.w.org\/{rel}","templated":true}]}}